{"id":76913,"date":"2025-07-14T14:58:16","date_gmt":"2025-07-14T11:58:16","guid":{"rendered":"https:\/\/demo8.ecube.lv\/sezona.lv\/products\/trisis-dmm-pinto-rig\/"},"modified":"2025-07-14T14:58:16","modified_gmt":"2025-07-14T11:58:16","slug":"trisis-dmm-pinto-rig","status":"publish","type":"product","link":"https:\/\/sezona.lv\/en\/products\/trisis-dmm-pinto-rig\/","title":{"rendered":"Tr\u012bsis DMM Pinto Rig"},"content":{"rendered":"<p align=\"justify\"><span style=\"font-size: x-small\">Pinto RIG ir \u013coti iztur\u012bgs, audumu sarg\u0101jo&scaron;s un ar \u013coti augstu efektivit\u0101ti (pateicoties gult\u0146u tehnolo\u0123ijai) tr\u012bsis, pamat\u0101 paredz\u0113ts darbam ar kokiem, arboristiem, k\u0101 ar\u012b gl\u0101b&scaron;anas un specializ\u0113tiem darbiem ar virv\u0113m.<\/span><\/p>\n<div><\/div>\n<p align=\"justify\"><span style=\"font-size: x-small\">Paredz\u0113ts darbam ar virv\u0113m l\u012bdz 16mm diametr\u0101.<\/span><\/p>\n<div><\/div>\n<p align=\"justify\"><span style=\"font-size: x-small\">Specifik\u0101cija:<\/span><\/p>\n<table class=\"tech_info_table\" style=\"height: 48px\" border=\"0\" width=\"544\">\n<tbody>\n<tr>\n<th>&nbsp;<\/th>\n<th>Iztur\u012bba<\/th>\n<th>Darba slodze<\/th>\n<th>Virves diam.<\/th>\n<th>Izm\u0113rs<\/th>\n<th>Svars<\/th>\n<\/tr>\n<tr>\n<td>Pinto Rig Pulley<\/td>\n<td>50kN<\/td>\n<td>10kN<\/td>\n<td>max 16mm<\/td>\n<td>96 x 45 x 38mm<\/td>\n<td>159g<\/td>\n<\/tr>\n<\/tbody>\n<\/table>\n<p><span style=\"font-size: x-small\">Sertifik\u0101cija: N12278:2007 (Tr\u012b&scaron;i), EN795(B):2012 (Stiprin\u0101juma punkti) and NFPA 1983 (2012 Edition) G Rating<\/span><\/p>\n","protected":false},"excerpt":{"rendered":"<p>Pinto RIG ir \u013coti iztur\u012bgs, audumu sarg\u0101jo&scaron;s un ar \u013coti augstu efektivit\u0101ti (pateicoties gult\u0146u tehnolo\u0123ijai) tr\u012bsis, pamat\u0101 paredz\u0113ts darbam ar kokiem, arboristiem, k\u0101 ar\u012b gl\u0101b&scaron;anas un specializ\u0113tiem darbiem ar virv\u0113m. Paredz\u0113ts darbam ar virv\u0113m l\u012bdz 16mm diametr\u0101. Specifik\u0101cija: &nbsp; Iztur\u012bba Darba slodze Virves diam. Izm\u0113rs Svars Pinto Rig Pulley 50kN 10kN max 16mm 96 x [&hellip;]<\/p>\n","protected":false},"featured_media":0,"template":"","meta":[],"product_brand":[965],"product_cat":[4851,4875,4878],"product_tag":[],"class_list":{"0":"post-76913","1":"product","2":"type-product","3":"status-publish","5":"product_brand-dmm","6":"product_cat-mountaineering-equipment-recreation","7":"product_cat-for-work-at-height-mountaineering-equipment-recreation","8":"product_cat-pulleys-en-dupcheck-169-for-work-at-height-mountaineering-equipment-recreation","10":"first","11":"instock","12":"shipping-taxable","13":"purchasable","14":"product-type-simple"},"_links":{"self":[{"href":"https:\/\/sezona.lv\/en\/wp-json\/wp\/v2\/product\/76913","targetHints":{"allow":["GET"]}}],"collection":[{"href":"https:\/\/sezona.lv\/en\/wp-json\/wp\/v2\/product"}],"about":[{"href":"https:\/\/sezona.lv\/en\/wp-json\/wp\/v2\/types\/product"}],"wp:attachment":[{"href":"https:\/\/sezona.lv\/en\/wp-json\/wp\/v2\/media?parent=76913"}],"wp:term":[{"taxonomy":"product_brand","embeddable":true,"href":"https:\/\/sezona.lv\/en\/wp-json\/wp\/v2\/product_brand?post=76913"},{"taxonomy":"product_cat","embeddable":true,"href":"https:\/\/sezona.lv\/en\/wp-json\/wp\/v2\/product_cat?post=76913"},{"taxonomy":"product_tag","embeddable":true,"href":"https:\/\/sezona.lv\/en\/wp-json\/wp\/v2\/product_tag?post=76913"}],"curies":[{"name":"wp","href":"https:\/\/api.w.org\/{rel}","templated":true}]}}