{"id":76915,"date":"2025-07-14T14:58:18","date_gmt":"2025-07-14T11:58:18","guid":{"rendered":"https:\/\/demo8.ecube.lv\/sezona.lv\/products\/trisa-distanceris-dmm-pinto-rig-spacer\/"},"modified":"2025-07-14T14:58:18","modified_gmt":"2025-07-14T11:58:18","slug":"trisa-distanceris-dmm-pinto-rig-spacer","status":"publish","type":"product","link":"https:\/\/sezona.lv\/en\/products\/trisa-distanceris-dmm-pinto-rig-spacer\/","title":{"rendered":"Tr\u012b\u0161a distanceris DMM Pinto RIG Spacer"},"content":{"rendered":"<p align=\"justify\"><span style=\"font-size: x-small\">Pinto RIG Spacer ir starpposms starp Pinto RIG tr\u012b&scaron;a mal\u0101m, ko lieto gad\u012bjumos, ja tr\u012bsis tiek nostiprin\u0101ts (pozicion\u0113ts) ar virvi vai cilpu\/lentu nevis karab\u012bni. RIG Spacer nodro&scaron;ina malu nesavilk&scaron;anos pie slodzes.<\/span><\/p>\n<div><\/div>\n<p align=\"justify\"><span style=\"font-size: x-small\"><strong>Specifik\u0101cija:<\/strong><br \/>Stiprin\u0101juma cauruma diametrs: 15mm<\/span><\/p>\n","protected":false},"excerpt":{"rendered":"<p>Pinto RIG Spacer ir starpposms starp Pinto RIG tr\u012b&scaron;a mal\u0101m, ko lieto gad\u012bjumos, ja tr\u012bsis tiek nostiprin\u0101ts (pozicion\u0113ts) ar virvi vai cilpu\/lentu nevis karab\u012bni. RIG Spacer nodro&scaron;ina malu nesavilk&scaron;anos pie slodzes. Specifik\u0101cija:Stiprin\u0101juma cauruma diametrs: 15mm<\/p>\n","protected":false},"featured_media":0,"template":"","meta":[],"product_brand":[965],"product_cat":[4851,4875,4878],"product_tag":[],"class_list":{"0":"post-76915","1":"product","2":"type-product","3":"status-publish","5":"product_brand-dmm","6":"product_cat-mountaineering-equipment-recreation","7":"product_cat-for-work-at-height-mountaineering-equipment-recreation","8":"product_cat-pulleys-en-dupcheck-169-for-work-at-height-mountaineering-equipment-recreation","10":"first","11":"instock","12":"shipping-taxable","13":"purchasable","14":"product-type-simple"},"_links":{"self":[{"href":"https:\/\/sezona.lv\/en\/wp-json\/wp\/v2\/product\/76915","targetHints":{"allow":["GET"]}}],"collection":[{"href":"https:\/\/sezona.lv\/en\/wp-json\/wp\/v2\/product"}],"about":[{"href":"https:\/\/sezona.lv\/en\/wp-json\/wp\/v2\/types\/product"}],"wp:attachment":[{"href":"https:\/\/sezona.lv\/en\/wp-json\/wp\/v2\/media?parent=76915"}],"wp:term":[{"taxonomy":"product_brand","embeddable":true,"href":"https:\/\/sezona.lv\/en\/wp-json\/wp\/v2\/product_brand?post=76915"},{"taxonomy":"product_cat","embeddable":true,"href":"https:\/\/sezona.lv\/en\/wp-json\/wp\/v2\/product_cat?post=76915"},{"taxonomy":"product_tag","embeddable":true,"href":"https:\/\/sezona.lv\/en\/wp-json\/wp\/v2\/product_tag?post=76915"}],"curies":[{"name":"wp","href":"https:\/\/api.w.org\/{rel}","templated":true}]}}