{"id":76918,"date":"2025-07-14T14:58:20","date_gmt":"2025-07-14T11:58:20","guid":{"rendered":"https:\/\/demo8.ecube.lv\/sezona.lv\/products\/pozicionesanas-ierice-climbing-technology-finch-5m\/"},"modified":"2025-07-14T14:58:20","modified_gmt":"2025-07-14T11:58:20","slug":"pozicionesanas-ierice-climbing-technology-finch-5m","status":"publish","type":"product","link":"https:\/\/sezona.lv\/en\/products\/pozicionesanas-ierice-climbing-technology-finch-5m\/","title":{"rendered":"Pozicion\u0113\u0161anas ier\u012bce Climbing Technology Finch 5m"},"content":{"rendered":"<p><span style=\"font-size: x-small\">Regul\u0113jama garuma darba pozicion\u0113&scaron;anas ier\u012bce. Finch ir \u0113rti lietot ar vienu roku. Ier\u012bce ir \u013coti kompakta un viegla. Ier\u012bce n\u0101k komplekt\u0101 ar Pillar SG skr\u016bv\u0113jamu karab\u012bni. Ier\u012bci var lietot da\u017e\u0101di gan izmantojot k\u0101 pozicionieri stiprinot to pie sist\u0113mas s\u0101nu stiprin\u0101juma punktiem, gan ar\u012b nolai\u017eoties nelielu gabalu, stiprinot to pie sist\u0113mas centr\u0101l\u0101 punkta. Komplekt\u0101 n\u0101k l\u012bdz stingra auduma virves aizsargs.<\/span><br \/><span style=\"font-size: x-small\"><br \/><strong><span style=\"color: #800000\">Specifik\u0101cija:<\/span><\/strong><br \/><strong>Garums:<\/strong>&nbsp;2m, 3m, 5m<br \/><strong>Svars:<\/strong>&nbsp;500g, 580g, 740g<br \/><strong>Sertifik\u0101cija:<\/strong>&nbsp;CE 0333 EN 358:1999<\/span><\/p>\n","protected":false},"excerpt":{"rendered":"<p>Regul\u0113jama garuma darba pozicion\u0113&scaron;anas ier\u012bce. Finch ir \u0113rti lietot ar vienu roku. Ier\u012bce ir \u013coti kompakta un viegla. Ier\u012bce n\u0101k komplekt\u0101 ar Pillar SG skr\u016bv\u0113jamu karab\u012bni. Ier\u012bci var lietot da\u017e\u0101di gan izmantojot k\u0101 pozicionieri stiprinot to pie sist\u0113mas s\u0101nu stiprin\u0101juma punktiem, gan ar\u012b nolai\u017eoties nelielu gabalu, stiprinot to pie sist\u0113mas centr\u0101l\u0101 punkta. Komplekt\u0101 n\u0101k l\u012bdz [&hellip;]<\/p>\n","protected":false},"featured_media":0,"template":"","meta":[],"product_brand":[928],"product_cat":[4851,4875,4879],"product_tag":[],"class_list":{"0":"post-76918","1":"product","2":"type-product","3":"status-publish","5":"product_brand-climbing-technology","6":"product_cat-mountaineering-equipment-recreation","7":"product_cat-for-work-at-height-mountaineering-equipment-recreation","8":"product_cat-energy-absorbers-and-loops-for-work-at-height-mountaineering-equipment-recreation","10":"first","11":"instock","12":"shipping-taxable","13":"purchasable","14":"product-type-simple"},"_links":{"self":[{"href":"https:\/\/sezona.lv\/en\/wp-json\/wp\/v2\/product\/76918","targetHints":{"allow":["GET"]}}],"collection":[{"href":"https:\/\/sezona.lv\/en\/wp-json\/wp\/v2\/product"}],"about":[{"href":"https:\/\/sezona.lv\/en\/wp-json\/wp\/v2\/types\/product"}],"wp:attachment":[{"href":"https:\/\/sezona.lv\/en\/wp-json\/wp\/v2\/media?parent=76918"}],"wp:term":[{"taxonomy":"product_brand","embeddable":true,"href":"https:\/\/sezona.lv\/en\/wp-json\/wp\/v2\/product_brand?post=76918"},{"taxonomy":"product_cat","embeddable":true,"href":"https:\/\/sezona.lv\/en\/wp-json\/wp\/v2\/product_cat?post=76918"},{"taxonomy":"product_tag","embeddable":true,"href":"https:\/\/sezona.lv\/en\/wp-json\/wp\/v2\/product_tag?post=76918"}],"curies":[{"name":"wp","href":"https:\/\/api.w.org\/{rel}","templated":true}]}}