{"id":76920,"date":"2025-07-14T14:58:21","date_gmt":"2025-07-14T11:58:21","guid":{"rendered":"https:\/\/demo8.ecube.lv\/sezona.lv\/products\/energijas-absorberis-climbing-technology-flex-abs-i-110cm\/"},"modified":"2025-07-14T14:58:21","modified_gmt":"2025-07-14T11:58:21","slug":"energijas-absorberis-climbing-technology-flex-abs-i-110cm","status":"publish","type":"product","link":"https:\/\/sezona.lv\/en\/products\/energijas-absorberis-climbing-technology-flex-abs-i-110cm\/","title":{"rendered":"Ener\u0123ijas absorberis Climbing Technology Flex ABS I 110cm"},"content":{"rendered":"<p align=\"justify\"><span style=\"font-size: x-small\">\u0112rts, kompakts un dro&scaron;s ener\u0123ijas absorbers ar elast\u012bgu vienu cilpu, kura ir pastiprin\u0101ti iztur\u012bga pret nodilumu. Elast\u012bg\u0101 cilpa \u013caus \u0113rt\u0101k kust\u0113ties un str\u0101d\u0101t, nemaisoties pa rok\u0101m vai k\u0101j\u0101m. Pastiprin\u0101tas stiprin\u0101juma vietas. Sl\u0113gtais iepakojums ar r\u0101v\u0113jsl\u0113dz\u0113ju pasarg\u0101s no net\u012brumiem un boj\u0101jumiem.<\/span><\/p>\n<p><span style=\"font-size: x-small\"><strong><span style=\"color: #800000\">Specifik\u0101cija:<\/span><\/strong><br \/><strong>Garums:<\/strong>&nbsp;110cm, 170cm<br \/><strong>Svars:<\/strong>&nbsp;215g, 260g<br \/><strong>Dro&scaron;\u012bbas augstums:<\/strong>&nbsp;5.2m, 5.8m<br \/><strong>Sertifik\u0101cija:<\/strong>&nbsp;EN 355:2002, CE 0408<\/span><\/p>\n","protected":false},"excerpt":{"rendered":"<p>\u0112rts, kompakts un dro&scaron;s ener\u0123ijas absorbers ar elast\u012bgu vienu cilpu, kura ir pastiprin\u0101ti iztur\u012bga pret nodilumu. Elast\u012bg\u0101 cilpa \u013caus \u0113rt\u0101k kust\u0113ties un str\u0101d\u0101t, nemaisoties pa rok\u0101m vai k\u0101j\u0101m. Pastiprin\u0101tas stiprin\u0101juma vietas. Sl\u0113gtais iepakojums ar r\u0101v\u0113jsl\u0113dz\u0113ju pasarg\u0101s no net\u012brumiem un boj\u0101jumiem. Specifik\u0101cija:Garums:&nbsp;110cm, 170cmSvars:&nbsp;215g, 260gDro&scaron;\u012bbas augstums:&nbsp;5.2m, 5.8mSertifik\u0101cija:&nbsp;EN 355:2002, CE 0408<\/p>\n","protected":false},"featured_media":0,"template":"","meta":[],"product_brand":[928],"product_cat":[4851,4875,4879],"product_tag":[],"class_list":{"0":"post-76920","1":"product","2":"type-product","3":"status-publish","5":"product_brand-climbing-technology","6":"product_cat-mountaineering-equipment-recreation","7":"product_cat-for-work-at-height-mountaineering-equipment-recreation","8":"product_cat-energy-absorbers-and-loops-for-work-at-height-mountaineering-equipment-recreation","10":"first","11":"instock","12":"shipping-taxable","13":"purchasable","14":"product-type-simple"},"_links":{"self":[{"href":"https:\/\/sezona.lv\/en\/wp-json\/wp\/v2\/product\/76920","targetHints":{"allow":["GET"]}}],"collection":[{"href":"https:\/\/sezona.lv\/en\/wp-json\/wp\/v2\/product"}],"about":[{"href":"https:\/\/sezona.lv\/en\/wp-json\/wp\/v2\/types\/product"}],"wp:attachment":[{"href":"https:\/\/sezona.lv\/en\/wp-json\/wp\/v2\/media?parent=76920"}],"wp:term":[{"taxonomy":"product_brand","embeddable":true,"href":"https:\/\/sezona.lv\/en\/wp-json\/wp\/v2\/product_brand?post=76920"},{"taxonomy":"product_cat","embeddable":true,"href":"https:\/\/sezona.lv\/en\/wp-json\/wp\/v2\/product_cat?post=76920"},{"taxonomy":"product_tag","embeddable":true,"href":"https:\/\/sezona.lv\/en\/wp-json\/wp\/v2\/product_tag?post=76920"}],"curies":[{"name":"wp","href":"https:\/\/api.w.org\/{rel}","templated":true}]}}