{"id":76923,"date":"2025-07-14T14:58:23","date_gmt":"2025-07-14T11:58:23","guid":{"rendered":"https:\/\/demo8.ecube.lv\/sezona.lv\/products\/energijas-absorberis-climbing-technology-flex-abs-y-2x170cm\/"},"modified":"2025-07-14T14:58:23","modified_gmt":"2025-07-14T11:58:23","slug":"energijas-absorberis-climbing-technology-flex-abs-y-2x170cm","status":"publish","type":"product","link":"https:\/\/sezona.lv\/en\/products\/energijas-absorberis-climbing-technology-flex-abs-y-2x170cm\/","title":{"rendered":"Ener\u0123ijas absorberis Climbing Technology Flex ABS Y 2x170cm"},"content":{"rendered":"<p><span style=\"font-size: x-small\">\u0112rts, kompakts un dro&scaron;s ener\u0123ijas absorbers ar div\u0101m elest\u012bg\u0101m cilp\u0101m, kuras ir pastiprin\u0101ti iztur\u012bgas pret nodilumu. Elast\u012bg\u0101s cilpas \u013caus \u0113rt\u0101k kust\u0113ties un str\u0101d\u0101t, nemaisoties pa rok\u0101m vai k\u0101j\u0101m. Pastiprin\u0101tas stiprin\u0101juma vietas. Sl\u0113gtais iepakojums ar r\u0101v\u0113jsl\u0113dz\u0113ju pasarg\u0101s no net\u012brumiem un boj\u0101jumiem.&nbsp;<\/span><br \/><span style=\"font-size: x-small\"><br \/><strong><span style=\"color: #800000\">Specifik\u0101cija:<\/span><\/strong><br \/><strong>Garums:<\/strong>&nbsp;2x110cm, 2x170cm<br \/><strong>Svars:<\/strong>&nbsp;270g, 340g<br \/><strong>Dro&scaron;\u012bbas augstums:<\/strong>&nbsp;5.2m, 5.8m<br \/><strong>Sertifik\u0101cija:<\/strong>&nbsp;CE 0408 EN 355:2002&nbsp;<\/span><\/p>\n","protected":false},"excerpt":{"rendered":"<p>\u0112rts, kompakts un dro&scaron;s ener\u0123ijas absorbers ar div\u0101m elest\u012bg\u0101m cilp\u0101m, kuras ir pastiprin\u0101ti iztur\u012bgas pret nodilumu. Elast\u012bg\u0101s cilpas \u013caus \u0113rt\u0101k kust\u0113ties un str\u0101d\u0101t, nemaisoties pa rok\u0101m vai k\u0101j\u0101m. Pastiprin\u0101tas stiprin\u0101juma vietas. Sl\u0113gtais iepakojums ar r\u0101v\u0113jsl\u0113dz\u0113ju pasarg\u0101s no net\u012brumiem un boj\u0101jumiem.&nbsp;Specifik\u0101cija:Garums:&nbsp;2x110cm, 2x170cmSvars:&nbsp;270g, 340gDro&scaron;\u012bbas augstums:&nbsp;5.2m, 5.8mSertifik\u0101cija:&nbsp;CE 0408 EN 355:2002&nbsp;<\/p>\n","protected":false},"featured_media":0,"template":"","meta":[],"product_brand":[928],"product_cat":[4851,4875,4879],"product_tag":[],"class_list":{"0":"post-76923","1":"product","2":"type-product","3":"status-publish","5":"product_brand-climbing-technology","6":"product_cat-mountaineering-equipment-recreation","7":"product_cat-for-work-at-height-mountaineering-equipment-recreation","8":"product_cat-energy-absorbers-and-loops-for-work-at-height-mountaineering-equipment-recreation","10":"first","11":"instock","12":"shipping-taxable","13":"purchasable","14":"product-type-simple"},"_links":{"self":[{"href":"https:\/\/sezona.lv\/en\/wp-json\/wp\/v2\/product\/76923","targetHints":{"allow":["GET"]}}],"collection":[{"href":"https:\/\/sezona.lv\/en\/wp-json\/wp\/v2\/product"}],"about":[{"href":"https:\/\/sezona.lv\/en\/wp-json\/wp\/v2\/types\/product"}],"wp:attachment":[{"href":"https:\/\/sezona.lv\/en\/wp-json\/wp\/v2\/media?parent=76923"}],"wp:term":[{"taxonomy":"product_brand","embeddable":true,"href":"https:\/\/sezona.lv\/en\/wp-json\/wp\/v2\/product_brand?post=76923"},{"taxonomy":"product_cat","embeddable":true,"href":"https:\/\/sezona.lv\/en\/wp-json\/wp\/v2\/product_cat?post=76923"},{"taxonomy":"product_tag","embeddable":true,"href":"https:\/\/sezona.lv\/en\/wp-json\/wp\/v2\/product_tag?post=76923"}],"curies":[{"name":"wp","href":"https:\/\/api.w.org\/{rel}","templated":true}]}}