{"id":76924,"date":"2025-07-14T14:58:24","date_gmt":"2025-07-14T11:58:24","guid":{"rendered":"https:\/\/demo8.ecube.lv\/sezona.lv\/products\/karabine-climbing-technology-pillar-steel-sg\/"},"modified":"2025-07-14T14:58:24","modified_gmt":"2025-07-14T11:58:24","slug":"karabine-climbing-technology-pillar-steel-sg","status":"publish","type":"product","link":"https:\/\/sezona.lv\/en\/products\/karabine-climbing-technology-pillar-steel-sg\/","title":{"rendered":"Karab\u012bne Climbing Technology Pillar Steel SG"},"content":{"rendered":"<p align=\"justify\"><span style=\"font-size: x-small\">Augstas iztur\u012bbas, simetriska O veida t\u0113rauda karab\u012bne ar aizskr\u016bv\u0113jamu muftu.<\/span><\/p>\n<p>&nbsp;<\/p>\n<p align=\"justify\"><span style=\"font-size: x-small\">Sertifik\u0101cija: EN 12275:1998 (B), EN 362:2004-M, CE<\/span><\/p>\n<p>&nbsp;<\/p>\n<p align=\"justify\"><span style=\"font-size: x-small\">Specifik\u0101cija:<br \/>Svars: 180g<br \/>Iztur\u012bba: 30\/15\/10kN<br \/>Muftas atvere: 22mm<\/span><\/p>\n","protected":false},"excerpt":{"rendered":"<p>Augstas iztur\u012bbas, simetriska O veida t\u0113rauda karab\u012bne ar aizskr\u016bv\u0113jamu muftu. &nbsp; Sertifik\u0101cija: EN 12275:1998 (B), EN 362:2004-M, CE &nbsp; Specifik\u0101cija:Svars: 180gIztur\u012bba: 30\/15\/10kNMuftas atvere: 22mm<\/p>\n","protected":false},"featured_media":0,"template":"","meta":[],"product_brand":[928],"product_cat":[4851,4875,4880],"product_tag":[],"class_list":{"0":"post-76924","1":"product","2":"type-product","3":"status-publish","5":"product_brand-climbing-technology","6":"product_cat-mountaineering-equipment-recreation","7":"product_cat-for-work-at-height-mountaineering-equipment-recreation","8":"product_cat-carabiners-and-connectors-for-work-at-height-mountaineering-equipment-recreation","10":"first","11":"instock","12":"shipping-taxable","13":"purchasable","14":"product-type-simple"},"_links":{"self":[{"href":"https:\/\/sezona.lv\/en\/wp-json\/wp\/v2\/product\/76924","targetHints":{"allow":["GET"]}}],"collection":[{"href":"https:\/\/sezona.lv\/en\/wp-json\/wp\/v2\/product"}],"about":[{"href":"https:\/\/sezona.lv\/en\/wp-json\/wp\/v2\/types\/product"}],"wp:attachment":[{"href":"https:\/\/sezona.lv\/en\/wp-json\/wp\/v2\/media?parent=76924"}],"wp:term":[{"taxonomy":"product_brand","embeddable":true,"href":"https:\/\/sezona.lv\/en\/wp-json\/wp\/v2\/product_brand?post=76924"},{"taxonomy":"product_cat","embeddable":true,"href":"https:\/\/sezona.lv\/en\/wp-json\/wp\/v2\/product_cat?post=76924"},{"taxonomy":"product_tag","embeddable":true,"href":"https:\/\/sezona.lv\/en\/wp-json\/wp\/v2\/product_tag?post=76924"}],"curies":[{"name":"wp","href":"https:\/\/api.w.org\/{rel}","templated":true}]}}