{"id":76925,"date":"2025-07-14T14:58:25","date_gmt":"2025-07-14T11:58:25","guid":{"rendered":"https:\/\/demo8.ecube.lv\/sezona.lv\/products\/karabine-climbing-technology-d-shape-steel-sg\/"},"modified":"2025-07-14T14:58:25","modified_gmt":"2025-07-14T11:58:25","slug":"karabine-climbing-technology-d-shape-steel-sg","status":"publish","type":"product","link":"https:\/\/sezona.lv\/en\/products\/karabine-climbing-technology-d-shape-steel-sg\/","title":{"rendered":"Karab\u012bne Climbing Technology D-Shape steel SG"},"content":{"rendered":"<p align=\"justify\"><span style=\"font-size: x-small\">D formas t\u0113rauda karab\u012bne ar skr\u016bv\u0113jamu aizdares meh\u0101nismu. Karab\u012bnei ir liela iztur\u012bba. T\u0101 ir piem\u0113rota lieto&scaron;anai darbam augstum\u0101, kravu cel&scaron;anai vai gl\u0101b&scaron;anas darbu veik&scaron;anai.<\/span><\/p>\n<p align=\"justify\"><span style=\"font-size: x-small\"><span style=\"color: #800000\"><strong>Specifik\u0101cija:<\/strong><\/span><\/span><\/p>\n<p align=\"justify\"><span style=\"font-size: x-small\">Svars: 178g<\/span><\/p>\n<p align=\"justify\"><span style=\"font-size: x-small\">Iztur\u012bba: 50\/15\/15 kN<\/span><\/p>\n<p align=\"justify\"><span style=\"font-size: x-small\">Atv\u0113rums: 19mm<\/span><\/p>\n<p align=\"justify\"><span style=\"font-size: x-small\">Sertefik\u0101cija: CE EN 362, EN 12275<\/span><\/p>\n","protected":false},"excerpt":{"rendered":"<p>D formas t\u0113rauda karab\u012bne ar skr\u016bv\u0113jamu aizdares meh\u0101nismu. Karab\u012bnei ir liela iztur\u012bba. T\u0101 ir piem\u0113rota lieto&scaron;anai darbam augstum\u0101, kravu cel&scaron;anai vai gl\u0101b&scaron;anas darbu veik&scaron;anai. Specifik\u0101cija: Svars: 178g Iztur\u012bba: 50\/15\/15 kN Atv\u0113rums: 19mm Sertefik\u0101cija: CE EN 362, EN 12275<\/p>\n","protected":false},"featured_media":0,"template":"","meta":[],"product_brand":[928],"product_cat":[4851,4875,4880],"product_tag":[],"class_list":{"0":"post-76925","1":"product","2":"type-product","3":"status-publish","5":"product_brand-climbing-technology","6":"product_cat-mountaineering-equipment-recreation","7":"product_cat-for-work-at-height-mountaineering-equipment-recreation","8":"product_cat-carabiners-and-connectors-for-work-at-height-mountaineering-equipment-recreation","10":"first","11":"instock","12":"shipping-taxable","13":"purchasable","14":"product-type-simple"},"_links":{"self":[{"href":"https:\/\/sezona.lv\/en\/wp-json\/wp\/v2\/product\/76925","targetHints":{"allow":["GET"]}}],"collection":[{"href":"https:\/\/sezona.lv\/en\/wp-json\/wp\/v2\/product"}],"about":[{"href":"https:\/\/sezona.lv\/en\/wp-json\/wp\/v2\/types\/product"}],"wp:attachment":[{"href":"https:\/\/sezona.lv\/en\/wp-json\/wp\/v2\/media?parent=76925"}],"wp:term":[{"taxonomy":"product_brand","embeddable":true,"href":"https:\/\/sezona.lv\/en\/wp-json\/wp\/v2\/product_brand?post=76925"},{"taxonomy":"product_cat","embeddable":true,"href":"https:\/\/sezona.lv\/en\/wp-json\/wp\/v2\/product_cat?post=76925"},{"taxonomy":"product_tag","embeddable":true,"href":"https:\/\/sezona.lv\/en\/wp-json\/wp\/v2\/product_tag?post=76925"}],"curies":[{"name":"wp","href":"https:\/\/api.w.org\/{rel}","templated":true}]}}