{"id":76926,"date":"2025-07-14T14:58:26","date_gmt":"2025-07-14T11:58:26","guid":{"rendered":"https:\/\/demo8.ecube.lv\/sezona.lv\/products\/karabine-dmm-sidewinder-swivel-ls\/"},"modified":"2025-07-14T14:58:26","modified_gmt":"2025-07-14T11:58:26","slug":"karabine-dmm-sidewinder-swivel-ls","status":"publish","type":"product","link":"https:\/\/sezona.lv\/en\/products\/karabine-dmm-sidewinder-swivel-ls\/","title":{"rendered":"Karab\u012bne DMM Sidewinder Swivel LS"},"content":{"rendered":"<p align=\"justify\"><span style=\"font-size: x-small\">Alum\u012bnija karab\u012bne ar rot\u0113jo&scaron;u stiprin\u0101juma punktu. Locksafe tr\u012bs kust\u012bbu aizdare. Ide\u0101li piem\u0113rota tro&scaron;u piestiprin\u0101&scaron;anai (vai virve ar met\u0101la troses kodolu(), kur rot\u0101cija jeb v\u0113rpe nav iesp\u0113jama.<\/span><\/p>\n<div><\/div>\n<p align=\"justify\"><span style=\"font-size: x-small\">Specifika\u010dija:<br \/>Svars: 235g;<br \/>Iztur\u012bba: 25 kN;<br \/>Muftas atvere: 19mm<br \/><\/span><span style=\"font-size: x-small\"><br \/>Sertifik\u0101cija: CE EN362:2004<\/span><\/p>\n","protected":false},"excerpt":{"rendered":"<p>Alum\u012bnija karab\u012bne ar rot\u0113jo&scaron;u stiprin\u0101juma punktu. Locksafe tr\u012bs kust\u012bbu aizdare. Ide\u0101li piem\u0113rota tro&scaron;u piestiprin\u0101&scaron;anai (vai virve ar met\u0101la troses kodolu(), kur rot\u0101cija jeb v\u0113rpe nav iesp\u0113jama. Specifika\u010dija:Svars: 235g;Iztur\u012bba: 25 kN;Muftas atvere: 19mmSertifik\u0101cija: CE EN362:2004<\/p>\n","protected":false},"featured_media":0,"template":"","meta":[],"product_brand":[965],"product_cat":[4851,4875,4880],"product_tag":[],"class_list":{"0":"post-76926","1":"product","2":"type-product","3":"status-publish","5":"product_brand-dmm","6":"product_cat-mountaineering-equipment-recreation","7":"product_cat-for-work-at-height-mountaineering-equipment-recreation","8":"product_cat-carabiners-and-connectors-for-work-at-height-mountaineering-equipment-recreation","10":"first","11":"instock","12":"shipping-taxable","13":"purchasable","14":"product-type-simple"},"_links":{"self":[{"href":"https:\/\/sezona.lv\/en\/wp-json\/wp\/v2\/product\/76926","targetHints":{"allow":["GET"]}}],"collection":[{"href":"https:\/\/sezona.lv\/en\/wp-json\/wp\/v2\/product"}],"about":[{"href":"https:\/\/sezona.lv\/en\/wp-json\/wp\/v2\/types\/product"}],"wp:attachment":[{"href":"https:\/\/sezona.lv\/en\/wp-json\/wp\/v2\/media?parent=76926"}],"wp:term":[{"taxonomy":"product_brand","embeddable":true,"href":"https:\/\/sezona.lv\/en\/wp-json\/wp\/v2\/product_brand?post=76926"},{"taxonomy":"product_cat","embeddable":true,"href":"https:\/\/sezona.lv\/en\/wp-json\/wp\/v2\/product_cat?post=76926"},{"taxonomy":"product_tag","embeddable":true,"href":"https:\/\/sezona.lv\/en\/wp-json\/wp\/v2\/product_tag?post=76926"}],"curies":[{"name":"wp","href":"https:\/\/api.w.org\/{rel}","templated":true}]}}