{"id":76927,"date":"2025-07-14T14:58:26","date_gmt":"2025-07-14T11:58:26","guid":{"rendered":"https:\/\/demo8.ecube.lv\/sezona.lv\/products\/karabine-dmm-offset-d\/"},"modified":"2025-07-14T14:58:26","modified_gmt":"2025-07-14T11:58:26","slug":"karabine-dmm-offset-d","status":"publish","type":"product","link":"https:\/\/sezona.lv\/en\/products\/karabine-dmm-offset-d\/","title":{"rendered":"Karab\u012bne DMM Offset D"},"content":{"rendered":"<p align=\"justify\"><span style=\"font-size: x-small\">\u013boti iztur\u012bga D-formas t\u0113rauda karab\u012bne ar aisskr\u016bv\u0113jamu muftu. Rekomend\u0113jamais pielietojums &#8211; jebkuras darb\u012bbas, kur nepiecie&scaron;ama augsta iztur\u012bba.<\/span><\/p>\n<div><\/div>\n<p align=\"justify\"><span style=\"font-size: x-small\">Materi\u0101ls:<br \/>Cold forged and fully heat treated carbon steel for high strength and durability<\/span><\/p>\n<div><\/div>\n<p align=\"justify\"><span style=\"font-size: x-small\">Svars: 235g.<\/span><\/p>\n<div><\/div>\n<p align=\"justify\"><span style=\"font-size: x-small\">Iztur\u012bba: 45kN<\/span><\/p>\n<div><\/div>\n<p align=\"justify\"><span style=\"font-size: x-small\">Muftas atvere: 18mm<\/span><\/p>\n<div><\/div>\n<p align=\"justify\"><span style=\"font-size: x-small\">Sertifik\u0101cija: EN ISO 2081:2008 FE\/ZN5C<\/span><\/p>\n","protected":false},"excerpt":{"rendered":"<p>\u013boti iztur\u012bga D-formas t\u0113rauda karab\u012bne ar aisskr\u016bv\u0113jamu muftu. Rekomend\u0113jamais pielietojums &#8211; jebkuras darb\u012bbas, kur nepiecie&scaron;ama augsta iztur\u012bba. Materi\u0101ls:Cold forged and fully heat treated carbon steel for high strength and durability Svars: 235g. Iztur\u012bba: 45kN Muftas atvere: 18mm Sertifik\u0101cija: EN ISO 2081:2008 FE\/ZN5C<\/p>\n","protected":false},"featured_media":0,"template":"","meta":[],"product_brand":[965],"product_cat":[4851,4875,4880],"product_tag":[],"class_list":{"0":"post-76927","1":"product","2":"type-product","3":"status-publish","5":"product_brand-dmm","6":"product_cat-mountaineering-equipment-recreation","7":"product_cat-for-work-at-height-mountaineering-equipment-recreation","8":"product_cat-carabiners-and-connectors-for-work-at-height-mountaineering-equipment-recreation","10":"first","11":"instock","12":"shipping-taxable","13":"purchasable","14":"product-type-simple"},"_links":{"self":[{"href":"https:\/\/sezona.lv\/en\/wp-json\/wp\/v2\/product\/76927","targetHints":{"allow":["GET"]}}],"collection":[{"href":"https:\/\/sezona.lv\/en\/wp-json\/wp\/v2\/product"}],"about":[{"href":"https:\/\/sezona.lv\/en\/wp-json\/wp\/v2\/types\/product"}],"wp:attachment":[{"href":"https:\/\/sezona.lv\/en\/wp-json\/wp\/v2\/media?parent=76927"}],"wp:term":[{"taxonomy":"product_brand","embeddable":true,"href":"https:\/\/sezona.lv\/en\/wp-json\/wp\/v2\/product_brand?post=76927"},{"taxonomy":"product_cat","embeddable":true,"href":"https:\/\/sezona.lv\/en\/wp-json\/wp\/v2\/product_cat?post=76927"},{"taxonomy":"product_tag","embeddable":true,"href":"https:\/\/sezona.lv\/en\/wp-json\/wp\/v2\/product_tag?post=76927"}],"curies":[{"name":"wp","href":"https:\/\/api.w.org\/{rel}","templated":true}]}}