{"id":76929,"date":"2025-07-14T14:58:28","date_gmt":"2025-07-14T11:58:28","guid":{"rendered":"https:\/\/demo8.ecube.lv\/sezona.lv\/products\/karabine-climbing-technology-delta-7mm\/"},"modified":"2025-07-14T14:58:28","modified_gmt":"2025-07-14T11:58:28","slug":"karabine-climbing-technology-delta-7mm","status":"publish","type":"product","link":"https:\/\/sezona.lv\/en\/products\/karabine-climbing-technology-delta-7mm\/","title":{"rendered":"Karab\u012bne Climbing Technology Delta 7mm"},"content":{"rendered":"<p><span style=\"font-size: x-small\">Deltas formas t\u0113rauda karab\u012bne, 7mm.<\/span><\/p>\n<p>&nbsp;<\/p>\n<p>&nbsp;<\/p>\n<p>&nbsp;<\/p>\n<p><span style=\"font-size: x-small\">Svars: 57g.<\/span><\/p>\n<p>&nbsp;<\/p>\n<p><span style=\"font-size: x-small\">Iztur\u012bba: 20kN<\/span><\/p>\n","protected":false},"excerpt":{"rendered":"<p>Deltas formas t\u0113rauda karab\u012bne, 7mm. &nbsp; &nbsp; &nbsp; Svars: 57g. &nbsp; Iztur\u012bba: 20kN<\/p>\n","protected":false},"featured_media":0,"template":"","meta":[],"product_brand":[928],"product_cat":[4851,4875,4880],"product_tag":[],"class_list":{"0":"post-76929","1":"product","2":"type-product","3":"status-publish","5":"product_brand-climbing-technology","6":"product_cat-mountaineering-equipment-recreation","7":"product_cat-for-work-at-height-mountaineering-equipment-recreation","8":"product_cat-carabiners-and-connectors-for-work-at-height-mountaineering-equipment-recreation","10":"first","11":"instock","12":"shipping-taxable","13":"purchasable","14":"product-type-simple"},"_links":{"self":[{"href":"https:\/\/sezona.lv\/en\/wp-json\/wp\/v2\/product\/76929","targetHints":{"allow":["GET"]}}],"collection":[{"href":"https:\/\/sezona.lv\/en\/wp-json\/wp\/v2\/product"}],"about":[{"href":"https:\/\/sezona.lv\/en\/wp-json\/wp\/v2\/types\/product"}],"wp:attachment":[{"href":"https:\/\/sezona.lv\/en\/wp-json\/wp\/v2\/media?parent=76929"}],"wp:term":[{"taxonomy":"product_brand","embeddable":true,"href":"https:\/\/sezona.lv\/en\/wp-json\/wp\/v2\/product_brand?post=76929"},{"taxonomy":"product_cat","embeddable":true,"href":"https:\/\/sezona.lv\/en\/wp-json\/wp\/v2\/product_cat?post=76929"},{"taxonomy":"product_tag","embeddable":true,"href":"https:\/\/sezona.lv\/en\/wp-json\/wp\/v2\/product_tag?post=76929"}],"curies":[{"name":"wp","href":"https:\/\/api.w.org\/{rel}","templated":true}]}}