{"id":76930,"date":"2025-07-14T14:58:29","date_gmt":"2025-07-14T11:58:29","guid":{"rendered":"https:\/\/demo8.ecube.lv\/sezona.lv\/products\/karabine-climbing-technology-delta-10\/"},"modified":"2025-07-14T14:58:29","modified_gmt":"2025-07-14T11:58:29","slug":"karabine-climbing-technology-delta-10","status":"publish","type":"product","link":"https:\/\/sezona.lv\/en\/products\/karabine-climbing-technology-delta-10\/","title":{"rendered":"Karab\u012bne Climbing Technology Delta 10"},"content":{"rendered":"<p align=\"justify\"><span style=\"font-size: x-small\">Delta formas t\u0113rauda karab\u012bne 10mm.<\/span><\/p>\n<p align=\"justify\"><span style=\"font-size: x-small\"><strong><span style=\"color: #800000\">Specifik\u0101cija:<\/span><\/strong><\/span><\/p>\n<p align=\"justify\"><span style=\"font-size: x-small\">Svars: 152g<\/span><\/p>\n<p align=\"justify\"><span style=\"font-size: x-small\">Iztur\u012bba: 45\/10 kN<\/span><\/p>\n<p align=\"justify\"><span style=\"font-size: x-small\">Sertefik\u0101cija: CE EN 362, EN 12275<\/span><\/p>\n","protected":false},"excerpt":{"rendered":"<p>Delta formas t\u0113rauda karab\u012bne 10mm. Specifik\u0101cija: Svars: 152g Iztur\u012bba: 45\/10 kN Sertefik\u0101cija: CE EN 362, EN 12275<\/p>\n","protected":false},"featured_media":0,"template":"","meta":[],"product_brand":[928],"product_cat":[4851,4875,4880],"product_tag":[],"class_list":{"0":"post-76930","1":"product","2":"type-product","3":"status-publish","5":"product_brand-climbing-technology","6":"product_cat-mountaineering-equipment-recreation","7":"product_cat-for-work-at-height-mountaineering-equipment-recreation","8":"product_cat-carabiners-and-connectors-for-work-at-height-mountaineering-equipment-recreation","10":"first","11":"instock","12":"shipping-taxable","13":"purchasable","14":"product-type-simple"},"_links":{"self":[{"href":"https:\/\/sezona.lv\/en\/wp-json\/wp\/v2\/product\/76930","targetHints":{"allow":["GET"]}}],"collection":[{"href":"https:\/\/sezona.lv\/en\/wp-json\/wp\/v2\/product"}],"about":[{"href":"https:\/\/sezona.lv\/en\/wp-json\/wp\/v2\/types\/product"}],"wp:attachment":[{"href":"https:\/\/sezona.lv\/en\/wp-json\/wp\/v2\/media?parent=76930"}],"wp:term":[{"taxonomy":"product_brand","embeddable":true,"href":"https:\/\/sezona.lv\/en\/wp-json\/wp\/v2\/product_brand?post=76930"},{"taxonomy":"product_cat","embeddable":true,"href":"https:\/\/sezona.lv\/en\/wp-json\/wp\/v2\/product_cat?post=76930"},{"taxonomy":"product_tag","embeddable":true,"href":"https:\/\/sezona.lv\/en\/wp-json\/wp\/v2\/product_tag?post=76930"}],"curies":[{"name":"wp","href":"https:\/\/api.w.org\/{rel}","templated":true}]}}