{"id":76931,"date":"2025-07-14T14:58:29","date_gmt":"2025-07-14T11:58:29","guid":{"rendered":"https:\/\/demo8.ecube.lv\/sezona.lv\/products\/karabine-dmm-big-boa-steel\/"},"modified":"2025-07-14T14:58:29","modified_gmt":"2025-07-14T11:58:29","slug":"karabine-dmm-big-boa-steel","status":"publish","type":"product","link":"https:\/\/sezona.lv\/en\/products\/karabine-dmm-big-boa-steel\/","title":{"rendered":"Karab\u012bne DMM Big Boa Steel"},"content":{"rendered":"<p align=\"justify\"><span style=\"font-size: x-small\">LIela izm\u0113ra t\u0113rauda karab\u012bne ar aizskr\u016bv\u0113jamu muftu. Cinkota \u0101r\u0113j\u0101 k\u0101rta. \u0112rta lieto&scaron;an\u0101<br \/>.<\/span><\/p>\n<p>&nbsp;<\/p>\n<p align=\"justify\"><span style=\"font-size: x-small\">Specifik\u0101cija:<\/span><\/p>\n<p>&nbsp;<\/p>\n<p align=\"justify\"><span style=\"font-size: x-small\">Svars: 266g<br \/>Iztur\u012bba pa as\u012bm: 40\/20 kN<br \/>Muftas atvere: 24mm<\/span><\/p>\n","protected":false},"excerpt":{"rendered":"<p>LIela izm\u0113ra t\u0113rauda karab\u012bne ar aizskr\u016bv\u0113jamu muftu. Cinkota \u0101r\u0113j\u0101 k\u0101rta. \u0112rta lieto&scaron;an\u0101. &nbsp; Specifik\u0101cija: &nbsp; Svars: 266gIztur\u012bba pa as\u012bm: 40\/20 kNMuftas atvere: 24mm<\/p>\n","protected":false},"featured_media":0,"template":"","meta":[],"product_brand":[965],"product_cat":[4851,4875,4880],"product_tag":[],"class_list":{"0":"post-76931","1":"product","2":"type-product","3":"status-publish","5":"product_brand-dmm","6":"product_cat-mountaineering-equipment-recreation","7":"product_cat-for-work-at-height-mountaineering-equipment-recreation","8":"product_cat-carabiners-and-connectors-for-work-at-height-mountaineering-equipment-recreation","10":"first","11":"instock","12":"shipping-taxable","13":"purchasable","14":"product-type-simple"},"_links":{"self":[{"href":"https:\/\/sezona.lv\/en\/wp-json\/wp\/v2\/product\/76931","targetHints":{"allow":["GET"]}}],"collection":[{"href":"https:\/\/sezona.lv\/en\/wp-json\/wp\/v2\/product"}],"about":[{"href":"https:\/\/sezona.lv\/en\/wp-json\/wp\/v2\/types\/product"}],"wp:attachment":[{"href":"https:\/\/sezona.lv\/en\/wp-json\/wp\/v2\/media?parent=76931"}],"wp:term":[{"taxonomy":"product_brand","embeddable":true,"href":"https:\/\/sezona.lv\/en\/wp-json\/wp\/v2\/product_brand?post=76931"},{"taxonomy":"product_cat","embeddable":true,"href":"https:\/\/sezona.lv\/en\/wp-json\/wp\/v2\/product_cat?post=76931"},{"taxonomy":"product_tag","embeddable":true,"href":"https:\/\/sezona.lv\/en\/wp-json\/wp\/v2\/product_tag?post=76931"}],"curies":[{"name":"wp","href":"https:\/\/api.w.org\/{rel}","templated":true}]}}