{"id":76932,"date":"2025-07-14T14:58:30","date_gmt":"2025-07-14T11:58:30","guid":{"rendered":"https:\/\/demo8.ecube.lv\/sezona.lv\/products\/karabine-dmm-boa-steel-ls\/"},"modified":"2025-07-14T14:58:30","modified_gmt":"2025-07-14T11:58:30","slug":"karabine-dmm-boa-steel-ls","status":"publish","type":"product","link":"https:\/\/sezona.lv\/en\/products\/karabine-dmm-boa-steel-ls\/","title":{"rendered":"Karab\u012bne DMM Boa Steel LS"},"content":{"rendered":"<p align=\"justify\"><span style=\"font-size: x-small\">DMM Boa Steel LS ir t\u0113rauda karab\u012bne ar Lock Safe aizdares meh\u0101nismu. Lock Safe ir tr\u012bspak\u0101pju autom\u0101tiskais aizdares meh\u0101nisms, kas palielina lietot\u0101ja dro&scaron;\u012bbu un nepie\u013cauj nejau&scaron;u karab\u012bnes attais\u012b&scaron;anos. Karab\u012bne ir piem\u0113rota darbam augstum\u0101 un arboristiem.<br \/><\/span><\/p>\n<p align=\"justify\"><span style=\"font-size: x-small\"><strong><span style=\"color: #800000\">Specifik\u0101cija:<\/span><\/strong><\/span><\/p>\n<p align=\"justify\"><span style=\"font-size: x-small\">Svars: 278g<\/span><\/p>\n<p align=\"justify\"><span style=\"font-size: x-small\">Iztur\u012bba: 40\/10\/12 kN<\/span><\/p>\n<p align=\"justify\"><span style=\"font-size: x-small\">Atv\u0113rums: 23mm<\/span><\/p>\n","protected":false},"excerpt":{"rendered":"<p>DMM Boa Steel LS ir t\u0113rauda karab\u012bne ar Lock Safe aizdares meh\u0101nismu. Lock Safe ir tr\u012bspak\u0101pju autom\u0101tiskais aizdares meh\u0101nisms, kas palielina lietot\u0101ja dro&scaron;\u012bbu un nepie\u013cauj nejau&scaron;u karab\u012bnes attais\u012b&scaron;anos. Karab\u012bne ir piem\u0113rota darbam augstum\u0101 un arboristiem. Specifik\u0101cija: Svars: 278g Iztur\u012bba: 40\/10\/12 kN Atv\u0113rums: 23mm<\/p>\n","protected":false},"featured_media":0,"template":"","meta":[],"product_brand":[965],"product_cat":[4851,4875,4880],"product_tag":[],"class_list":{"0":"post-76932","1":"product","2":"type-product","3":"status-publish","5":"product_brand-dmm","6":"product_cat-mountaineering-equipment-recreation","7":"product_cat-for-work-at-height-mountaineering-equipment-recreation","8":"product_cat-carabiners-and-connectors-for-work-at-height-mountaineering-equipment-recreation","10":"first","11":"instock","12":"shipping-taxable","13":"purchasable","14":"product-type-simple"},"_links":{"self":[{"href":"https:\/\/sezona.lv\/en\/wp-json\/wp\/v2\/product\/76932","targetHints":{"allow":["GET"]}}],"collection":[{"href":"https:\/\/sezona.lv\/en\/wp-json\/wp\/v2\/product"}],"about":[{"href":"https:\/\/sezona.lv\/en\/wp-json\/wp\/v2\/types\/product"}],"wp:attachment":[{"href":"https:\/\/sezona.lv\/en\/wp-json\/wp\/v2\/media?parent=76932"}],"wp:term":[{"taxonomy":"product_brand","embeddable":true,"href":"https:\/\/sezona.lv\/en\/wp-json\/wp\/v2\/product_brand?post=76932"},{"taxonomy":"product_cat","embeddable":true,"href":"https:\/\/sezona.lv\/en\/wp-json\/wp\/v2\/product_cat?post=76932"},{"taxonomy":"product_tag","embeddable":true,"href":"https:\/\/sezona.lv\/en\/wp-json\/wp\/v2\/product_tag?post=76932"}],"curies":[{"name":"wp","href":"https:\/\/api.w.org\/{rel}","templated":true}]}}