{"id":76933,"date":"2025-07-14T14:58:31","date_gmt":"2025-07-14T11:58:31","guid":{"rendered":"https:\/\/demo8.ecube.lv\/sezona.lv\/products\/karabine-dmm-steel-pear-scaffold-hook-ql\/"},"modified":"2025-07-14T14:58:31","modified_gmt":"2025-07-14T11:58:31","slug":"karabine-dmm-steel-pear-scaffold-hook-ql","status":"publish","type":"product","link":"https:\/\/sezona.lv\/en\/products\/karabine-dmm-steel-pear-scaffold-hook-ql\/","title":{"rendered":"Karab\u012bne DMM Steel Pear Scaffold Hook QL"},"content":{"rendered":"<p align=\"justify\"><span style=\"font-size: x-small\">Liela izm\u0113ra t\u0113rauda karab\u012bne, paredz\u0113ta \u012bpa&scaron;i lieto&scaron;anai uz sastatn\u0113m. Quicklock autom\u0101tisk\u0101 2-kust\u012bbu aizdare nodro&scaron;in\u0101s \u0101tru un dro&scaron;u daarbu.<\/span><\/p>\n<div>\n<ul>\n<li><span style=\"font-size: x-small\">bumbiera forma ar \u013coti lielu iek&scaron;\u0113jo plat\u012bbu, sader ar liel\u0101ko da\u013cu sastatn\u0113m<\/span><\/li>\n<li><span style=\"font-size: x-small\">Cinkota atbilst\u014d&scaron;i EN ISO 2081:2008 Fe\/Zn 5c standartam, lieliska notur\u012bba pret koroziju<\/span><\/li>\n<\/ul>\n<\/div>\n<p align=\"justify\"><span style=\"font-size: x-small\">Sertifik\u0101cija: EN362:2004\/T<\/span><\/p>\n<div><\/div>\n<p align=\"justify\"><span style=\"font-size: x-small\"><span style=\"color: #800000\"><strong>Specifik\u0101cija:<\/strong><\/span><br \/>Iztur\u012bba: 35kN<br \/>Muftas atvere: 56mm<br \/>Svars: 744g<\/span><\/p>\n","protected":false},"excerpt":{"rendered":"<p>Liela izm\u0113ra t\u0113rauda karab\u012bne, paredz\u0113ta \u012bpa&scaron;i lieto&scaron;anai uz sastatn\u0113m. Quicklock autom\u0101tisk\u0101 2-kust\u012bbu aizdare nodro&scaron;in\u0101s \u0101tru un dro&scaron;u daarbu. bumbiera forma ar \u013coti lielu iek&scaron;\u0113jo plat\u012bbu, sader ar liel\u0101ko da\u013cu sastatn\u0113m Cinkota atbilst\u014d&scaron;i EN ISO 2081:2008 Fe\/Zn 5c standartam, lieliska notur\u012bba pret koroziju Sertifik\u0101cija: EN362:2004\/T Specifik\u0101cija:Iztur\u012bba: 35kNMuftas atvere: 56mmSvars: 744g<\/p>\n","protected":false},"featured_media":0,"template":"","meta":[],"product_brand":[965],"product_cat":[4851,4875,4880],"product_tag":[],"class_list":{"0":"post-76933","1":"product","2":"type-product","3":"status-publish","5":"product_brand-dmm","6":"product_cat-mountaineering-equipment-recreation","7":"product_cat-for-work-at-height-mountaineering-equipment-recreation","8":"product_cat-carabiners-and-connectors-for-work-at-height-mountaineering-equipment-recreation","10":"first","11":"instock","12":"shipping-taxable","13":"purchasable","14":"product-type-simple"},"_links":{"self":[{"href":"https:\/\/sezona.lv\/en\/wp-json\/wp\/v2\/product\/76933","targetHints":{"allow":["GET"]}}],"collection":[{"href":"https:\/\/sezona.lv\/en\/wp-json\/wp\/v2\/product"}],"about":[{"href":"https:\/\/sezona.lv\/en\/wp-json\/wp\/v2\/types\/product"}],"wp:attachment":[{"href":"https:\/\/sezona.lv\/en\/wp-json\/wp\/v2\/media?parent=76933"}],"wp:term":[{"taxonomy":"product_brand","embeddable":true,"href":"https:\/\/sezona.lv\/en\/wp-json\/wp\/v2\/product_brand?post=76933"},{"taxonomy":"product_cat","embeddable":true,"href":"https:\/\/sezona.lv\/en\/wp-json\/wp\/v2\/product_cat?post=76933"},{"taxonomy":"product_tag","embeddable":true,"href":"https:\/\/sezona.lv\/en\/wp-json\/wp\/v2\/product_tag?post=76933"}],"curies":[{"name":"wp","href":"https:\/\/api.w.org\/{rel}","templated":true}]}}