{"id":76935,"date":"2025-07-14T14:58:32","date_gmt":"2025-07-14T11:58:32","guid":{"rendered":"https:\/\/demo8.ecube.lv\/sezona.lv\/products\/karabine-dmm-oval-steel-ls\/"},"modified":"2025-07-14T14:58:32","modified_gmt":"2025-07-14T11:58:32","slug":"karabine-dmm-oval-steel-ls","status":"publish","type":"product","link":"https:\/\/sezona.lv\/en\/products\/karabine-dmm-oval-steel-ls\/","title":{"rendered":"Karab\u012bne DMM Oval Steel LS"},"content":{"rendered":"<p align=\"justify\"><span style=\"font-size: x-small\">Ov\u0101la t\u0113rauda karab\u012bne ar Locksafe 3-kust\u012bbu autom\u0101tisko aizdari. Paredz\u0113ta da\u017e\u0101diem darbiem augstum\u0101 vai gl\u0101b&scaron;anas darbiem. Piem\u0113rota lieto&scaron;anai ar da\u017e\u0101diem tr\u012b&scaron;iem.<\/span><\/p>\n<div><\/div>\n<p align=\"justify\"><span style=\"font-size: x-small\">Sertifik\u0101cija: EN362:2004\/B<\/span><\/p>\n<div><\/div>\n<p align=\"justify\"><span style=\"font-size: x-small\"><strong><span style=\"color: #800000\">Specifik\u0101cija:<\/span><\/strong><br \/>Iztur\u012bba: 30kN<br \/>Muftas atvere: 15mm<br \/>Svars: 187g<\/span><\/p>\n","protected":false},"excerpt":{"rendered":"<p>Ov\u0101la t\u0113rauda karab\u012bne ar Locksafe 3-kust\u012bbu autom\u0101tisko aizdari. Paredz\u0113ta da\u017e\u0101diem darbiem augstum\u0101 vai gl\u0101b&scaron;anas darbiem. Piem\u0113rota lieto&scaron;anai ar da\u017e\u0101diem tr\u012b&scaron;iem. Sertifik\u0101cija: EN362:2004\/B Specifik\u0101cija:Iztur\u012bba: 30kNMuftas atvere: 15mmSvars: 187g<\/p>\n","protected":false},"featured_media":0,"template":"","meta":[],"product_brand":[965],"product_cat":[4851,4875,4880],"product_tag":[],"class_list":{"0":"post-76935","1":"product","2":"type-product","3":"status-publish","5":"product_brand-dmm","6":"product_cat-mountaineering-equipment-recreation","7":"product_cat-for-work-at-height-mountaineering-equipment-recreation","8":"product_cat-carabiners-and-connectors-for-work-at-height-mountaineering-equipment-recreation","10":"first","11":"instock","12":"shipping-taxable","13":"purchasable","14":"product-type-simple"},"_links":{"self":[{"href":"https:\/\/sezona.lv\/en\/wp-json\/wp\/v2\/product\/76935","targetHints":{"allow":["GET"]}}],"collection":[{"href":"https:\/\/sezona.lv\/en\/wp-json\/wp\/v2\/product"}],"about":[{"href":"https:\/\/sezona.lv\/en\/wp-json\/wp\/v2\/types\/product"}],"wp:attachment":[{"href":"https:\/\/sezona.lv\/en\/wp-json\/wp\/v2\/media?parent=76935"}],"wp:term":[{"taxonomy":"product_brand","embeddable":true,"href":"https:\/\/sezona.lv\/en\/wp-json\/wp\/v2\/product_brand?post=76935"},{"taxonomy":"product_cat","embeddable":true,"href":"https:\/\/sezona.lv\/en\/wp-json\/wp\/v2\/product_cat?post=76935"},{"taxonomy":"product_tag","embeddable":true,"href":"https:\/\/sezona.lv\/en\/wp-json\/wp\/v2\/product_tag?post=76935"}],"curies":[{"name":"wp","href":"https:\/\/api.w.org\/{rel}","templated":true}]}}