{"id":76938,"date":"2025-07-14T14:58:35","date_gmt":"2025-07-14T11:58:35","guid":{"rendered":"https:\/\/demo8.ecube.lv\/sezona.lv\/products\/stiprinajums-dmm-anchor-ring-34mm\/"},"modified":"2025-07-14T14:58:35","modified_gmt":"2025-07-14T11:58:35","slug":"stiprinajums-dmm-anchor-ring-34mm","status":"publish","type":"product","link":"https:\/\/sezona.lv\/en\/products\/stiprinajums-dmm-anchor-ring-34mm\/","title":{"rendered":"Stiprin\u0101jums DMM Anchor Ring 34mm"},"content":{"rendered":"<p><span style=\"font-size: x-small\">Alum\u012bnija stiprin\u0101juma ri\u0146\u0137is. Paredz\u0113ts slogo&scaron;anai jebkur\u0101 virzien\u0101.<\/span><\/p>\n<p>&nbsp;<\/p>\n<p><span style=\"font-size: x-small\"><strong><span style=\"color: #800000\">Specifik\u0101cija:<\/span><\/strong><br \/><strong>Diametrs:<\/strong>&nbsp;26mm; 28mm; 34mm; 40mm<br \/><strong>Iztur\u012bba:&nbsp;<\/strong>30kN<\/span><\/p>\n","protected":false},"excerpt":{"rendered":"<p>Alum\u012bnija stiprin\u0101juma ri\u0146\u0137is. Paredz\u0113ts slogo&scaron;anai jebkur\u0101 virzien\u0101. &nbsp; Specifik\u0101cija:Diametrs:&nbsp;26mm; 28mm; 34mm; 40mmIztur\u012bba:&nbsp;30kN<\/p>\n","protected":false},"featured_media":0,"template":"","meta":[],"product_brand":[965],"product_cat":[4851,4875,4882],"product_tag":[],"class_list":{"0":"post-76938","1":"product","2":"type-product","3":"status-publish","5":"product_brand-dmm","6":"product_cat-mountaineering-equipment-recreation","7":"product_cat-for-work-at-height-mountaineering-equipment-recreation","8":"product_cat-fasteners-and-slings-for-work-at-height-mountaineering-equipment-recreation","10":"first","11":"instock","12":"shipping-taxable","13":"purchasable","14":"product-type-simple"},"_links":{"self":[{"href":"https:\/\/sezona.lv\/en\/wp-json\/wp\/v2\/product\/76938","targetHints":{"allow":["GET"]}}],"collection":[{"href":"https:\/\/sezona.lv\/en\/wp-json\/wp\/v2\/product"}],"about":[{"href":"https:\/\/sezona.lv\/en\/wp-json\/wp\/v2\/types\/product"}],"wp:attachment":[{"href":"https:\/\/sezona.lv\/en\/wp-json\/wp\/v2\/media?parent=76938"}],"wp:term":[{"taxonomy":"product_brand","embeddable":true,"href":"https:\/\/sezona.lv\/en\/wp-json\/wp\/v2\/product_brand?post=76938"},{"taxonomy":"product_cat","embeddable":true,"href":"https:\/\/sezona.lv\/en\/wp-json\/wp\/v2\/product_cat?post=76938"},{"taxonomy":"product_tag","embeddable":true,"href":"https:\/\/sezona.lv\/en\/wp-json\/wp\/v2\/product_tag?post=76938"}],"curies":[{"name":"wp","href":"https:\/\/api.w.org\/{rel}","templated":true}]}}