{"id":76941,"date":"2025-07-14T14:58:38","date_gmt":"2025-07-14T11:58:38","guid":{"rendered":"https:\/\/demo8.ecube.lv\/sezona.lv\/products\/cilpa-dmm-wire-lanyard-100cm\/"},"modified":"2025-07-14T14:58:38","modified_gmt":"2025-07-14T11:58:38","slug":"cilpa-dmm-wire-lanyard-100cm","status":"publish","type":"product","link":"https:\/\/sezona.lv\/en\/products\/cilpa-dmm-wire-lanyard-100cm\/","title":{"rendered":"Cilpa DMM Wire Lanyard 100cm"},"content":{"rendered":"<p align=\"justify\"><span style=\"font-size: x-small\">Met\u0101la &scaron;tropa ar cilp\u0101m abos galos. Dro&scaron;\u0101kais pagaidu stiprin\u0101juma punktu risin\u0101jums. Izcili nodilumiztur\u012bga &scaron;tropa ar plastik\u0101ta (PVC) apvalku, kas pasarga &scaron;tropu no apk\u0101rt\u0113j\u0101s vides iedarb\u012bbas. Izgatavota no 6mm met\u0101la troses.<br \/><\/span><\/p>\n<p>&nbsp;<\/p>\n<p><span style=\"font-size: x-small\"><strong><span style=\"color: #800000\">Specifki\u0101cija:<\/span><\/strong><br \/><\/span><span style=\"font-size: x-small\"><strong>Iztur\u012bba:&nbsp;<\/strong>24kN<br \/><\/span><span style=\"font-size: x-small\"><strong>Garums:<\/strong>&nbsp;50cm, 100cm, 150cm<br \/><strong>Sertifik\u0101cija:<\/strong>&nbsp;BS EN 795(b):2012 and BS EN 354:2010<\/span><\/p>\n","protected":false},"excerpt":{"rendered":"<p>Met\u0101la &scaron;tropa ar cilp\u0101m abos galos. Dro&scaron;\u0101kais pagaidu stiprin\u0101juma punktu risin\u0101jums. Izcili nodilumiztur\u012bga &scaron;tropa ar plastik\u0101ta (PVC) apvalku, kas pasarga &scaron;tropu no apk\u0101rt\u0113j\u0101s vides iedarb\u012bbas. Izgatavota no 6mm met\u0101la troses. &nbsp; Specifki\u0101cija:Iztur\u012bba:&nbsp;24kNGarums:&nbsp;50cm, 100cm, 150cmSertifik\u0101cija:&nbsp;BS EN 795(b):2012 and BS EN 354:2010<\/p>\n","protected":false},"featured_media":0,"template":"","meta":[],"product_brand":[965],"product_cat":[4851,4875,4882],"product_tag":[],"class_list":{"0":"post-76941","1":"product","2":"type-product","3":"status-publish","5":"product_brand-dmm","6":"product_cat-mountaineering-equipment-recreation","7":"product_cat-for-work-at-height-mountaineering-equipment-recreation","8":"product_cat-fasteners-and-slings-for-work-at-height-mountaineering-equipment-recreation","10":"first","11":"instock","12":"shipping-taxable","13":"purchasable","14":"product-type-simple"},"_links":{"self":[{"href":"https:\/\/sezona.lv\/en\/wp-json\/wp\/v2\/product\/76941","targetHints":{"allow":["GET"]}}],"collection":[{"href":"https:\/\/sezona.lv\/en\/wp-json\/wp\/v2\/product"}],"about":[{"href":"https:\/\/sezona.lv\/en\/wp-json\/wp\/v2\/types\/product"}],"wp:attachment":[{"href":"https:\/\/sezona.lv\/en\/wp-json\/wp\/v2\/media?parent=76941"}],"wp:term":[{"taxonomy":"product_brand","embeddable":true,"href":"https:\/\/sezona.lv\/en\/wp-json\/wp\/v2\/product_brand?post=76941"},{"taxonomy":"product_cat","embeddable":true,"href":"https:\/\/sezona.lv\/en\/wp-json\/wp\/v2\/product_cat?post=76941"},{"taxonomy":"product_tag","embeddable":true,"href":"https:\/\/sezona.lv\/en\/wp-json\/wp\/v2\/product_tag?post=76941"}],"curies":[{"name":"wp","href":"https:\/\/api.w.org\/{rel}","templated":true}]}}