{"id":76943,"date":"2025-07-14T14:58:40","date_gmt":"2025-07-14T11:58:40","guid":{"rendered":"https:\/\/demo8.ecube.lv\/sezona.lv\/products\/stiprinajuma-plaksne-dmm-rigging-hub\/"},"modified":"2025-07-14T14:58:40","modified_gmt":"2025-07-14T11:58:40","slug":"stiprinajuma-plaksne-dmm-rigging-hub","status":"publish","type":"product","link":"https:\/\/sezona.lv\/en\/products\/stiprinajuma-plaksne-dmm-rigging-hub\/","title":{"rendered":"Stiprin\u0101juma pl\u0101ksne DMM Rigging Hub"},"content":{"rendered":"<p><span>Multi-virzienu stiprin\u0101juma punkts. Draudz\u012bgs virv\u0113m un cilp\u0101m.<\/span><\/p>\n","protected":false},"excerpt":{"rendered":"<p>Multi-virzienu stiprin\u0101juma punkts. Draudz\u012bgs virv\u0113m un cilp\u0101m.<\/p>\n","protected":false},"featured_media":0,"template":"","meta":[],"product_brand":[965],"product_cat":[4851,4875,4882],"product_tag":[],"class_list":{"0":"post-76943","1":"product","2":"type-product","3":"status-publish","5":"product_brand-dmm","6":"product_cat-mountaineering-equipment-recreation","7":"product_cat-for-work-at-height-mountaineering-equipment-recreation","8":"product_cat-fasteners-and-slings-for-work-at-height-mountaineering-equipment-recreation","10":"first","11":"instock","12":"shipping-taxable","13":"purchasable","14":"product-type-simple"},"_links":{"self":[{"href":"https:\/\/sezona.lv\/en\/wp-json\/wp\/v2\/product\/76943","targetHints":{"allow":["GET"]}}],"collection":[{"href":"https:\/\/sezona.lv\/en\/wp-json\/wp\/v2\/product"}],"about":[{"href":"https:\/\/sezona.lv\/en\/wp-json\/wp\/v2\/types\/product"}],"wp:attachment":[{"href":"https:\/\/sezona.lv\/en\/wp-json\/wp\/v2\/media?parent=76943"}],"wp:term":[{"taxonomy":"product_brand","embeddable":true,"href":"https:\/\/sezona.lv\/en\/wp-json\/wp\/v2\/product_brand?post=76943"},{"taxonomy":"product_cat","embeddable":true,"href":"https:\/\/sezona.lv\/en\/wp-json\/wp\/v2\/product_cat?post=76943"},{"taxonomy":"product_tag","embeddable":true,"href":"https:\/\/sezona.lv\/en\/wp-json\/wp\/v2\/product_tag?post=76943"}],"curies":[{"name":"wp","href":"https:\/\/api.w.org\/{rel}","templated":true}]}}