{"id":76944,"date":"2025-07-14T14:58:41","date_gmt":"2025-07-14T11:58:41","guid":{"rendered":"https:\/\/demo8.ecube.lv\/sezona.lv\/products\/cilpa-climbing-technology-terminal-rings\/"},"modified":"2025-07-14T14:58:41","modified_gmt":"2025-07-14T11:58:41","slug":"cilpa-climbing-technology-terminal-rings","status":"publish","type":"product","link":"https:\/\/sezona.lv\/en\/products\/cilpa-climbing-technology-terminal-rings\/","title":{"rendered":"Cilpa Climbing Technology Terminal Rings"},"content":{"rendered":"<p align=\"justify\"><span style=\"font-size: x-small\">Speci\u0101la cilpa, lai izveidoto enkura punktu liel\u0101m slodz\u0113m. Lieliski noder\u0113s da\u017e\u0101du kravu cel&scaron;anai un nolai&scaron;anai, gl\u0101b&scaron;anas darbiem un sare\u017e\u0123\u012btu enkuru punktu izveidei. Galos ir met\u0101la ri\u0146\u0137i. Materi\u0101ls ir \u013coti iztur\u012bgs pret nodilumu.<\/span><\/p>\n<p><span style=\"font-size: x-small\"><strong><span style=\"color: #800000\">Specifik\u0101cija:<\/span><\/strong><br \/><strong>Iztur\u012bba:&nbsp;<\/strong>26kN<br \/><strong>Garums:<\/strong>&nbsp;120cm<br \/><strong>Sertifik\u0101cija:<\/strong>&nbsp;CE 0639 EN 795<\/span><\/p>\n","protected":false},"excerpt":{"rendered":"<p>Speci\u0101la cilpa, lai izveidoto enkura punktu liel\u0101m slodz\u0113m. Lieliski noder\u0113s da\u017e\u0101du kravu cel&scaron;anai un nolai&scaron;anai, gl\u0101b&scaron;anas darbiem un sare\u017e\u0123\u012btu enkuru punktu izveidei. Galos ir met\u0101la ri\u0146\u0137i. Materi\u0101ls ir \u013coti iztur\u012bgs pret nodilumu. Specifik\u0101cija:Iztur\u012bba:&nbsp;26kNGarums:&nbsp;120cmSertifik\u0101cija:&nbsp;CE 0639 EN 795<\/p>\n","protected":false},"featured_media":0,"template":"","meta":[],"product_brand":[928],"product_cat":[4851,4875,4882],"product_tag":[],"class_list":{"0":"post-76944","1":"product","2":"type-product","3":"status-publish","5":"product_brand-climbing-technology","6":"product_cat-mountaineering-equipment-recreation","7":"product_cat-for-work-at-height-mountaineering-equipment-recreation","8":"product_cat-fasteners-and-slings-for-work-at-height-mountaineering-equipment-recreation","10":"first","11":"instock","12":"shipping-taxable","13":"purchasable","14":"product-type-simple"},"_links":{"self":[{"href":"https:\/\/sezona.lv\/en\/wp-json\/wp\/v2\/product\/76944","targetHints":{"allow":["GET"]}}],"collection":[{"href":"https:\/\/sezona.lv\/en\/wp-json\/wp\/v2\/product"}],"about":[{"href":"https:\/\/sezona.lv\/en\/wp-json\/wp\/v2\/types\/product"}],"wp:attachment":[{"href":"https:\/\/sezona.lv\/en\/wp-json\/wp\/v2\/media?parent=76944"}],"wp:term":[{"taxonomy":"product_brand","embeddable":true,"href":"https:\/\/sezona.lv\/en\/wp-json\/wp\/v2\/product_brand?post=76944"},{"taxonomy":"product_cat","embeddable":true,"href":"https:\/\/sezona.lv\/en\/wp-json\/wp\/v2\/product_cat?post=76944"},{"taxonomy":"product_tag","embeddable":true,"href":"https:\/\/sezona.lv\/en\/wp-json\/wp\/v2\/product_tag?post=76944"}],"curies":[{"name":"wp","href":"https:\/\/api.w.org\/{rel}","templated":true}]}}