{"id":76946,"date":"2025-07-14T14:58:42","date_gmt":"2025-07-14T11:58:42","guid":{"rendered":"https:\/\/demo8.ecube.lv\/sezona.lv\/products\/instrumentu-soma-dmm-tool-bag-4l\/"},"modified":"2025-07-14T14:58:42","modified_gmt":"2025-07-14T11:58:42","slug":"instrumentu-soma-dmm-tool-bag-4l","status":"publish","type":"product","link":"https:\/\/sezona.lv\/en\/products\/instrumentu-soma-dmm-tool-bag-4l\/","title":{"rendered":"Instrumentu soma DMM Tool Bag 4L"},"content":{"rendered":"<p align=\"justify\"><span style=\"font-size: x-small\">DMM Tool Bag ir \u012bpa&scaron;as ekip\u0113juma un instrumentu somas, kuras b\u016bs noder\u012bgas jebkuram, kas veic darbus augstum\u0101, vai ar\u012b arboristiem. Pal\u012bdz organiz\u0113t instrumentus un s\u012bkumus. To ir iesp\u0113jams piestiprin\u0101t \u0113rti pie dro&scaron;\u012bbas sist\u0113mas ar karab\u012bni. \u0100rpus\u0113 ir divas ekip\u0113juma cilpas un stiprin\u0101juma punkti karab\u012bn\u0113m. Iek&scaron;pus\u0113 ar\u012b ir divas ekip\u0113juma cilpas. Somu ir \u0113rti atv\u0113rt un aizv\u0113rt ar savilc\u0113ju. T\u0101 ir izgatavota no \u013coti iztur\u012bga materi\u0101la.<\/span><\/p>\n<p><span style=\"font-size: x-small\"><strong><span style=\"color: #800000\">Specefik\u0101cija:<\/span><\/strong><br \/>Izm\u0113rs: 4L, 6L<\/span><\/p>\n","protected":false},"excerpt":{"rendered":"<p>DMM Tool Bag ir \u012bpa&scaron;as ekip\u0113juma un instrumentu somas, kuras b\u016bs noder\u012bgas jebkuram, kas veic darbus augstum\u0101, vai ar\u012b arboristiem. Pal\u012bdz organiz\u0113t instrumentus un s\u012bkumus. To ir iesp\u0113jams piestiprin\u0101t \u0113rti pie dro&scaron;\u012bbas sist\u0113mas ar karab\u012bni. \u0100rpus\u0113 ir divas ekip\u0113juma cilpas un stiprin\u0101juma punkti karab\u012bn\u0113m. Iek&scaron;pus\u0113 ar\u012b ir divas ekip\u0113juma cilpas. Somu ir \u0113rti atv\u0113rt un [&hellip;]<\/p>\n","protected":false},"featured_media":0,"template":"","meta":[],"product_brand":[965],"product_cat":[4851,4875,4883],"product_tag":[],"class_list":{"0":"post-76946","1":"product","2":"type-product","3":"status-publish","5":"product_brand-dmm","6":"product_cat-mountaineering-equipment-recreation","7":"product_cat-for-work-at-height-mountaineering-equipment-recreation","8":"product_cat-equipment-bags-for-work-at-height-mountaineering-equipment-recreation","10":"first","11":"instock","12":"shipping-taxable","13":"purchasable","14":"product-type-simple"},"_links":{"self":[{"href":"https:\/\/sezona.lv\/en\/wp-json\/wp\/v2\/product\/76946","targetHints":{"allow":["GET"]}}],"collection":[{"href":"https:\/\/sezona.lv\/en\/wp-json\/wp\/v2\/product"}],"about":[{"href":"https:\/\/sezona.lv\/en\/wp-json\/wp\/v2\/types\/product"}],"wp:attachment":[{"href":"https:\/\/sezona.lv\/en\/wp-json\/wp\/v2\/media?parent=76946"}],"wp:term":[{"taxonomy":"product_brand","embeddable":true,"href":"https:\/\/sezona.lv\/en\/wp-json\/wp\/v2\/product_brand?post=76946"},{"taxonomy":"product_cat","embeddable":true,"href":"https:\/\/sezona.lv\/en\/wp-json\/wp\/v2\/product_cat?post=76946"},{"taxonomy":"product_tag","embeddable":true,"href":"https:\/\/sezona.lv\/en\/wp-json\/wp\/v2\/product_tag?post=76946"}],"curies":[{"name":"wp","href":"https:\/\/api.w.org\/{rel}","templated":true}]}}