{"id":76947,"date":"2025-07-14T14:58:43","date_gmt":"2025-07-14T11:58:43","guid":{"rendered":"https:\/\/demo8.ecube.lv\/sezona.lv\/products\/virvju-soma-dmm-pitcher\/"},"modified":"2025-07-14T14:58:43","modified_gmt":"2025-07-14T11:58:43","slug":"virvju-soma-dmm-pitcher","status":"publish","type":"product","link":"https:\/\/sezona.lv\/en\/products\/virvju-soma-dmm-pitcher\/","title":{"rendered":"Virvju soma DMM Pitcher"},"content":{"rendered":"<div><span style=\"font-size: x-small\">DMM Pitcher ir viegla un \u0113rta virvju soma. T\u0101 ir izgatavota no iztur\u012bga materi\u0101la, t\u0101d\u0113j\u0101di j\u016bsu virve tiks pasarg\u0101ta no smilt\u012bm un net\u012brumiem. Som\u0101 ir iestr\u0101d\u0101ts virves pakl\u0101ji\u0146&scaron;, lai j\u016bs var\u0113tu tur\u0113t savu virvi uz t\u0101. Soma ir pietiekami ietilp\u012bga, lai taj\u0101 ievietotu 80m pamatvirvi vai divas 60m dubult\u0101s virves. Soma ir ide\u0101li piem\u0113rota klin&scaron;u k\u0101p&scaron;anai.<\/span><\/div>\n<p><span style=\"font-size: x-small\"><span style=\"color: #800000\"><br \/><strong>Specifik\u0101cija:<\/strong><\/span><br \/><strong>Tilpums:<\/strong>&nbsp;30L<\/span><\/p>\n","protected":false},"excerpt":{"rendered":"<p>DMM Pitcher ir viegla un \u0113rta virvju soma. T\u0101 ir izgatavota no iztur\u012bga materi\u0101la, t\u0101d\u0113j\u0101di j\u016bsu virve tiks pasarg\u0101ta no smilt\u012bm un net\u012brumiem. Som\u0101 ir iestr\u0101d\u0101ts virves pakl\u0101ji\u0146&scaron;, lai j\u016bs var\u0113tu tur\u0113t savu virvi uz t\u0101. Soma ir pietiekami ietilp\u012bga, lai taj\u0101 ievietotu 80m pamatvirvi vai divas 60m dubult\u0101s virves. Soma ir ide\u0101li piem\u0113rota klin&scaron;u [&hellip;]<\/p>\n","protected":false},"featured_media":0,"template":"","meta":[],"product_brand":[965],"product_cat":[4851,4885,4893],"product_tag":[],"class_list":{"0":"post-76947","1":"product","2":"type-product","3":"status-publish","5":"product_brand-dmm","6":"product_cat-mountaineering-equipment-recreation","7":"product_cat-ropes-mountaineering-equipment-recreation","8":"product_cat-rope-and-equipment-bags-ropes-mountaineering-equipment-recreation","10":"first","11":"instock","12":"shipping-taxable","13":"purchasable","14":"product-type-simple"},"_links":{"self":[{"href":"https:\/\/sezona.lv\/en\/wp-json\/wp\/v2\/product\/76947","targetHints":{"allow":["GET"]}}],"collection":[{"href":"https:\/\/sezona.lv\/en\/wp-json\/wp\/v2\/product"}],"about":[{"href":"https:\/\/sezona.lv\/en\/wp-json\/wp\/v2\/types\/product"}],"wp:attachment":[{"href":"https:\/\/sezona.lv\/en\/wp-json\/wp\/v2\/media?parent=76947"}],"wp:term":[{"taxonomy":"product_brand","embeddable":true,"href":"https:\/\/sezona.lv\/en\/wp-json\/wp\/v2\/product_brand?post=76947"},{"taxonomy":"product_cat","embeddable":true,"href":"https:\/\/sezona.lv\/en\/wp-json\/wp\/v2\/product_cat?post=76947"},{"taxonomy":"product_tag","embeddable":true,"href":"https:\/\/sezona.lv\/en\/wp-json\/wp\/v2\/product_tag?post=76947"}],"curies":[{"name":"wp","href":"https:\/\/api.w.org\/{rel}","templated":true}]}}