{"id":76948,"date":"2025-07-14T14:58:44","date_gmt":"2025-07-14T11:58:44","guid":{"rendered":"https:\/\/demo8.ecube.lv\/sezona.lv\/products\/virvju-soma-dmm-classic-rope-bag\/"},"modified":"2025-07-14T14:58:44","modified_gmt":"2025-07-14T11:58:44","slug":"virvju-soma-dmm-classic-rope-bag","status":"publish","type":"product","link":"https:\/\/sezona.lv\/en\/products\/virvju-soma-dmm-classic-rope-bag\/","title":{"rendered":"Virvju soma DMM Classic Rope Bag"},"content":{"rendered":"<div class=\"rte\">\n<p>&Scaron;i ir \u013coti ietilp\u012bga virvju soma. J\u016bs taj\u0101 varat  ievietot 80m pamatvirvi un v\u0113l k\u0101p&scaron;anas ekip\u0113jumu. Somai iek&scaron;pus\u0113 ir  liels virves pakl\u0101ji\u0146&scaron; ar cilp\u0101m kur iesiet virvi. Atsevi&scaron;\u0137a kabati\u0146a ar  r\u0101v\u0113jsl\u0113dz\u0113ju atsl\u0113g\u0101m un citiem s\u012bkumiem. Soma ir ide\u0101li piem\u0113rota  klin&scaron;u k\u0101p&scaron;anai. To var p\u0101rveidot ar\u012b par plecu somu.<\/p>\n<h4>Specifik\u0101cija:<\/h4>\n<p><strong>Tilpums<\/strong>: 31 Litri<\/p>\n<\/div>\n","protected":false},"excerpt":{"rendered":"<p>&Scaron;i ir \u013coti ietilp\u012bga virvju soma. J\u016bs taj\u0101 varat ievietot 80m pamatvirvi un v\u0113l k\u0101p&scaron;anas ekip\u0113jumu. Somai iek&scaron;pus\u0113 ir liels virves pakl\u0101ji\u0146&scaron; ar cilp\u0101m kur iesiet virvi. Atsevi&scaron;\u0137a kabati\u0146a ar r\u0101v\u0113jsl\u0113dz\u0113ju atsl\u0113g\u0101m un citiem s\u012bkumiem. Soma ir ide\u0101li piem\u0113rota klin&scaron;u k\u0101p&scaron;anai. To var p\u0101rveidot ar\u012b par plecu somu. Specifik\u0101cija: Tilpums: 31 Litri<\/p>\n","protected":false},"featured_media":0,"template":"","meta":[],"product_brand":[965],"product_cat":[4851,4885,4893],"product_tag":[],"class_list":{"0":"post-76948","1":"product","2":"type-product","3":"status-publish","5":"product_brand-dmm","6":"product_cat-mountaineering-equipment-recreation","7":"product_cat-ropes-mountaineering-equipment-recreation","8":"product_cat-rope-and-equipment-bags-ropes-mountaineering-equipment-recreation","10":"first","11":"instock","12":"shipping-taxable","13":"purchasable","14":"product-type-simple"},"_links":{"self":[{"href":"https:\/\/sezona.lv\/en\/wp-json\/wp\/v2\/product\/76948","targetHints":{"allow":["GET"]}}],"collection":[{"href":"https:\/\/sezona.lv\/en\/wp-json\/wp\/v2\/product"}],"about":[{"href":"https:\/\/sezona.lv\/en\/wp-json\/wp\/v2\/types\/product"}],"wp:attachment":[{"href":"https:\/\/sezona.lv\/en\/wp-json\/wp\/v2\/media?parent=76948"}],"wp:term":[{"taxonomy":"product_brand","embeddable":true,"href":"https:\/\/sezona.lv\/en\/wp-json\/wp\/v2\/product_brand?post=76948"},{"taxonomy":"product_cat","embeddable":true,"href":"https:\/\/sezona.lv\/en\/wp-json\/wp\/v2\/product_cat?post=76948"},{"taxonomy":"product_tag","embeddable":true,"href":"https:\/\/sezona.lv\/en\/wp-json\/wp\/v2\/product_tag?post=76948"}],"curies":[{"name":"wp","href":"https:\/\/api.w.org\/{rel}","templated":true}]}}