{"id":76949,"date":"2025-07-14T14:58:44","date_gmt":"2025-07-14T11:58:44","guid":{"rendered":"https:\/\/demo8.ecube.lv\/sezona.lv\/products\/ekipejuma-soma-grivel-haul-bag\/"},"modified":"2025-07-14T14:58:44","modified_gmt":"2025-07-14T11:58:44","slug":"ekipejuma-soma-grivel-haul-bag","status":"publish","type":"product","link":"https:\/\/sezona.lv\/en\/products\/ekipejuma-soma-grivel-haul-bag\/","title":{"rendered":"Ekip\u0113juma soma Grivel Haul Bag"},"content":{"rendered":"<p><span style=\"font-size: x-small\">Grivel Haul Bag ir ekip\u0113juma un virvju soma, kas ir piem\u0113rota Big Wall k\u0101p&scaron;anai un eksped\u012bcij\u0101m. Soma ir izgatavota no \u013coti iztur\u012bga materi\u0101la. Plecu siksnas un gurnu josta ir no\u0146emamas un t\u0101s transport\u0113&scaron;anas br\u012bd\u012b var ievietot som\u0101. Vair\u0101ki stiprin\u0101juma punkti, kur pievienot karab\u012bni, kad soma tiek vilkta aug&scaron;\u0101.<\/span><br \/><span style=\"font-size: x-small\"><strong><span style=\"color: #800000\"><br \/>Specifik\u0101cija:<\/span><\/strong><br \/><strong>Tilpums:<\/strong>&nbsp;60L<br \/><strong>Svars:&nbsp;<\/strong>1990g<\/span><\/p>\n","protected":false},"excerpt":{"rendered":"<p>Grivel Haul Bag ir ekip\u0113juma un virvju soma, kas ir piem\u0113rota Big Wall k\u0101p&scaron;anai un eksped\u012bcij\u0101m. Soma ir izgatavota no \u013coti iztur\u012bga materi\u0101la. Plecu siksnas un gurnu josta ir no\u0146emamas un t\u0101s transport\u0113&scaron;anas br\u012bd\u012b var ievietot som\u0101. Vair\u0101ki stiprin\u0101juma punkti, kur pievienot karab\u012bni, kad soma tiek vilkta aug&scaron;\u0101.Specifik\u0101cija:Tilpums:&nbsp;60LSvars:&nbsp;1990g<\/p>\n","protected":false},"featured_media":0,"template":"","meta":[],"product_brand":[966],"product_cat":[4851,4875,4883],"product_tag":[],"class_list":{"0":"post-76949","1":"product","2":"type-product","3":"status-publish","5":"product_brand-grivel","6":"product_cat-mountaineering-equipment-recreation","7":"product_cat-for-work-at-height-mountaineering-equipment-recreation","8":"product_cat-equipment-bags-for-work-at-height-mountaineering-equipment-recreation","10":"first","11":"instock","12":"shipping-taxable","13":"purchasable","14":"product-type-simple"},"_links":{"self":[{"href":"https:\/\/sezona.lv\/en\/wp-json\/wp\/v2\/product\/76949","targetHints":{"allow":["GET"]}}],"collection":[{"href":"https:\/\/sezona.lv\/en\/wp-json\/wp\/v2\/product"}],"about":[{"href":"https:\/\/sezona.lv\/en\/wp-json\/wp\/v2\/types\/product"}],"wp:attachment":[{"href":"https:\/\/sezona.lv\/en\/wp-json\/wp\/v2\/media?parent=76949"}],"wp:term":[{"taxonomy":"product_brand","embeddable":true,"href":"https:\/\/sezona.lv\/en\/wp-json\/wp\/v2\/product_brand?post=76949"},{"taxonomy":"product_cat","embeddable":true,"href":"https:\/\/sezona.lv\/en\/wp-json\/wp\/v2\/product_cat?post=76949"},{"taxonomy":"product_tag","embeddable":true,"href":"https:\/\/sezona.lv\/en\/wp-json\/wp\/v2\/product_tag?post=76949"}],"curies":[{"name":"wp","href":"https:\/\/api.w.org\/{rel}","templated":true}]}}