{"id":76950,"date":"2025-07-14T14:58:45","date_gmt":"2025-07-14T11:58:45","guid":{"rendered":"https:\/\/demo8.ecube.lv\/sezona.lv\/products\/virves-aizsargs-climbing-technology-rope-shield\/"},"modified":"2025-07-14T14:58:45","modified_gmt":"2025-07-14T11:58:45","slug":"virves-aizsargs-climbing-technology-rope-shield","status":"publish","type":"product","link":"https:\/\/sezona.lv\/en\/products\/virves-aizsargs-climbing-technology-rope-shield\/","title":{"rendered":"Virves aizsargs Climbing Technology Rope shield"},"content":{"rendered":"<p align=\"justify\"><span style=\"font-size: x-small\">Iztur\u012bgs virvju aizsargs, kas pasarg\u0101s j\u016bsu virves no meh\u0101niskiem boj\u0101jumiem, kuri rodas virvei berz\u0113joties pret as\u0101m mal\u0101m, piem\u0113ram, sk\u0101rds, betons met\u0101la sijas.<br \/><\/span><\/p>\n<div><\/div>\n<p align=\"justify\"><span style=\"font-size: x-small\"><strong><span style=\"color: #800000\">Specifik\u0101cija:<\/span><\/strong><br \/>Svars: 73g.<br \/>Garums: 70cm<\/span><\/p>\n","protected":false},"excerpt":{"rendered":"<p>Iztur\u012bgs virvju aizsargs, kas pasarg\u0101s j\u016bsu virves no meh\u0101niskiem boj\u0101jumiem, kuri rodas virvei berz\u0113joties pret as\u0101m mal\u0101m, piem\u0113ram, sk\u0101rds, betons met\u0101la sijas. Specifik\u0101cija:Svars: 73g.Garums: 70cm<\/p>\n","protected":false},"featured_media":0,"template":"","meta":[],"product_brand":[928],"product_cat":[4851,4885,4892],"product_tag":[],"class_list":{"0":"post-76950","1":"product","2":"type-product","3":"status-publish","5":"product_brand-climbing-technology","6":"product_cat-mountaineering-equipment-recreation","7":"product_cat-ropes-mountaineering-equipment-recreation","8":"product_cat-rope-guards-and-care-products-ropes-mountaineering-equipment-recreation","10":"first","11":"instock","12":"shipping-taxable","13":"purchasable","14":"product-type-simple"},"_links":{"self":[{"href":"https:\/\/sezona.lv\/en\/wp-json\/wp\/v2\/product\/76950","targetHints":{"allow":["GET"]}}],"collection":[{"href":"https:\/\/sezona.lv\/en\/wp-json\/wp\/v2\/product"}],"about":[{"href":"https:\/\/sezona.lv\/en\/wp-json\/wp\/v2\/types\/product"}],"wp:attachment":[{"href":"https:\/\/sezona.lv\/en\/wp-json\/wp\/v2\/media?parent=76950"}],"wp:term":[{"taxonomy":"product_brand","embeddable":true,"href":"https:\/\/sezona.lv\/en\/wp-json\/wp\/v2\/product_brand?post=76950"},{"taxonomy":"product_cat","embeddable":true,"href":"https:\/\/sezona.lv\/en\/wp-json\/wp\/v2\/product_cat?post=76950"},{"taxonomy":"product_tag","embeddable":true,"href":"https:\/\/sezona.lv\/en\/wp-json\/wp\/v2\/product_tag?post=76950"}],"curies":[{"name":"wp","href":"https:\/\/api.w.org\/{rel}","templated":true}]}}