{"id":76951,"date":"2025-07-14T14:58:46","date_gmt":"2025-07-14T11:58:46","guid":{"rendered":"https:\/\/demo8.ecube.lv\/sezona.lv\/products\/impregnetajs-nikwax-rope-proof\/"},"modified":"2025-07-14T14:58:46","modified_gmt":"2025-07-14T11:58:46","slug":"impregnetajs-nikwax-rope-proof","status":"publish","type":"product","link":"https:\/\/sezona.lv\/en\/products\/impregnetajs-nikwax-rope-proof\/","title":{"rendered":"Impregn\u0113t\u0101js Nikwax Rope Proof"},"content":{"rendered":"<p align=\"justify\"><span style=\"font-size: x-small\">Ies\u016bcin\u0101ms impregn\u0113&scaron;anas l\u012bdzeklis (hidrofobizators) virv\u0113m.<br \/>\u0112rti lietojams, \u016bdens b\u0101zes l\u012bdzeklis \u016bdensatgr\u016bdo&scaron;u \u012bpa&scaron;\u012bbu pie&scaron;\u0137ir&scaron;ani (impregn\u0113&scaron;anai) vis\u0101m sint\u0113tiskaj\u0101m virv\u0113m. Rope Proof pal\u012bdz saglab\u0101t virves iztur\u012bbas r\u0101d\u012bt\u0101jus un samazina t\u0101s svaru mitros laika apst\u0101k\u013cos.<\/span><\/p>\n<p align=\"justify\">&nbsp;<\/p>\n<p align=\"justify\"><span style=\"font-size: x-small\">Lieto&scaron;ana (lietojiet cimdus):<br \/>1. P\u0101rliecinieties vai virve ir t\u012bra (cik tas ir iesp\u0113jams).<br \/>2. Vann\u0101 sajauciet 1 pudeli Rope Proof ar 10 pudel\u0113m silta \u016bdens (1 litrs Rope Proof paredz\u0113ts 50 metriem virves)<br \/>3. Iem\u0113rciet virvi \u016bden\u012b. Ja nepiecie&scaron;ams pievienojiet karstu \u016bdeni, lai tas piln\u012bb\u0101 nosegtu virvi.<br \/>4. Atst\u0101jiet impregn\u0113&scaron;ani 2 stundas, ik p\u0113c 15 min\u016bt\u0113m apmaisiet.<br \/>5. Lai virve nesap\u012btos ielieciet to vec\u0101 spilvendr\u0101n\u0101 vai auduma mais\u0101 un ievietojiet ve\u013cas ma&scaron;in\u0101.<br \/>6. Uzst\u0101diet sint\u0113tisko audumu mazg\u0101&scaron;anas rez\u012bmu ar temperat\u016bru 40*C.<br \/>7. Palai\u017eiet pilnu mazg\u0101&scaron;anas ciklu ieskaitot skalo&scaron;anu.&nbsp;&nbsp;<\/span><\/p>\n<p align=\"justify\">&nbsp;<\/p>\n<p align=\"justify\"><span style=\"font-size: x-small\">\u017d\u0101v\u0113&scaron;ana<br \/>Ma&scaron;\u012bnas \u017e\u0101v\u0113&scaron;ana 60 min\u016btes zem\u0101 vai vid\u0113j\u0101 temperat\u016bras re\u017e\u012bm\u0101. Pirms lieto&scaron;anas vai iepako&scaron;anas r\u016bp\u012bgi iz\u017e\u0101v\u0113jiet labi v\u0113din\u0101m\u0101s telp\u0101s (ieteicams \u017e\u0101v\u0113t vair\u0101kas dienas)<\/span><\/p>\n<p align=\"justify\">&nbsp;<\/p>\n<p align=\"justify\"><span style=\"font-size: x-small\">Lab\u0101ka rezult\u0101ta sasnieg&scaron;anai apstr\u0101d\u0101jamo virvi izmazg\u0101jiet ar l\u012bdzekli Nikwax&reg; Tech Wash&reg;. Virvi pirms impregn\u0113&scaron;anas ne\u017e\u0101v\u0113t. Pirms lieto&scaron;anas sakrat\u012bt. Sekojiet kop&scaron;anas instrukcijai uz izstr\u0101d\u0101juma eti\u0137etes.<\/span><\/p>\n","protected":false},"excerpt":{"rendered":"<p>Ies\u016bcin\u0101ms impregn\u0113&scaron;anas l\u012bdzeklis (hidrofobizators) virv\u0113m.\u0112rti lietojams, \u016bdens b\u0101zes l\u012bdzeklis \u016bdensatgr\u016bdo&scaron;u \u012bpa&scaron;\u012bbu pie&scaron;\u0137ir&scaron;ani (impregn\u0113&scaron;anai) vis\u0101m sint\u0113tiskaj\u0101m virv\u0113m. Rope Proof pal\u012bdz saglab\u0101t virves iztur\u012bbas r\u0101d\u012bt\u0101jus un samazina t\u0101s svaru mitros laika apst\u0101k\u013cos. &nbsp; Lieto&scaron;ana (lietojiet cimdus):1. P\u0101rliecinieties vai virve ir t\u012bra (cik tas ir iesp\u0113jams).2. Vann\u0101 sajauciet 1 pudeli Rope Proof ar 10 pudel\u0113m silta \u016bdens (1 [&hellip;]<\/p>\n","protected":false},"featured_media":0,"template":"","meta":[],"product_brand":[],"product_cat":[4851,4885,4892],"product_tag":[],"class_list":{"0":"post-76951","1":"product","2":"type-product","3":"status-publish","5":"product_cat-mountaineering-equipment-recreation","6":"product_cat-ropes-mountaineering-equipment-recreation","7":"product_cat-rope-guards-and-care-products-ropes-mountaineering-equipment-recreation","9":"first","10":"instock","11":"shipping-taxable","12":"purchasable","13":"product-type-simple"},"_links":{"self":[{"href":"https:\/\/sezona.lv\/en\/wp-json\/wp\/v2\/product\/76951","targetHints":{"allow":["GET"]}}],"collection":[{"href":"https:\/\/sezona.lv\/en\/wp-json\/wp\/v2\/product"}],"about":[{"href":"https:\/\/sezona.lv\/en\/wp-json\/wp\/v2\/types\/product"}],"wp:attachment":[{"href":"https:\/\/sezona.lv\/en\/wp-json\/wp\/v2\/media?parent=76951"}],"wp:term":[{"taxonomy":"product_brand","embeddable":true,"href":"https:\/\/sezona.lv\/en\/wp-json\/wp\/v2\/product_brand?post=76951"},{"taxonomy":"product_cat","embeddable":true,"href":"https:\/\/sezona.lv\/en\/wp-json\/wp\/v2\/product_cat?post=76951"},{"taxonomy":"product_tag","embeddable":true,"href":"https:\/\/sezona.lv\/en\/wp-json\/wp\/v2\/product_tag?post=76951"}],"curies":[{"name":"wp","href":"https:\/\/api.w.org\/{rel}","templated":true}]}}