{"id":76957,"date":"2025-07-14T14:58:53","date_gmt":"2025-07-14T11:58:53","guid":{"rendered":"https:\/\/demo8.ecube.lv\/sezona.lv\/products\/sistemas-core-krusu-zumars-edelrid-ascender-kit\/"},"modified":"2025-07-14T14:58:53","modified_gmt":"2025-07-14T11:58:53","slug":"sistemas-core-krusu-zumars-edelrid-ascender-kit","status":"publish","type":"product","link":"https:\/\/sezona.lv\/en\/products\/sistemas-core-krusu-zumars-edelrid-ascender-kit\/","title":{"rendered":"Sist\u0113mas Core kr\u016b\u0161u \u017eum\u0101rs Edelrid Ascender Kit"},"content":{"rendered":"<p><span>Kr\u016b&scaron;u virves saspied\u0113ja komplekts (\u017eum\u0101rs) Core sist\u0113mai (iekarei).<\/span><\/p>\n","protected":false},"excerpt":{"rendered":"<p>Kr\u016b&scaron;u virves saspied\u0113ja komplekts (\u017eum\u0101rs) Core sist\u0113mai (iekarei).<\/p>\n","protected":false},"featured_media":0,"template":"","meta":[],"product_brand":[3348],"product_cat":[4851,4875,4876],"product_tag":[],"class_list":{"0":"post-76957","1":"product","2":"type-product","3":"status-publish","5":"product_brand-edelrid","6":"product_cat-mountaineering-equipment-recreation","7":"product_cat-for-work-at-height-mountaineering-equipment-recreation","8":"product_cat-harnesses-systems-en-dupcheck-810-for-work-at-height-mountaineering-equipment-recreation","10":"first","11":"instock","12":"shipping-taxable","13":"purchasable","14":"product-type-simple"},"_links":{"self":[{"href":"https:\/\/sezona.lv\/en\/wp-json\/wp\/v2\/product\/76957","targetHints":{"allow":["GET"]}}],"collection":[{"href":"https:\/\/sezona.lv\/en\/wp-json\/wp\/v2\/product"}],"about":[{"href":"https:\/\/sezona.lv\/en\/wp-json\/wp\/v2\/types\/product"}],"wp:attachment":[{"href":"https:\/\/sezona.lv\/en\/wp-json\/wp\/v2\/media?parent=76957"}],"wp:term":[{"taxonomy":"product_brand","embeddable":true,"href":"https:\/\/sezona.lv\/en\/wp-json\/wp\/v2\/product_brand?post=76957"},{"taxonomy":"product_cat","embeddable":true,"href":"https:\/\/sezona.lv\/en\/wp-json\/wp\/v2\/product_cat?post=76957"},{"taxonomy":"product_tag","embeddable":true,"href":"https:\/\/sezona.lv\/en\/wp-json\/wp\/v2\/product_tag?post=76957"}],"curies":[{"name":"wp","href":"https:\/\/api.w.org\/{rel}","templated":true}]}}