{"id":76958,"date":"2025-07-14T14:58:54","date_gmt":"2025-07-14T11:58:54","guid":{"rendered":"https:\/\/demo8.ecube.lv\/sezona.lv\/products\/sistema-singing-rock-ropedancer-s\/"},"modified":"2025-07-14T14:58:54","modified_gmt":"2025-07-14T11:58:54","slug":"sistema-singing-rock-ropedancer-s","status":"publish","type":"product","link":"https:\/\/sezona.lv\/en\/products\/sistema-singing-rock-ropedancer-s\/","title":{"rendered":"Sist\u0113ma Singing Rock Ropedancer S"},"content":{"rendered":"<p><span>Piln\u0101 sist\u0113ma, kas piem\u0113rota piedz\u012bvojumu parkiem, to iesp\u0113jams izmantot ar\u012b darbiem augstum\u0101. T\u0101 ir viegli uzvelkama un novelkama. Apr\u012bkota ar viegli regul\u0113jam\u0101m aizdares spr\u0101dz\u0113m. Sist\u0113mai ir priek&scaron;\u0113jais un aizmugur\u0113jais stiprin\u0101juma punkts. Nolai&scaron;an\u0101s\/k\u0101p&scaron;anas priek&scaron;\u0113jais stiprin\u0101juma punkts. Sist\u0113mai ir stiprin\u0101ti iesie&scaron;an\u0101s punkti.<\/span><br \/><span>Sertifik\u0101cija: CE 1019, EN 361, EN 813<\/span><\/p>\n<p>&nbsp;<\/p>\n<div class=\"title\"><span>Specifik\u0101cija<\/span><\/div>\n<ul id=\"item_traits_list\">\n<li id=\"traits_target_30819\" class=\"selected\"><em title=\"Dzeltena\"><\/em>M\/L<\/li>\n<li id=\"traits_target_30820\"><em title=\"Oran\u017ea\"><\/em>XL<\/li>\n<li id=\"traits_target_42309\"><em title=\"Pel\u0113ka\"><\/em>S<\/li>\n<\/ul>\n<ul id=\"traits_30819\" class=\"item_traits\">\n<li><label>Kataloga numurs:<\/label><span>C5003BY03<\/span><\/li>\n<li class=\"odd\"><label>Kr\u0101sa:<\/label><span>Dzeltena<\/span><\/li>\n<li><label>Izm\u0113rs:<\/label><span>M\/L<\/span><\/li>\n<li class=\"odd\"><label>Augums:<\/label><span>160-180 cm<\/span><\/li>\n<li><label>Stiprin\u0101juma punkts muguras:<\/label><span>ir<\/span><\/li>\n<li class=\"odd\"><label>Stiprin\u0101juma punkts v\u0113dera:<\/label><span>ir<\/span><\/li>\n<li><label>Viduk\u013ca apk\u0101rtm\u0113rs:<\/label><span>75-100 cm<\/span><\/li>\n<li class=\"odd\"><label>Svars:<\/label><span>1.31 kg<\/span><\/li>\n<\/ul>\n","protected":false},"excerpt":{"rendered":"<p>Piln\u0101 sist\u0113ma, kas piem\u0113rota piedz\u012bvojumu parkiem, to iesp\u0113jams izmantot ar\u012b darbiem augstum\u0101. T\u0101 ir viegli uzvelkama un novelkama. Apr\u012bkota ar viegli regul\u0113jam\u0101m aizdares spr\u0101dz\u0113m. Sist\u0113mai ir priek&scaron;\u0113jais un aizmugur\u0113jais stiprin\u0101juma punkts. Nolai&scaron;an\u0101s\/k\u0101p&scaron;anas priek&scaron;\u0113jais stiprin\u0101juma punkts. Sist\u0113mai ir stiprin\u0101ti iesie&scaron;an\u0101s punkti.Sertifik\u0101cija: CE 1019, EN 361, EN 813 &nbsp; Specifik\u0101cija M\/L XL S Kataloga numurs:C5003BY03 Kr\u0101sa:Dzeltena Izm\u0113rs:M\/L [&hellip;]<\/p>\n","protected":false},"featured_media":0,"template":"","meta":[],"product_brand":[3350],"product_cat":[4851,4875,4876],"product_tag":[],"class_list":{"0":"post-76958","1":"product","2":"type-product","3":"status-publish","5":"product_brand-singing-rock","6":"product_cat-mountaineering-equipment-recreation","7":"product_cat-for-work-at-height-mountaineering-equipment-recreation","8":"product_cat-harnesses-systems-en-dupcheck-810-for-work-at-height-mountaineering-equipment-recreation","10":"first","11":"instock","12":"shipping-taxable","13":"purchasable","14":"product-type-simple"},"_links":{"self":[{"href":"https:\/\/sezona.lv\/en\/wp-json\/wp\/v2\/product\/76958","targetHints":{"allow":["GET"]}}],"collection":[{"href":"https:\/\/sezona.lv\/en\/wp-json\/wp\/v2\/product"}],"about":[{"href":"https:\/\/sezona.lv\/en\/wp-json\/wp\/v2\/types\/product"}],"wp:attachment":[{"href":"https:\/\/sezona.lv\/en\/wp-json\/wp\/v2\/media?parent=76958"}],"wp:term":[{"taxonomy":"product_brand","embeddable":true,"href":"https:\/\/sezona.lv\/en\/wp-json\/wp\/v2\/product_brand?post=76958"},{"taxonomy":"product_cat","embeddable":true,"href":"https:\/\/sezona.lv\/en\/wp-json\/wp\/v2\/product_cat?post=76958"},{"taxonomy":"product_tag","embeddable":true,"href":"https:\/\/sezona.lv\/en\/wp-json\/wp\/v2\/product_tag?post=76958"}],"curies":[{"name":"wp","href":"https:\/\/api.w.org\/{rel}","templated":true}]}}