{"id":76959,"date":"2025-07-14T14:58:54","date_gmt":"2025-07-14T11:58:54","guid":{"rendered":"https:\/\/demo8.ecube.lv\/sezona.lv\/products\/sistema-petzl-top-chest-c81aaa\/"},"modified":"2025-07-14T14:58:54","modified_gmt":"2025-07-14T11:58:54","slug":"sistema-petzl-top-chest-c81aaa","status":"publish","type":"product","link":"https:\/\/sezona.lv\/en\/products\/sistema-petzl-top-chest-c81aaa\/","title":{"rendered":"Sist\u0113ma Petzl Top Chest C81AAA"},"content":{"rendered":"<p><span>Komfortabla kr\u016b&scaron;u sist\u0113ma, kas paredz\u0113ta s\u0113do&scaron;as poz\u012bcijas sist\u0113mas (iekares) (AVAO SIT, FALCON un SEQUOIA SRT) p\u0101rveido&scaron;anai par kritienu blo\u0137\u0113&scaron;anas sist\u0113mu (iekari). T\u0101 pievienojas pie aizmugur\u0113j\u0101s spr\u0101dzes un savienojas ar v\u0113dera stiprin\u0101juma punktu. Putu pild\u012bjuma plecu lences ir pla&scaron;i novietotas, lai samazin\u0101tu kakla noberzumus. Kad josta ir noslogota, t\u0101s pal\u012bdz izl\u012bdzin\u0101t slodzi p\u0101r pleciem. Plecu siksnas apr\u012bkotas ar pa&scaron;blo\u0137\u0113jo&scaron;\u0101m DoubleBack aizdares spr\u0101dz\u0113m \u0101trai un vieglai regul\u0101cijai. Kr\u016b&scaron;u stiprin\u0101juma punkts kritienu blo\u0137\u0113&scaron;anas sist\u0113mas pievieno&scaron;anai. Sertifik\u0101cija: CE EN 361 (ar AVAO SIT, FALCON, SEQUOIA SRT s\u0113do&scaron;as poz\u012bcijas sist\u0113m\u0101m (iekar\u0113m)).<\/span><\/p>\n<p>&nbsp;<\/p>\n<ul class=\"item_traits\">\n<li class=\"odd\"><label>Augums:<\/label><span>160 &#8211; 200 cm<\/span><\/li>\n<li><label>Svars:<\/label><span>660 g<\/span><\/li>\n<\/ul>\n","protected":false},"excerpt":{"rendered":"<p>Komfortabla kr\u016b&scaron;u sist\u0113ma, kas paredz\u0113ta s\u0113do&scaron;as poz\u012bcijas sist\u0113mas (iekares) (AVAO SIT, FALCON un SEQUOIA SRT) p\u0101rveido&scaron;anai par kritienu blo\u0137\u0113&scaron;anas sist\u0113mu (iekari). T\u0101 pievienojas pie aizmugur\u0113j\u0101s spr\u0101dzes un savienojas ar v\u0113dera stiprin\u0101juma punktu. Putu pild\u012bjuma plecu lences ir pla&scaron;i novietotas, lai samazin\u0101tu kakla noberzumus. Kad josta ir noslogota, t\u0101s pal\u012bdz izl\u012bdzin\u0101t slodzi p\u0101r pleciem. Plecu siksnas [&hellip;]<\/p>\n","protected":false},"featured_media":0,"template":"","meta":[],"product_brand":[957],"product_cat":[4851,4875,4876],"product_tag":[],"class_list":{"0":"post-76959","1":"product","2":"type-product","3":"status-publish","5":"product_brand-petzl","6":"product_cat-mountaineering-equipment-recreation","7":"product_cat-for-work-at-height-mountaineering-equipment-recreation","8":"product_cat-harnesses-systems-en-dupcheck-810-for-work-at-height-mountaineering-equipment-recreation","10":"first","11":"instock","12":"shipping-taxable","13":"purchasable","14":"product-type-simple"},"_links":{"self":[{"href":"https:\/\/sezona.lv\/en\/wp-json\/wp\/v2\/product\/76959","targetHints":{"allow":["GET"]}}],"collection":[{"href":"https:\/\/sezona.lv\/en\/wp-json\/wp\/v2\/product"}],"about":[{"href":"https:\/\/sezona.lv\/en\/wp-json\/wp\/v2\/types\/product"}],"wp:attachment":[{"href":"https:\/\/sezona.lv\/en\/wp-json\/wp\/v2\/media?parent=76959"}],"wp:term":[{"taxonomy":"product_brand","embeddable":true,"href":"https:\/\/sezona.lv\/en\/wp-json\/wp\/v2\/product_brand?post=76959"},{"taxonomy":"product_cat","embeddable":true,"href":"https:\/\/sezona.lv\/en\/wp-json\/wp\/v2\/product_cat?post=76959"},{"taxonomy":"product_tag","embeddable":true,"href":"https:\/\/sezona.lv\/en\/wp-json\/wp\/v2\/product_tag?post=76959"}],"curies":[{"name":"wp","href":"https:\/\/api.w.org\/{rel}","templated":true}]}}