{"id":76961,"date":"2025-07-14T14:58:56","date_gmt":"2025-07-14T11:58:56","guid":{"rendered":"https:\/\/demo8.ecube.lv\/sezona.lv\/products\/sistema-petzl-newton-2\/"},"modified":"2025-07-14T14:58:56","modified_gmt":"2025-07-14T11:58:56","slug":"sistema-petzl-newton-2","status":"publish","type":"product","link":"https:\/\/sezona.lv\/en\/products\/sistema-petzl-newton-2\/","title":{"rendered":"Sist\u0113ma Petzl Newton 2"},"content":{"rendered":"<p><span>Vienk\u0101r&scaron;ota piln\u0101 sist\u0113ma gl\u0101b&scaron;anas darbiem un darbiem augstum\u0101. Aug&scaron;da\u013cas un apak&scaron;da\u013cas siksnas ir at&scaron;\u0137ir\u012bg\u0101s kr\u0101s\u0101s, lai t\u0101d\u0113j\u0101di nodro&scaron;in\u0101tu sist\u0113mas pareizu uzvilk&scaron;anu. Muguras stiprin\u0101juma punkts kritiena blo\u0137\u0113t\u0101ja stiprin\u0101&scaron;anai. Plecu lences ar DoubleBack pa&scaron;sl\u0113dzo&scaron;aj\u0101m spr\u0101dz\u0113m. Divas ekip\u0113juma cilpas. Darba poz\u012bcija ar centr\u0101lo v\u0113dera stiprin\u0101juma punktu iesp\u0113jama ar PAD FAST sist\u0113mas jostu.<\/span><\/p>\n<p>&nbsp;<\/p>\n<ul id=\"traits_2042\" class=\"item_traits\">\n<li class=\"odd\"><label>Kr\u0101sa:<\/label><span>Dzeltena<\/span><\/li>\n<li><label>Izm\u0113rs:<\/label><span>2<\/span><\/li>\n<li class=\"odd\"><label>Augums:<\/label><span>180-195 cm<\/span><\/li>\n<li><label>Ekip\u0113juma cilpas:<\/label><span>2<\/span><\/li>\n<li class=\"odd\"><label>K\u0101ju apk\u0101rtm\u0113rs:<\/label><span>55-75 cm<\/span><\/li>\n<li><label>Stiprin\u0101juma punkts kr\u016b&scaron;u:<\/label><span>ir<\/span><\/li>\n<li class=\"odd\"><label>Stiprin\u0101juma punkts muguras:<\/label><span>ir<\/span><\/li>\n<li><label>Viduk\u013ca apk\u0101rtm\u0113rs:<\/label><span>97-125 cm<\/span><\/li>\n<li class=\"odd\"><label>Svars:<\/label><span>810 g<\/span><\/li>\n<\/ul>\n","protected":false},"excerpt":{"rendered":"<p>Vienk\u0101r&scaron;ota piln\u0101 sist\u0113ma gl\u0101b&scaron;anas darbiem un darbiem augstum\u0101. Aug&scaron;da\u013cas un apak&scaron;da\u013cas siksnas ir at&scaron;\u0137ir\u012bg\u0101s kr\u0101s\u0101s, lai t\u0101d\u0113j\u0101di nodro&scaron;in\u0101tu sist\u0113mas pareizu uzvilk&scaron;anu. Muguras stiprin\u0101juma punkts kritiena blo\u0137\u0113t\u0101ja stiprin\u0101&scaron;anai. Plecu lences ar DoubleBack pa&scaron;sl\u0113dzo&scaron;aj\u0101m spr\u0101dz\u0113m. Divas ekip\u0113juma cilpas. Darba poz\u012bcija ar centr\u0101lo v\u0113dera stiprin\u0101juma punktu iesp\u0113jama ar PAD FAST sist\u0113mas jostu. &nbsp; Kr\u0101sa:Dzeltena Izm\u0113rs:2 Augums:180-195 cm Ekip\u0113juma [&hellip;]<\/p>\n","protected":false},"featured_media":0,"template":"","meta":[],"product_brand":[957],"product_cat":[4851,4875,4876],"product_tag":[],"class_list":{"0":"post-76961","1":"product","2":"type-product","3":"status-publish","5":"product_brand-petzl","6":"product_cat-mountaineering-equipment-recreation","7":"product_cat-for-work-at-height-mountaineering-equipment-recreation","8":"product_cat-harnesses-systems-en-dupcheck-810-for-work-at-height-mountaineering-equipment-recreation","10":"first","11":"instock","12":"shipping-taxable","13":"purchasable","14":"product-type-simple"},"_links":{"self":[{"href":"https:\/\/sezona.lv\/en\/wp-json\/wp\/v2\/product\/76961","targetHints":{"allow":["GET"]}}],"collection":[{"href":"https:\/\/sezona.lv\/en\/wp-json\/wp\/v2\/product"}],"about":[{"href":"https:\/\/sezona.lv\/en\/wp-json\/wp\/v2\/types\/product"}],"wp:attachment":[{"href":"https:\/\/sezona.lv\/en\/wp-json\/wp\/v2\/media?parent=76961"}],"wp:term":[{"taxonomy":"product_brand","embeddable":true,"href":"https:\/\/sezona.lv\/en\/wp-json\/wp\/v2\/product_brand?post=76961"},{"taxonomy":"product_cat","embeddable":true,"href":"https:\/\/sezona.lv\/en\/wp-json\/wp\/v2\/product_cat?post=76961"},{"taxonomy":"product_tag","embeddable":true,"href":"https:\/\/sezona.lv\/en\/wp-json\/wp\/v2\/product_tag?post=76961"}],"curies":[{"name":"wp","href":"https:\/\/api.w.org\/{rel}","templated":true}]}}