{"id":76962,"date":"2025-07-14T14:58:57","date_gmt":"2025-07-14T11:58:57","guid":{"rendered":"https:\/\/demo8.ecube.lv\/sezona.lv\/products\/sistema-edelrid-core-top\/"},"modified":"2025-07-14T14:58:57","modified_gmt":"2025-07-14T11:58:57","slug":"sistema-edelrid-core-top","status":"publish","type":"product","link":"https:\/\/sezona.lv\/en\/products\/sistema-edelrid-core-top\/","title":{"rendered":"Sist\u0113ma Edelrid Core Top"},"content":{"rendered":"<p><span>Core Top ir komfortabla kr\u016b&scaron;u sist\u0113ma, ko lieto, lai p\u0101rveidotu Core\/ Core CL sist\u0113mu pilnaj\u0101 \u0137erme\u0146a sist\u0113m\u0101 (EN 361), t\u0101d\u0113j\u0101di nodro&scaron;inot nepiecie&scaron;amo dro&scaron;\u012bbu un stabilit\u0101ti, veicot darbus augstum\u0101. Divas Easy Glider spr\u0101dzes pie\u013cauj vienk\u0101r&scaron;u un \u0113rtu piel\u0101go&scaron;anu da\u017e\u0101diem izm\u0113riem. Core Top piem\u0113rota vis\u0101m Core sist\u0113m\u0101m (iekar\u0113m). Izverot 45 mm siksnu caur priek&scaron;\u0113jo Easy Glider spr\u0101dzi, kr\u016b&scaron;u sist\u0113mu iesp\u0113jams apr\u012bkot ar kr\u016b&scaron;u virves saspied\u0113ju (Chest Ascender Kit), lai nodro&scaron;in\u0101tu optim\u0101lu risin\u0101jumu industri\u0101lajam &#8216;virves piek\u013cuves&#8217; darbam.<\/span><\/p>\n","protected":false},"excerpt":{"rendered":"<p>Core Top ir komfortabla kr\u016b&scaron;u sist\u0113ma, ko lieto, lai p\u0101rveidotu Core\/ Core CL sist\u0113mu pilnaj\u0101 \u0137erme\u0146a sist\u0113m\u0101 (EN 361), t\u0101d\u0113j\u0101di nodro&scaron;inot nepiecie&scaron;amo dro&scaron;\u012bbu un stabilit\u0101ti, veicot darbus augstum\u0101. Divas Easy Glider spr\u0101dzes pie\u013cauj vienk\u0101r&scaron;u un \u0113rtu piel\u0101go&scaron;anu da\u017e\u0101diem izm\u0113riem. Core Top piem\u0113rota vis\u0101m Core sist\u0113m\u0101m (iekar\u0113m). Izverot 45 mm siksnu caur priek&scaron;\u0113jo Easy Glider spr\u0101dzi, [&hellip;]<\/p>\n","protected":false},"featured_media":0,"template":"","meta":[],"product_brand":[3348],"product_cat":[4851,4875,4876],"product_tag":[],"class_list":{"0":"post-76962","1":"product","2":"type-product","3":"status-publish","5":"product_brand-edelrid","6":"product_cat-mountaineering-equipment-recreation","7":"product_cat-for-work-at-height-mountaineering-equipment-recreation","8":"product_cat-harnesses-systems-en-dupcheck-810-for-work-at-height-mountaineering-equipment-recreation","10":"first","11":"instock","12":"shipping-taxable","13":"purchasable","14":"product-type-simple"},"_links":{"self":[{"href":"https:\/\/sezona.lv\/en\/wp-json\/wp\/v2\/product\/76962","targetHints":{"allow":["GET"]}}],"collection":[{"href":"https:\/\/sezona.lv\/en\/wp-json\/wp\/v2\/product"}],"about":[{"href":"https:\/\/sezona.lv\/en\/wp-json\/wp\/v2\/types\/product"}],"wp:attachment":[{"href":"https:\/\/sezona.lv\/en\/wp-json\/wp\/v2\/media?parent=76962"}],"wp:term":[{"taxonomy":"product_brand","embeddable":true,"href":"https:\/\/sezona.lv\/en\/wp-json\/wp\/v2\/product_brand?post=76962"},{"taxonomy":"product_cat","embeddable":true,"href":"https:\/\/sezona.lv\/en\/wp-json\/wp\/v2\/product_cat?post=76962"},{"taxonomy":"product_tag","embeddable":true,"href":"https:\/\/sezona.lv\/en\/wp-json\/wp\/v2\/product_tag?post=76962"}],"curies":[{"name":"wp","href":"https:\/\/api.w.org\/{rel}","templated":true}]}}