{"id":76963,"date":"2025-07-14T14:58:58","date_gmt":"2025-07-14T11:58:58","guid":{"rendered":"https:\/\/demo8.ecube.lv\/sezona.lv\/products\/glabsanas-sedeklis-petzl-pitagor\/"},"modified":"2025-07-14T14:58:58","modified_gmt":"2025-07-14T11:58:58","slug":"glabsanas-sedeklis-petzl-pitagor","status":"publish","type":"product","link":"https:\/\/sezona.lv\/en\/products\/glabsanas-sedeklis-petzl-pitagor\/","title":{"rendered":"Gl\u0101b\u0161anas s\u0113deklis Petzl Pitagor"},"content":{"rendered":"<p><span>Evaku\u0101cijas s\u0113deklis no ra\u017eot\u0101ja Petzl. Tas apr\u012bkots ar plecu lenc\u0113m \u0113rt\u0101kai uzvilk&scaron;anai un stabilit\u0101tei. Cietu&scaron;ajam piestiprin\u0101ms ar pa&scaron;fiks\u0113jo&scaron;\u0101m DoubleBack spr\u0101dz\u0113m. Sertifik\u0101cija: CE EN 1497, CE EN 1498.<\/span><\/p>\n","protected":false},"excerpt":{"rendered":"<p>Evaku\u0101cijas s\u0113deklis no ra\u017eot\u0101ja Petzl. Tas apr\u012bkots ar plecu lenc\u0113m \u0113rt\u0101kai uzvilk&scaron;anai un stabilit\u0101tei. Cietu&scaron;ajam piestiprin\u0101ms ar pa&scaron;fiks\u0113jo&scaron;\u0101m DoubleBack spr\u0101dz\u0113m. Sertifik\u0101cija: CE EN 1497, CE EN 1498.<\/p>\n","protected":false},"featured_media":0,"template":"","meta":[],"product_brand":[957],"product_cat":[4851,4875,4876],"product_tag":[],"class_list":{"0":"post-76963","1":"product","2":"type-product","3":"status-publish","5":"product_brand-petzl","6":"product_cat-mountaineering-equipment-recreation","7":"product_cat-for-work-at-height-mountaineering-equipment-recreation","8":"product_cat-harnesses-systems-en-dupcheck-810-for-work-at-height-mountaineering-equipment-recreation","10":"first","11":"instock","12":"shipping-taxable","13":"purchasable","14":"product-type-simple"},"_links":{"self":[{"href":"https:\/\/sezona.lv\/en\/wp-json\/wp\/v2\/product\/76963","targetHints":{"allow":["GET"]}}],"collection":[{"href":"https:\/\/sezona.lv\/en\/wp-json\/wp\/v2\/product"}],"about":[{"href":"https:\/\/sezona.lv\/en\/wp-json\/wp\/v2\/types\/product"}],"wp:attachment":[{"href":"https:\/\/sezona.lv\/en\/wp-json\/wp\/v2\/media?parent=76963"}],"wp:term":[{"taxonomy":"product_brand","embeddable":true,"href":"https:\/\/sezona.lv\/en\/wp-json\/wp\/v2\/product_brand?post=76963"},{"taxonomy":"product_cat","embeddable":true,"href":"https:\/\/sezona.lv\/en\/wp-json\/wp\/v2\/product_cat?post=76963"},{"taxonomy":"product_tag","embeddable":true,"href":"https:\/\/sezona.lv\/en\/wp-json\/wp\/v2\/product_tag?post=76963"}],"curies":[{"name":"wp","href":"https:\/\/api.w.org\/{rel}","templated":true}]}}