{"id":76964,"date":"2025-07-14T14:58:58","date_gmt":"2025-07-14T11:58:58","guid":{"rendered":"https:\/\/demo8.ecube.lv\/sezona.lv\/products\/sistema-petzl-falcon-mountain-1\/"},"modified":"2025-07-14T14:58:58","modified_gmt":"2025-07-14T11:58:58","slug":"sistema-petzl-falcon-mountain-1","status":"publish","type":"product","link":"https:\/\/sezona.lv\/en\/products\/sistema-petzl-falcon-mountain-1\/","title":{"rendered":"Sist\u0113ma Petzl Falcon Mountain 1"},"content":{"rendered":"<p><span>\u0112rta, regul\u0113jama sist\u0113ma gl\u0101b&scaron;anas darbu veik&scaron;anai kalnos un gr\u016bti pieejam\u0101s viet\u0101s. Sist\u0113mas josta un k\u0101ju cilpas oder\u0113tas ar caurumotu, elpojo&scaron;u putu materi\u0101lu, lai nodro&scaron;in\u0101tu maksim\u0101lu komfortu. Divi s\u0101nu stiprin\u0101juma punkti vienm\u0113r\u012bgi sadala svaru sist\u0113mas jost\u0101. Josta un k\u0101ju cilpas apr\u012bkotas ar div\u0101m pa&scaron;sl\u0113dzo&scaron;\u0101m DoubleBack spr\u0101dz\u0113m. \u010cetras ekip\u0113juma cilpas un 2 CARITOOL karab\u012bnes stiprin\u0101juma vietas. Savietojama ar TOP vai TOP CROLL sist\u0113mas aug&scaron;\u0113jo da\u013cu.<\/span><\/p>\n<p>&nbsp;<\/p>\n<ul id=\"traits_19748\" class=\"item_traits\">\n<li class=\"odd\"><label>Kr\u0101sa:<\/label><span>Melna<\/span><\/li>\n<li><label>Izm\u0113rs:<\/label><span>1<\/span><\/li>\n<li class=\"odd\"><label>Ekip\u0113juma cilpas:<\/label><span>4<\/span><\/li>\n<li><label>K\u0101ju apk\u0101rtm\u0113rs:<\/label><span>50 &#8211; 65 cm<\/span><\/li>\n<li class=\"odd\"><label>Stiprin\u0101juma punkts s\u0101nu:<\/label><span>ir<\/span><\/li>\n<li><label>Stiprin\u0101juma punkts v\u0113dera:<\/label><span>ir<\/span><\/li>\n<li class=\"odd\"><label>Viduk\u013ca apk\u0101rtm\u0113rs:<\/label><span>70 &#8211; 120 cm<\/span><\/li>\n<li><label>Svars:<\/label><span>800 g<\/span><\/li>\n<\/ul>\n","protected":false},"excerpt":{"rendered":"<p>\u0112rta, regul\u0113jama sist\u0113ma gl\u0101b&scaron;anas darbu veik&scaron;anai kalnos un gr\u016bti pieejam\u0101s viet\u0101s. Sist\u0113mas josta un k\u0101ju cilpas oder\u0113tas ar caurumotu, elpojo&scaron;u putu materi\u0101lu, lai nodro&scaron;in\u0101tu maksim\u0101lu komfortu. Divi s\u0101nu stiprin\u0101juma punkti vienm\u0113r\u012bgi sadala svaru sist\u0113mas jost\u0101. Josta un k\u0101ju cilpas apr\u012bkotas ar div\u0101m pa&scaron;sl\u0113dzo&scaron;\u0101m DoubleBack spr\u0101dz\u0113m. \u010cetras ekip\u0113juma cilpas un 2 CARITOOL karab\u012bnes stiprin\u0101juma vietas. Savietojama [&hellip;]<\/p>\n","protected":false},"featured_media":0,"template":"","meta":[],"product_brand":[957],"product_cat":[4851,4875,4876],"product_tag":[],"class_list":{"0":"post-76964","1":"product","2":"type-product","3":"status-publish","5":"product_brand-petzl","6":"product_cat-mountaineering-equipment-recreation","7":"product_cat-for-work-at-height-mountaineering-equipment-recreation","8":"product_cat-harnesses-systems-en-dupcheck-810-for-work-at-height-mountaineering-equipment-recreation","10":"first","11":"instock","12":"shipping-taxable","13":"purchasable","14":"product-type-simple"},"_links":{"self":[{"href":"https:\/\/sezona.lv\/en\/wp-json\/wp\/v2\/product\/76964","targetHints":{"allow":["GET"]}}],"collection":[{"href":"https:\/\/sezona.lv\/en\/wp-json\/wp\/v2\/product"}],"about":[{"href":"https:\/\/sezona.lv\/en\/wp-json\/wp\/v2\/types\/product"}],"wp:attachment":[{"href":"https:\/\/sezona.lv\/en\/wp-json\/wp\/v2\/media?parent=76964"}],"wp:term":[{"taxonomy":"product_brand","embeddable":true,"href":"https:\/\/sezona.lv\/en\/wp-json\/wp\/v2\/product_brand?post=76964"},{"taxonomy":"product_cat","embeddable":true,"href":"https:\/\/sezona.lv\/en\/wp-json\/wp\/v2\/product_cat?post=76964"},{"taxonomy":"product_tag","embeddable":true,"href":"https:\/\/sezona.lv\/en\/wp-json\/wp\/v2\/product_tag?post=76964"}],"curies":[{"name":"wp","href":"https:\/\/api.w.org\/{rel}","templated":true}]}}