{"id":76965,"date":"2025-07-14T14:58:59","date_gmt":"2025-07-14T11:58:59","guid":{"rendered":"https:\/\/demo8.ecube.lv\/sezona.lv\/products\/sistema-edelrid-core\/"},"modified":"2025-07-14T14:58:59","modified_gmt":"2025-07-14T11:58:59","slug":"sistema-edelrid-core","status":"publish","type":"product","link":"https:\/\/sezona.lv\/en\/products\/sistema-edelrid-core\/","title":{"rendered":"Sist\u0113ma Edelrid Core"},"content":{"rendered":"<p><span>Viegla un komfortabla sist\u0113ma, kas piem\u0113rota darbiem augstum\u0101 un gl\u0101b&scaron;anas darbiem. Sist\u0113mas plat\u0101 gurnu josta un k\u0101ju cilpas padara to piem\u0113rotu da\u017e\u0101d\u0101m situ\u0101cij\u0101m. Tekstila cilpas (kuras iesp\u0113jams lietot ar stiprin\u0101tiem skr\u016bv\u0113jamas aizdares D-gredzeniem) div\u0101s da\u017e\u0101d\u0101s poz\u012bcij\u0101s nodro&scaron;ina optim\u0101lu piem\u0113rot\u012bbu da\u017e\u0101diem lietot\u0101jiem. \u010cetras ekip\u0113juma cilpas garant\u0113 efekt\u012bvu ekip\u0113juma p\u0101rvald\u012bbu. Divas priek&scaron;\u0113j\u0101s iesie&scaron;an\u0101s cilpas nodro&scaron;ina vieglu iesie&scaron;anos, ar\u012b lietojot kr\u016b&scaron;u virves saspied\u0113ju (\u017eum\u0101ru). Sist\u0113ma Core kombin\u0101cij\u0101 ar kr\u016b&scaron;u sist\u0113mu k\u013c\u016bst par pilno \u0137erme\u0146a sist\u0113mu saska\u0146\u0101 ar EN 361.<\/span><\/p>\n<p>&nbsp;<\/p>\n<ul class=\"item_traits\">\n<li class=\"odd\"><label>Ekip\u0113juma cilpas:<\/label><span>4<\/span><\/li>\n<li><label>K\u0101ju apk\u0101rtm\u0113rs:<\/label><span>45-85 cm<\/span><\/li>\n<li class=\"odd\"><label>Stiprin\u0101juma punkts s\u0101nu:<\/label><span>ir<\/span><\/li>\n<li><label>Stiprin\u0101juma punkts v\u0113dera:<\/label><span>ir<\/span><\/li>\n<li class=\"odd\"><label>Viduk\u013ca apk\u0101rtm\u0113rs:<\/label><span>75-135 cm<\/span><\/li>\n<li><label>Svars:<\/label><span>750 g<\/span><\/li>\n<\/ul>\n","protected":false},"excerpt":{"rendered":"<p>Viegla un komfortabla sist\u0113ma, kas piem\u0113rota darbiem augstum\u0101 un gl\u0101b&scaron;anas darbiem. Sist\u0113mas plat\u0101 gurnu josta un k\u0101ju cilpas padara to piem\u0113rotu da\u017e\u0101d\u0101m situ\u0101cij\u0101m. Tekstila cilpas (kuras iesp\u0113jams lietot ar stiprin\u0101tiem skr\u016bv\u0113jamas aizdares D-gredzeniem) div\u0101s da\u017e\u0101d\u0101s poz\u012bcij\u0101s nodro&scaron;ina optim\u0101lu piem\u0113rot\u012bbu da\u017e\u0101diem lietot\u0101jiem. \u010cetras ekip\u0113juma cilpas garant\u0113 efekt\u012bvu ekip\u0113juma p\u0101rvald\u012bbu. Divas priek&scaron;\u0113j\u0101s iesie&scaron;an\u0101s cilpas nodro&scaron;ina vieglu iesie&scaron;anos, [&hellip;]<\/p>\n","protected":false},"featured_media":0,"template":"","meta":[],"product_brand":[3348],"product_cat":[4851,4875,4876],"product_tag":[],"class_list":{"0":"post-76965","1":"product","2":"type-product","3":"status-publish","5":"product_brand-edelrid","6":"product_cat-mountaineering-equipment-recreation","7":"product_cat-for-work-at-height-mountaineering-equipment-recreation","8":"product_cat-harnesses-systems-en-dupcheck-810-for-work-at-height-mountaineering-equipment-recreation","10":"first","11":"instock","12":"shipping-taxable","13":"purchasable","14":"product-type-simple"},"_links":{"self":[{"href":"https:\/\/sezona.lv\/en\/wp-json\/wp\/v2\/product\/76965","targetHints":{"allow":["GET"]}}],"collection":[{"href":"https:\/\/sezona.lv\/en\/wp-json\/wp\/v2\/product"}],"about":[{"href":"https:\/\/sezona.lv\/en\/wp-json\/wp\/v2\/types\/product"}],"wp:attachment":[{"href":"https:\/\/sezona.lv\/en\/wp-json\/wp\/v2\/media?parent=76965"}],"wp:term":[{"taxonomy":"product_brand","embeddable":true,"href":"https:\/\/sezona.lv\/en\/wp-json\/wp\/v2\/product_brand?post=76965"},{"taxonomy":"product_cat","embeddable":true,"href":"https:\/\/sezona.lv\/en\/wp-json\/wp\/v2\/product_cat?post=76965"},{"taxonomy":"product_tag","embeddable":true,"href":"https:\/\/sezona.lv\/en\/wp-json\/wp\/v2\/product_tag?post=76965"}],"curies":[{"name":"wp","href":"https:\/\/api.w.org\/{rel}","templated":true}]}}