{"id":76966,"date":"2025-07-14T14:59:00","date_gmt":"2025-07-14T11:59:00","guid":{"rendered":"https:\/\/demo8.ecube.lv\/sezona.lv\/products\/sistema-petzl-top-croll\/"},"modified":"2025-07-14T14:59:00","modified_gmt":"2025-07-14T11:59:00","slug":"sistema-petzl-top-croll","status":"publish","type":"product","link":"https:\/\/sezona.lv\/en\/products\/sistema-petzl-top-croll\/","title":{"rendered":"Sist\u0113ma Petzl Top Croll"},"content":{"rendered":"<p><span>Kr\u016b&scaron;u da\u013cas sist\u0113ma ar integr\u0113tu Croll v\u0113dera virves saspied\u0113ju, kas paredz\u0113ta stiprin\u0101&scaron;anai pie s\u0113do&scaron;as poz\u012bcijas sist\u0113mas. Integr\u0113tais Croll v\u0113dera virves saspied\u0113js \u013cauj p\u0101rveidot Avao Sit, Falcon, Falcon Ascent un Sequoia SRT sist\u0113mas par virves piek\u013cuves sist\u0113m\u0101m. Kr\u016b&scaron;u da\u013cas sist\u0113ma savienojas ar aizmugur\u0113jo spr\u0101dzi un piestiprin\u0101s pie v\u0113dera stiprin\u0101juma punkta ar Delta virzienu karab\u012bni. Sist\u0113mas putu polster\u0113juma plecu siksnas ir novietotas plati, lai samazin\u0101tu kakla berzi. Kad viduk\u013ca josta ir noslogota, t\u0101s pal\u012bdz izdal\u012bt slodzi p\u0101r pleciem. Plecu siksnas ir apr\u012bkotas ar pa&scaron;blo\u0137\u0113jo&scaron;\u0101m DoubleBack aizdares spr\u0101dz\u0113m, kas pie\u013cauj \u0101tru un vieglu piel\u0101go&scaron;anu. Kr\u016b&scaron;u stiprin\u0101juma punkts kritienu blo\u0137\u0113&scaron;anas sist\u0113mas pievieno&scaron;anai. Sertifik\u0101cija:\u2028\u2028&nbsp;<\/span><br \/><span>CE EN 361 (Ar AVAO SIT, NAVAHO SIT, FALCON, FALCON ASCENT, SEQUOIA SRT s\u0113do&scaron;as poz\u012bcijas sist\u0113m\u0101m), CE EN 12841 tips B.<\/span><\/p>\n<p>&nbsp;<\/p>\n<ul class=\"item_traits\">\n<li class=\"odd\"><label>Augums:<\/label><span>160 &#8211; 200 cm<\/span><\/li>\n<li><label>Stiprin\u0101juma punkts kr\u016b&scaron;u:<\/label><span>ir<\/span><\/li>\n<li class=\"odd\"><label>Svars:<\/label><span>880 g<\/span><\/li>\n<\/ul>\n","protected":false},"excerpt":{"rendered":"<p>Kr\u016b&scaron;u da\u013cas sist\u0113ma ar integr\u0113tu Croll v\u0113dera virves saspied\u0113ju, kas paredz\u0113ta stiprin\u0101&scaron;anai pie s\u0113do&scaron;as poz\u012bcijas sist\u0113mas. Integr\u0113tais Croll v\u0113dera virves saspied\u0113js \u013cauj p\u0101rveidot Avao Sit, Falcon, Falcon Ascent un Sequoia SRT sist\u0113mas par virves piek\u013cuves sist\u0113m\u0101m. Kr\u016b&scaron;u da\u013cas sist\u0113ma savienojas ar aizmugur\u0113jo spr\u0101dzi un piestiprin\u0101s pie v\u0113dera stiprin\u0101juma punkta ar Delta virzienu karab\u012bni. Sist\u0113mas putu [&hellip;]<\/p>\n","protected":false},"featured_media":0,"template":"","meta":[],"product_brand":[957],"product_cat":[4851,4875,4876],"product_tag":[],"class_list":{"0":"post-76966","1":"product","2":"type-product","3":"status-publish","5":"product_brand-petzl","6":"product_cat-mountaineering-equipment-recreation","7":"product_cat-for-work-at-height-mountaineering-equipment-recreation","8":"product_cat-harnesses-systems-en-dupcheck-810-for-work-at-height-mountaineering-equipment-recreation","10":"first","11":"instock","12":"shipping-taxable","13":"purchasable","14":"product-type-simple"},"_links":{"self":[{"href":"https:\/\/sezona.lv\/en\/wp-json\/wp\/v2\/product\/76966","targetHints":{"allow":["GET"]}}],"collection":[{"href":"https:\/\/sezona.lv\/en\/wp-json\/wp\/v2\/product"}],"about":[{"href":"https:\/\/sezona.lv\/en\/wp-json\/wp\/v2\/types\/product"}],"wp:attachment":[{"href":"https:\/\/sezona.lv\/en\/wp-json\/wp\/v2\/media?parent=76966"}],"wp:term":[{"taxonomy":"product_brand","embeddable":true,"href":"https:\/\/sezona.lv\/en\/wp-json\/wp\/v2\/product_brand?post=76966"},{"taxonomy":"product_cat","embeddable":true,"href":"https:\/\/sezona.lv\/en\/wp-json\/wp\/v2\/product_cat?post=76966"},{"taxonomy":"product_tag","embeddable":true,"href":"https:\/\/sezona.lv\/en\/wp-json\/wp\/v2\/product_tag?post=76966"}],"curies":[{"name":"wp","href":"https:\/\/api.w.org\/{rel}","templated":true}]}}