{"id":76968,"date":"2025-07-14T14:59:03","date_gmt":"2025-07-14T11:59:03","guid":{"rendered":"https:\/\/demo8.ecube.lv\/sezona.lv\/products\/sistema-petzl-avao-sit-1\/"},"modified":"2025-07-14T14:59:03","modified_gmt":"2025-07-14T11:59:03","slug":"sistema-petzl-avao-sit-1","status":"publish","type":"product","link":"https:\/\/sezona.lv\/en\/products\/sistema-petzl-avao-sit-1\/","title":{"rendered":"Sist\u0113ma Petzl Avao Sit 1"},"content":{"rendered":"<p><span>Komfortabla un iztur\u012bga darba pozicion\u0113&scaron;an\u0101s sist\u0113ma.&nbsp;<\/span><br \/><span>Sist\u0113mai ir plata, vid\u0113ji stingra josta un k\u0101ju cilpas, kas nodro&scaron;ina izcilu atbalstu. Josta un k\u0101ju cilpas ir profil\u0113tas un oder\u0113tas ar elpojo&scaron;u, caurumotu putu pild\u012bjumu, lai sniegtu maksim\u0101lu komfortu iekares st\u0101vokl\u012b. Sist\u0113mas josta un k\u0101ju cilpas apr\u012bkota ar pa&scaron;blo\u0137\u0113jo&scaron;\u0101m DoubleBack aizdares spr\u0101dz\u0113m, kas nodro&scaron;ina \u0101tru un \u0113rtu regul\u0101ciju. Centr\u0101lais (v\u0113dera) stiprin\u0101juma punkts vienm\u0113r\u012bgi izl\u012bdzina slodzi jost\u0101 un k\u0101ju cilp\u0101s, veicot darbus iekares st\u0101vokl\u012b. Divi s\u0101nu stiprin\u0101juma punkti p\u0101rnes slodzi uz jostu, lai nodro&scaron;in\u0101tu komfortu str\u0101d\u0101jot poz\u012bcij\u0101 ar k\u0101ju atbalstu. Tos iesp\u0113jams atliek pret jostu situ\u0101cij\u0101s, kad past\u0101v aiz\u0137er&scaron;an\u0101s iesp\u0113jam\u012bba. Aizmugur\u0113jais stiprin\u0101juma punktus uz jostas \u013cauj pievienot ierobe\u017eot\u0101j cilpu, vai Top Croll (vec\u0101 vai jaun\u0101 versija), lai p\u0101rv\u0113rstu sist\u0113mu par virves piek\u013cuves sist\u0113mu. Piecas ekip\u0113juma cilpas ar aizsarg\u0101jo&scaron;u apvalku, spraugas Caritool karab\u012b\u0146u stiprin\u0101&scaron;anai, sprauga Toolbag somas stiprin\u0101&scaron;anai. Sertifik\u0101cija: CE EN 358, CE EN 813.<\/span><\/p>\n<p>&nbsp;<\/p>\n<ul id=\"traits_34893\" class=\"item_traits\">\n<li class=\"odd\"><label>Kr\u0101sa:<\/label><span>Melna<\/span><\/li>\n<li><label>Izm\u0113rs:<\/label><span>1<\/span><\/li>\n<li class=\"odd\"><label>Ekip\u0113juma cilpas:<\/label><span>5<\/span><\/li>\n<li><label>K\u0101ju apk\u0101rtm\u0113rs:<\/label><span>45 &#8211; 65 cm<\/span><\/li>\n<li class=\"odd\"><label>Stiprin\u0101juma punkts s\u0101nu:<\/label><span>ir<\/span><\/li>\n<li><label>Stiprin\u0101juma punkts v\u0113dera:<\/label><span>ir<\/span><\/li>\n<li class=\"odd\"><label>Viduk\u013ca apk\u0101rtm\u0113rs:<\/label><span>70 &#8211; 110 cm<\/span><\/li>\n<li><label>Svars:<\/label><span>1.13 kg<\/span><\/li>\n<\/ul>\n","protected":false},"excerpt":{"rendered":"<p>Komfortabla un iztur\u012bga darba pozicion\u0113&scaron;an\u0101s sist\u0113ma.&nbsp;Sist\u0113mai ir plata, vid\u0113ji stingra josta un k\u0101ju cilpas, kas nodro&scaron;ina izcilu atbalstu. Josta un k\u0101ju cilpas ir profil\u0113tas un oder\u0113tas ar elpojo&scaron;u, caurumotu putu pild\u012bjumu, lai sniegtu maksim\u0101lu komfortu iekares st\u0101vokl\u012b. Sist\u0113mas josta un k\u0101ju cilpas apr\u012bkota ar pa&scaron;blo\u0137\u0113jo&scaron;\u0101m DoubleBack aizdares spr\u0101dz\u0113m, kas nodro&scaron;ina \u0101tru un \u0113rtu regul\u0101ciju. Centr\u0101lais [&hellip;]<\/p>\n","protected":false},"featured_media":0,"template":"","meta":[],"product_brand":[957],"product_cat":[4851,4875,4876],"product_tag":[],"class_list":{"0":"post-76968","1":"product","2":"type-product","3":"status-publish","5":"product_brand-petzl","6":"product_cat-mountaineering-equipment-recreation","7":"product_cat-for-work-at-height-mountaineering-equipment-recreation","8":"product_cat-harnesses-systems-en-dupcheck-810-for-work-at-height-mountaineering-equipment-recreation","10":"first","11":"instock","12":"shipping-taxable","13":"purchasable","14":"product-type-simple"},"_links":{"self":[{"href":"https:\/\/sezona.lv\/en\/wp-json\/wp\/v2\/product\/76968","targetHints":{"allow":["GET"]}}],"collection":[{"href":"https:\/\/sezona.lv\/en\/wp-json\/wp\/v2\/product"}],"about":[{"href":"https:\/\/sezona.lv\/en\/wp-json\/wp\/v2\/types\/product"}],"wp:attachment":[{"href":"https:\/\/sezona.lv\/en\/wp-json\/wp\/v2\/media?parent=76968"}],"wp:term":[{"taxonomy":"product_brand","embeddable":true,"href":"https:\/\/sezona.lv\/en\/wp-json\/wp\/v2\/product_brand?post=76968"},{"taxonomy":"product_cat","embeddable":true,"href":"https:\/\/sezona.lv\/en\/wp-json\/wp\/v2\/product_cat?post=76968"},{"taxonomy":"product_tag","embeddable":true,"href":"https:\/\/sezona.lv\/en\/wp-json\/wp\/v2\/product_tag?post=76968"}],"curies":[{"name":"wp","href":"https:\/\/api.w.org\/{rel}","templated":true}]}}