{"id":76970,"date":"2025-07-14T14:59:05","date_gmt":"2025-07-14T11:59:05","guid":{"rendered":"https:\/\/demo8.ecube.lv\/sezona.lv\/products\/sistema-singing-rock-strike-m\/"},"modified":"2025-07-14T14:59:05","modified_gmt":"2025-07-14T11:59:05","slug":"sistema-singing-rock-strike-m","status":"publish","type":"product","link":"https:\/\/sezona.lv\/en\/products\/sistema-singing-rock-strike-m\/","title":{"rendered":"Sist\u0113ma Singing Rock Strike M"},"content":{"rendered":"<p><span>Komfortabla un funkcion\u0101la s\u0113do&scaron;as poz\u012bcijas darba sist\u0113ma (iekare), kas paredz\u0113ta speci\u0101lajiem sp\u0113kiem &#8211; milit\u0101r\u0101m un policijas vajadz\u012bb\u0101m. Sist\u0113ma ir viegla, tai ir polster\u0113ta josta (no\u0146emama) un k\u0101ju cilpas, priek&scaron;\u0113jais stiprin\u0101juma punkts (izgatavots no tekstila) nolai&scaron;an\u0101s\/dro&scaron;in\u0101&scaron;anas ier\u012bces piestiprin\u0101&scaron;anai, divas lielas ekip\u0113juma cilpas. K\u0101ju cilpu konstrukcija nodro&scaron;ina komfortu, \u0101tri un veigli lietojam\u0101s aizdares spr\u0101dzes pie\u013cauj br\u012bvu un \u0101tru piel\u0101go&scaron;anu. Nodro&scaron;ina komfortablu kust\u012bbu br\u012bv\u012bbu.<\/span><\/p>\n<p>&nbsp;<\/p>\n<ul class=\"item_traits\">\n<li class=\"odd\"><label>K\u0101ju apk\u0101rtm\u0113rs:<\/label><span>55-60 cm<\/span><\/li>\n<li><label>Stiprin\u0101juma punkts v\u0113dera:<\/label><span>ir<\/span><\/li>\n<li class=\"odd\"><label>Viduk\u013ca apk\u0101rtm\u0113rs:<\/label><span>70-90 cm<\/span><\/li>\n<li><label>Svars:<\/label><span>580 g<\/span><\/li>\n<\/ul>\n","protected":false},"excerpt":{"rendered":"<p>Komfortabla un funkcion\u0101la s\u0113do&scaron;as poz\u012bcijas darba sist\u0113ma (iekare), kas paredz\u0113ta speci\u0101lajiem sp\u0113kiem &#8211; milit\u0101r\u0101m un policijas vajadz\u012bb\u0101m. Sist\u0113ma ir viegla, tai ir polster\u0113ta josta (no\u0146emama) un k\u0101ju cilpas, priek&scaron;\u0113jais stiprin\u0101juma punkts (izgatavots no tekstila) nolai&scaron;an\u0101s\/dro&scaron;in\u0101&scaron;anas ier\u012bces piestiprin\u0101&scaron;anai, divas lielas ekip\u0113juma cilpas. K\u0101ju cilpu konstrukcija nodro&scaron;ina komfortu, \u0101tri un veigli lietojam\u0101s aizdares spr\u0101dzes pie\u013cauj br\u012bvu un [&hellip;]<\/p>\n","protected":false},"featured_media":0,"template":"","meta":[],"product_brand":[3350],"product_cat":[4851,4875,4876],"product_tag":[],"class_list":{"0":"post-76970","1":"product","2":"type-product","3":"status-publish","5":"product_brand-singing-rock","6":"product_cat-mountaineering-equipment-recreation","7":"product_cat-for-work-at-height-mountaineering-equipment-recreation","8":"product_cat-harnesses-systems-en-dupcheck-810-for-work-at-height-mountaineering-equipment-recreation","10":"first","11":"instock","12":"shipping-taxable","13":"purchasable","14":"product-type-simple"},"_links":{"self":[{"href":"https:\/\/sezona.lv\/en\/wp-json\/wp\/v2\/product\/76970","targetHints":{"allow":["GET"]}}],"collection":[{"href":"https:\/\/sezona.lv\/en\/wp-json\/wp\/v2\/product"}],"about":[{"href":"https:\/\/sezona.lv\/en\/wp-json\/wp\/v2\/types\/product"}],"wp:attachment":[{"href":"https:\/\/sezona.lv\/en\/wp-json\/wp\/v2\/media?parent=76970"}],"wp:term":[{"taxonomy":"product_brand","embeddable":true,"href":"https:\/\/sezona.lv\/en\/wp-json\/wp\/v2\/product_brand?post=76970"},{"taxonomy":"product_cat","embeddable":true,"href":"https:\/\/sezona.lv\/en\/wp-json\/wp\/v2\/product_cat?post=76970"},{"taxonomy":"product_tag","embeddable":true,"href":"https:\/\/sezona.lv\/en\/wp-json\/wp\/v2\/product_tag?post=76970"}],"curies":[{"name":"wp","href":"https:\/\/api.w.org\/{rel}","templated":true}]}}