{"id":76971,"date":"2025-07-14T14:59:06","date_gmt":"2025-07-14T11:59:06","guid":{"rendered":"https:\/\/demo8.ecube.lv\/sezona.lv\/products\/sistema-singing-rock-timber-ii-m-l\/"},"modified":"2025-07-14T14:59:06","modified_gmt":"2025-07-14T11:59:06","slug":"sistema-singing-rock-timber-ii-m-l","status":"publish","type":"product","link":"https:\/\/sezona.lv\/en\/products\/sistema-singing-rock-timber-ii-m-l\/","title":{"rendered":"Sist\u0113ma Singing Rock Timber II M\/L"},"content":{"rendered":"<p><span>Darba pozicion\u0113&scaron;an\u0101s procesam piem\u0113rota sist\u0113ma arboristiem (kokkopjiem). Sist\u0113mai ir inovat\u012bvs, anatomiski veidots jostas un k\u0101ju cilpu polster\u0113jums, kas perfekti piel\u0101gojas cilv\u0113ka anatomijai. K\u0101ju cilpas savienotas ar no\u0146emamu un main\u0101mu &#8217;tilti\u0146u&#8217;. Speed regul\u0101cijas spr\u0101dzes nodro&scaron;ina \u0101tru un vieglu sist\u0113mas piel\u0101go&scaron;anu. Piel\u0101gojamais D-gredzens \u013cauj ie\u0146emt dro&scaron;u, komfortablu un efekt\u012bvu darba poz\u012bciju. Platais un stingrais polster\u0113jums nodro&scaron;ina lielisku komfortu, kar\u0101joties sist\u0113m\u0101. S\u0101nu D-gredzeni darba pozicion\u0113&scaron;an\u0101s procesam (EN 358) vai ekip\u0113juma piestiprin\u0101&scaron;anai.&nbsp;<\/span><br \/><span>Sist\u0113mai ir 4 ekip\u0113juma cilpas ar nestsp\u0113ju 10 kg, papildus cilpas ar nestsp\u0113ju 5 kg, jostas konstrukcija \u013cauj piestiprin\u0101t sist\u0113mai pirm\u0101s pal\u012bdz\u012bbas komplektu (First Aid Kit) un Porter ekip\u0113juma tur\u0113t\u0101jus.<\/span><\/p>\n<p>&nbsp;<\/p>\n<ul id=\"traits_47255\" class=\"item_traits\">\n<li class=\"odd\"><label>Kr\u0101sa:<\/label><span>Melna \/ Oran\u017ea<\/span><\/li>\n<li><label>Izm\u0113rs:<\/label><span>M &#8211; L<\/span><\/li>\n<li class=\"odd\"><label>K\u0101ju apk\u0101rtm\u0113rs:<\/label><span>50-65 cm<\/span><\/li>\n<li><label>Viduk\u013ca apk\u0101rtm\u0113rs:<\/label><span>70-100 cm<\/span><\/li>\n<li class=\"odd\"><label>Svars:<\/label><span>1.8 kg<\/span><\/li>\n<\/ul>\n","protected":false},"excerpt":{"rendered":"<p>Darba pozicion\u0113&scaron;an\u0101s procesam piem\u0113rota sist\u0113ma arboristiem (kokkopjiem). Sist\u0113mai ir inovat\u012bvs, anatomiski veidots jostas un k\u0101ju cilpu polster\u0113jums, kas perfekti piel\u0101gojas cilv\u0113ka anatomijai. K\u0101ju cilpas savienotas ar no\u0146emamu un main\u0101mu &#8217;tilti\u0146u&#8217;. Speed regul\u0101cijas spr\u0101dzes nodro&scaron;ina \u0101tru un vieglu sist\u0113mas piel\u0101go&scaron;anu. Piel\u0101gojamais D-gredzens \u013cauj ie\u0146emt dro&scaron;u, komfortablu un efekt\u012bvu darba poz\u012bciju. Platais un stingrais polster\u0113jums nodro&scaron;ina lielisku [&hellip;]<\/p>\n","protected":false},"featured_media":0,"template":"","meta":[],"product_brand":[3350],"product_cat":[4851,4875,4876],"product_tag":[],"class_list":{"0":"post-76971","1":"product","2":"type-product","3":"status-publish","5":"product_brand-singing-rock","6":"product_cat-mountaineering-equipment-recreation","7":"product_cat-for-work-at-height-mountaineering-equipment-recreation","8":"product_cat-harnesses-systems-en-dupcheck-810-for-work-at-height-mountaineering-equipment-recreation","10":"first","11":"instock","12":"shipping-taxable","13":"purchasable","14":"product-type-simple"},"_links":{"self":[{"href":"https:\/\/sezona.lv\/en\/wp-json\/wp\/v2\/product\/76971","targetHints":{"allow":["GET"]}}],"collection":[{"href":"https:\/\/sezona.lv\/en\/wp-json\/wp\/v2\/product"}],"about":[{"href":"https:\/\/sezona.lv\/en\/wp-json\/wp\/v2\/types\/product"}],"wp:attachment":[{"href":"https:\/\/sezona.lv\/en\/wp-json\/wp\/v2\/media?parent=76971"}],"wp:term":[{"taxonomy":"product_brand","embeddable":true,"href":"https:\/\/sezona.lv\/en\/wp-json\/wp\/v2\/product_brand?post=76971"},{"taxonomy":"product_cat","embeddable":true,"href":"https:\/\/sezona.lv\/en\/wp-json\/wp\/v2\/product_cat?post=76971"},{"taxonomy":"product_tag","embeddable":true,"href":"https:\/\/sezona.lv\/en\/wp-json\/wp\/v2\/product_tag?post=76971"}],"curies":[{"name":"wp","href":"https:\/\/api.w.org\/{rel}","templated":true}]}}