{"id":76973,"date":"2025-07-14T14:59:10","date_gmt":"2025-07-14T11:59:10","guid":{"rendered":"https:\/\/demo8.ecube.lv\/sezona.lv\/products\/sistema-petzl-sequoia-swing-1\/"},"modified":"2025-07-14T14:59:10","modified_gmt":"2025-07-14T11:59:10","slug":"sistema-petzl-sequoia-swing-1","status":"publish","type":"product","link":"https:\/\/sezona.lv\/en\/products\/sistema-petzl-sequoia-swing-1\/","title":{"rendered":"Sist\u0113ma Petzl Sequoia Swing 1"},"content":{"rendered":"<p><span>Arboristiem piem\u0113rota sist\u0113ma ar integr\u0113tu regul\u0113jamu s\u0113dvietu.<\/span><br \/><span>Sist\u0113mas \u012bpa&scaron;i plat\u0101, stingr\u0101 jostas siksna nodro&scaron;ina lielisku atbalstu un ventil\u0101ciju. Integr\u0113t\u0101 s\u0113dvieta ar k\u0101jas cilp\u0101m nodro&scaron;ina lab\u0101ko mobilit\u0101ti un kust\u012bbu br\u012bv\u012bbu.<\/span><br \/><span>Divi s\u0101nos eso&scaron;ie stiprin\u0101&scaron;anas punkti nodro&scaron;ina svara vienm\u0113r\u012bgu sadal\u012bjumu, kas sniedz lab\u0101ku atbalstu un komfortu.<\/span><br \/><span>Sist\u0113ma apr\u012bkota ar piec\u0101m ekip\u0113juma cilp\u0101m, diviem z\u0101\u0123a stiprin\u0101&scaron;anas gredzeniem un vietu CARITOOL karab\u012bnes stiprin\u0101&scaron;anai.<\/span><\/p>\n<p>&nbsp;<\/p>\n<ul id=\"traits_22832\" class=\"item_traits\">\n<li class=\"odd\"><label>Izm\u0113rs:<\/label><span>1<\/span><\/li>\n<li><label>Svars:<\/label><span>2.38 kg<\/span><\/li>\n<\/ul>\n","protected":false},"excerpt":{"rendered":"<p>Arboristiem piem\u0113rota sist\u0113ma ar integr\u0113tu regul\u0113jamu s\u0113dvietu.Sist\u0113mas \u012bpa&scaron;i plat\u0101, stingr\u0101 jostas siksna nodro&scaron;ina lielisku atbalstu un ventil\u0101ciju. Integr\u0113t\u0101 s\u0113dvieta ar k\u0101jas cilp\u0101m nodro&scaron;ina lab\u0101ko mobilit\u0101ti un kust\u012bbu br\u012bv\u012bbu.Divi s\u0101nos eso&scaron;ie stiprin\u0101&scaron;anas punkti nodro&scaron;ina svara vienm\u0113r\u012bgu sadal\u012bjumu, kas sniedz lab\u0101ku atbalstu un komfortu.Sist\u0113ma apr\u012bkota ar piec\u0101m ekip\u0113juma cilp\u0101m, diviem z\u0101\u0123a stiprin\u0101&scaron;anas gredzeniem un vietu CARITOOL karab\u012bnes [&hellip;]<\/p>\n","protected":false},"featured_media":0,"template":"","meta":[],"product_brand":[957],"product_cat":[4851,4875,4876],"product_tag":[],"class_list":{"0":"post-76973","1":"product","2":"type-product","3":"status-publish","5":"product_brand-petzl","6":"product_cat-mountaineering-equipment-recreation","7":"product_cat-for-work-at-height-mountaineering-equipment-recreation","8":"product_cat-harnesses-systems-en-dupcheck-810-for-work-at-height-mountaineering-equipment-recreation","10":"first","11":"instock","12":"shipping-taxable","13":"purchasable","14":"product-type-simple"},"_links":{"self":[{"href":"https:\/\/sezona.lv\/en\/wp-json\/wp\/v2\/product\/76973","targetHints":{"allow":["GET"]}}],"collection":[{"href":"https:\/\/sezona.lv\/en\/wp-json\/wp\/v2\/product"}],"about":[{"href":"https:\/\/sezona.lv\/en\/wp-json\/wp\/v2\/types\/product"}],"wp:attachment":[{"href":"https:\/\/sezona.lv\/en\/wp-json\/wp\/v2\/media?parent=76973"}],"wp:term":[{"taxonomy":"product_brand","embeddable":true,"href":"https:\/\/sezona.lv\/en\/wp-json\/wp\/v2\/product_brand?post=76973"},{"taxonomy":"product_cat","embeddable":true,"href":"https:\/\/sezona.lv\/en\/wp-json\/wp\/v2\/product_cat?post=76973"},{"taxonomy":"product_tag","embeddable":true,"href":"https:\/\/sezona.lv\/en\/wp-json\/wp\/v2\/product_tag?post=76973"}],"curies":[{"name":"wp","href":"https:\/\/api.w.org\/{rel}","templated":true}]}}