{"id":76975,"date":"2025-07-14T14:59:11","date_gmt":"2025-07-14T11:59:11","guid":{"rendered":"https:\/\/demo8.ecube.lv\/sezona.lv\/products\/josta-sistema-petzl-kano\/"},"modified":"2025-07-14T14:59:11","modified_gmt":"2025-07-14T11:59:11","slug":"josta-sistema-petzl-kano","status":"publish","type":"product","link":"https:\/\/sezona.lv\/en\/products\/josta-sistema-petzl-kano\/","title":{"rendered":"Josta\/sist\u0113ma Petzl Kano"},"content":{"rendered":"<p><span>Daudzfunkcion\u0101la taktisk\u0101 josta\/sist\u0113ma, kas paredz\u0113ta bru\u0146otajiem sp\u0113kiem un armijas vajadz\u012bb\u0101m. T\u0101 \u0113rti lietojama gan taktisk\u0101 ekip\u0113juma n\u0113s\u0101&scaron;anai, gan lietot\u0101ja dro&scaron;in\u0101&scaron;anai. Sist\u0113mas josta oder\u0113ta ar elpojo&scaron;u caurumotu putu pild\u012bjumu lab\u0101kam komfortam. \u012apa&scaron;as nesl\u012bdo&scaron;as uzlikas notur sist\u0113mu nepiecie&scaron;amaj\u0101 poz\u012bcij\u0101 (Anti-slip patch). Josta apr\u012bkota ar \u0113rti un viegli regul\u0113jamu FAST aizdares spr\u0101dzi. Ekip\u0113juma siksnu iesp\u0113jams atv\u0113rt, lai sist\u0113mai pievienotu nepiecie&scaron;amo ekip\u0113jumu (iero\u010dus, mun\u012bcijas maku, nazi). T\u0101 ir sadal\u012bta atsevi&scaron;\u0137os nodal\u012bjumos, lai pal\u012bdz\u0113tu veiksm\u012bg\u0101k organiz\u0113t ekip\u0113jumu. Siksnai ir integr\u0113ts virz\u012bt\u0101js Serflex rokudzel\u017eiem. Jostas iek&scaron;pus\u0113 iestr\u0101d\u0101ta tekstila kabati\u0146a ausu aizb\u0101\u017e\u0146u glab\u0101&scaron;anai. Divi tekstila s\u0101nu stiprin\u0101juma punkti paredz\u0113ti pa&scaron;dro&scaron;in\u0101&scaron;an\u0101s vajadz\u012bb\u0101m uz plaknes vai jumta (ierobe\u017eot\u0101jsist\u0113ma). Divi tekstila stiprin\u0101juma punkti, zem\u0101ks un augst\u0101ks, jostas mugurpus\u0113 paredz\u0113ti ierobe\u017eot\u0101jcilpas un\/ vai kr\u016b&scaron;u sist\u0113mas savieno&scaron;anai. Integr\u0113t\u0101s k\u0101ju cilpas, kuras iesp\u0113jams \u0113rti savietot jostas iek&scaron;pus\u0113, \u013cauj izpild\u012bt neregul\u0101ru pa&scaron;dro&scaron;in\u0101&scaron;an\u0101s\/nolai&scaron;an\u0101s procesu &ndash; nolai&scaron;an\u0101s\/dro&scaron;in\u0101&scaron;anas ier\u012bce savieno divda\u013c\u012bgos v\u0113dera stiprin\u0101juma punktus. K\u0101ju cilpas apr\u012bkotas ar pa&scaron;blo\u0137\u0113jo&scaron;\u0101m DoubleBack aizdares spr\u0101dz\u0113m, kas ir viegli un \u0113rti regul\u0113jamas.<\/span><\/p>\n<p>&nbsp;<\/p>\n<ul class=\"item_traits\">\n<li class=\"odd\"><label>Stiprin\u0101juma punkts muguras:<\/label><span>ir<\/span><\/li>\n<li><label>Stiprin\u0101juma punkts s\u0101nu:<\/label><span>ir<\/span><\/li>\n<li class=\"odd\"><label>Stiprin\u0101juma punkts v\u0113dera:<\/label><span>ir<\/span><\/li>\n<li><label>Viduk\u013ca apk\u0101rtm\u0113rs:<\/label><span>83 l\u012bdz 107.95 cm<\/span><\/li>\n<li class=\"odd\"><label>Svars:<\/label><span>760 g<\/span><\/li>\n<\/ul>\n","protected":false},"excerpt":{"rendered":"<p>Daudzfunkcion\u0101la taktisk\u0101 josta\/sist\u0113ma, kas paredz\u0113ta bru\u0146otajiem sp\u0113kiem un armijas vajadz\u012bb\u0101m. T\u0101 \u0113rti lietojama gan taktisk\u0101 ekip\u0113juma n\u0113s\u0101&scaron;anai, gan lietot\u0101ja dro&scaron;in\u0101&scaron;anai. Sist\u0113mas josta oder\u0113ta ar elpojo&scaron;u caurumotu putu pild\u012bjumu lab\u0101kam komfortam. \u012apa&scaron;as nesl\u012bdo&scaron;as uzlikas notur sist\u0113mu nepiecie&scaron;amaj\u0101 poz\u012bcij\u0101 (Anti-slip patch). Josta apr\u012bkota ar \u0113rti un viegli regul\u0113jamu FAST aizdares spr\u0101dzi. Ekip\u0113juma siksnu iesp\u0113jams atv\u0113rt, lai sist\u0113mai [&hellip;]<\/p>\n","protected":false},"featured_media":0,"template":"","meta":[],"product_brand":[957],"product_cat":[4851,4875,4876],"product_tag":[],"class_list":{"0":"post-76975","1":"product","2":"type-product","3":"status-publish","5":"product_brand-petzl","6":"product_cat-mountaineering-equipment-recreation","7":"product_cat-for-work-at-height-mountaineering-equipment-recreation","8":"product_cat-harnesses-systems-en-dupcheck-810-for-work-at-height-mountaineering-equipment-recreation","10":"first","11":"instock","12":"shipping-taxable","13":"purchasable","14":"product-type-simple"},"_links":{"self":[{"href":"https:\/\/sezona.lv\/en\/wp-json\/wp\/v2\/product\/76975","targetHints":{"allow":["GET"]}}],"collection":[{"href":"https:\/\/sezona.lv\/en\/wp-json\/wp\/v2\/product"}],"about":[{"href":"https:\/\/sezona.lv\/en\/wp-json\/wp\/v2\/types\/product"}],"wp:attachment":[{"href":"https:\/\/sezona.lv\/en\/wp-json\/wp\/v2\/media?parent=76975"}],"wp:term":[{"taxonomy":"product_brand","embeddable":true,"href":"https:\/\/sezona.lv\/en\/wp-json\/wp\/v2\/product_brand?post=76975"},{"taxonomy":"product_cat","embeddable":true,"href":"https:\/\/sezona.lv\/en\/wp-json\/wp\/v2\/product_cat?post=76975"},{"taxonomy":"product_tag","embeddable":true,"href":"https:\/\/sezona.lv\/en\/wp-json\/wp\/v2\/product_tag?post=76975"}],"curies":[{"name":"wp","href":"https:\/\/api.w.org\/{rel}","templated":true}]}}