{"id":76976,"date":"2025-07-14T14:59:12","date_gmt":"2025-07-14T11:59:12","guid":{"rendered":"https:\/\/demo8.ecube.lv\/sezona.lv\/products\/sistema-petzl-avao-bod-croll-fast\/"},"modified":"2025-07-14T14:59:12","modified_gmt":"2025-07-14T11:59:12","slug":"sistema-petzl-avao-bod-croll-fast","status":"publish","type":"product","link":"https:\/\/sezona.lv\/en\/products\/sistema-petzl-avao-bod-croll-fast\/","title":{"rendered":"Sist\u0113ma Petzl Avao Bod Croll Fast"},"content":{"rendered":"<p><span>Komfortabla kritienu blo\u0137\u0113&scaron;anas un darba pozicion\u0113&scaron;an\u0101s sist\u0113ma ar integr\u0113tu Croll v\u0113dera virves saspied\u0113ju. X formas muguras da\u013cas konstrukcija samazina spiediena punktus ilgas iekarin\u0101&scaron;an\u0101s laik\u0101. Plat\u0101, puscieta materi\u0101la josta un k\u0101ju cilpas nodro&scaron;ina lielisku atbalstu. Gan josta, gan k\u0101ju cilpas ir profil\u0113tas un oder\u0113tas ar elpojo&scaron;u, caurumotu putu materi\u0101lu maksim\u0101lam komfortam. Komfortablais putu polster\u0113juma plecu siksnu novietojums samazina kakla berzi. Kad gurnu josta ir noslogota, plecu siksnas pal\u012bdz vienm\u0113r\u012bgi sadal\u012bt slodzi uz pleciem. Gurnu josta un plecu siksnas apr\u012bkotas ar pa&scaron;blo\u0137\u0113jo&scaron;\u0101m, \u0101tri un viegli regul\u0113jam\u0101m DoubleBack spr\u0101dz\u0113m, k\u0101ju cilpas apr\u012bkotas ar autom\u0101tiskaj\u0101m Fast aizdares spr\u0101dz\u0113m, kas nodro&scaron;ina \u0101tru un vieglu atv\u0113r&scaron;anu un aizv\u0113r&scaron;anu bez nepiecie&scaron;am\u012bbas atk\u0101rtoti t\u0101s regul\u0113t.<\/span><br \/><span>V\u0113dera stiprin\u0101juma punkts iekarin\u0101&scaron;an\u0101s darba poz\u012bcij\u0101 vienm\u0113r\u012bgi sadala slodzi starp gurnu jostu un k\u0101ju cilp\u0101m. Divi s\u0101nu stiprin\u0101juma punkti p\u0101rnes slodzi uz gurnu jostu, lai nodro&scaron;in\u0101tu komfortu str\u0101d\u0101jot poz\u012bcij\u0101 ar k\u0101ju atbalstu. Tos iesp\u0113jams pagriezt atpaka\u013c pret gurnu jostu, kad past\u0101v aiz\u0137er&scaron;an\u0101s risks. Sist\u0113mai ir kr\u016b&scaron;u un muguras stiprin\u0101juma punkti, kritienu blo\u0137\u0113&scaron;anas sist\u0113mas savieno&scaron;anai. Kritiena gad\u012bjum\u0101 uz muguras stiprin\u0101juma punktiem, svars tiek novirz\u012bts uz k\u0101ju cilp\u0101m, \u013caujot lietot\u0101jam palikt iekares poz\u012bcij\u0101 ilg\u0101k un sagaid\u012bt gl\u0101b\u0113jus. Aizmugur\u0113jais stiprin\u0101juma punkts uz gurnu jostas piem\u0113rots balsta\/ierobe\u017eot\u0101j &scaron;tropes pievieno&scaron;anai.&nbsp;<\/span><br \/><span>Sist\u0113mai ir 5 form\u0113tas ekip\u0113juma cilpas ar aizsarg\u0101jo&scaron;u apvalku, atveres Caritool ekip\u0113juma karab\u012b\u0146u un Toolbag instrumentu somas stiprin\u0101&scaron;anai, ie\u0101\u0137\u0113&scaron;anas punkti Podium s\u0113dek\u013ca pievieno&scaron;anai ilgsto&scaron;\u0101m iekares poz\u012bcij\u0101m. Sertifik\u0101cija: CE EN 361, CE EN 358, CE EN 813, CE EN 12841 tips B<\/span><\/p>\n<p>&nbsp;<\/p>\n<ul class=\"item_traits\">\n<li class=\"odd\"><label>Augums:<\/label><span>160 &#8211; 180 cm<\/span><\/li>\n<li><label>Ekip\u0113juma cilpas:<\/label><span>5<\/span><\/li>\n<li class=\"odd\"><label>K\u0101ju apk\u0101rtm\u0113rs:<\/label><span>45 &#8211; 65 cm<\/span><\/li>\n<li><label>Stiprin\u0101juma punkts kr\u016b&scaron;u:<\/label><span>ir<\/span><\/li>\n<li class=\"odd\"><label>Stiprin\u0101juma punkts muguras:<\/label><span>ir<\/span><\/li>\n<li><label>Stiprin\u0101juma punkts s\u0101nu:<\/label><span>ir<\/span><\/li>\n<li class=\"odd\"><label>Stiprin\u0101juma punkts v\u0113dera:<\/label><span>ir<\/span><\/li>\n<li><label>Viduk\u013ca apk\u0101rtm\u0113rs:<\/label><span>60 &#8211; 90 cm<\/span><\/li>\n<li class=\"odd\"><label>Svars:<\/label><span>2.33 kg<\/span><\/li>\n<\/ul>\n","protected":false},"excerpt":{"rendered":"<p>Komfortabla kritienu blo\u0137\u0113&scaron;anas un darba pozicion\u0113&scaron;an\u0101s sist\u0113ma ar integr\u0113tu Croll v\u0113dera virves saspied\u0113ju. X formas muguras da\u013cas konstrukcija samazina spiediena punktus ilgas iekarin\u0101&scaron;an\u0101s laik\u0101. Plat\u0101, puscieta materi\u0101la josta un k\u0101ju cilpas nodro&scaron;ina lielisku atbalstu. Gan josta, gan k\u0101ju cilpas ir profil\u0113tas un oder\u0113tas ar elpojo&scaron;u, caurumotu putu materi\u0101lu maksim\u0101lam komfortam. Komfortablais putu polster\u0113juma plecu siksnu [&hellip;]<\/p>\n","protected":false},"featured_media":0,"template":"","meta":[],"product_brand":[957],"product_cat":[4851,4875,4876],"product_tag":[],"class_list":{"0":"post-76976","1":"product","2":"type-product","3":"status-publish","5":"product_brand-petzl","6":"product_cat-mountaineering-equipment-recreation","7":"product_cat-for-work-at-height-mountaineering-equipment-recreation","8":"product_cat-harnesses-systems-en-dupcheck-810-for-work-at-height-mountaineering-equipment-recreation","10":"first","11":"instock","12":"shipping-taxable","13":"purchasable","14":"product-type-simple"},"_links":{"self":[{"href":"https:\/\/sezona.lv\/en\/wp-json\/wp\/v2\/product\/76976","targetHints":{"allow":["GET"]}}],"collection":[{"href":"https:\/\/sezona.lv\/en\/wp-json\/wp\/v2\/product"}],"about":[{"href":"https:\/\/sezona.lv\/en\/wp-json\/wp\/v2\/types\/product"}],"wp:attachment":[{"href":"https:\/\/sezona.lv\/en\/wp-json\/wp\/v2\/media?parent=76976"}],"wp:term":[{"taxonomy":"product_brand","embeddable":true,"href":"https:\/\/sezona.lv\/en\/wp-json\/wp\/v2\/product_brand?post=76976"},{"taxonomy":"product_cat","embeddable":true,"href":"https:\/\/sezona.lv\/en\/wp-json\/wp\/v2\/product_cat?post=76976"},{"taxonomy":"product_tag","embeddable":true,"href":"https:\/\/sezona.lv\/en\/wp-json\/wp\/v2\/product_tag?post=76976"}],"curies":[{"name":"wp","href":"https:\/\/api.w.org\/{rel}","templated":true}]}}