{"id":76977,"date":"2025-07-11T15:59:32","date_gmt":"2025-07-11T12:59:32","guid":{"rendered":"https:\/\/demo8.ecube.lv\/sezona.lv\/products\/salmo-pita-aukla-elite-braid-green-150m-0-13-0-24\/"},"modified":"2025-07-14T14:59:13","modified_gmt":"2025-07-14T11:59:13","slug":"salmo-pita-aukla-elite-braid-green-150m-0-13-0-24","status":"publish","type":"product","link":"https:\/\/sezona.lv\/en\/products\/salmo-pita-aukla-elite-braid-green-150m-0-13-0-24\/","title":{"rendered":"Salmo p\u012bt\u0101 aukla Elite BRAID Green 150M 0.13-0.24"},"content":{"rendered":"<div class=\"desc_block\">\n<p>Augst\u0101k\u0101s kvalit\u0101tes p\u012bt\u0101 aukla, kas  izgatavota no 100% dyneema SK65  &scaron;\u0137iedras. Lietojot \u012bpa&scaron;u &scaron;\u0137iedras  apstr\u0101des tehnolo\u0123iju, pan\u0101kta  maksim\u0101la iztur\u012bba un gluda virsma, kas  \u013cauj izdar\u012bt maksim\u0101li t\u0101lus  \u0113smas iemetienus. No cit\u0101m aukl\u0101m at&scaron;\u0137iras  ar \u012bpa&scaron;i bl\u012bvu pinumu, kas  l\u012bdz minimumam samazina izstiep&scaron;an\u0101s  koeficientu, k\u0101 ar\u012b paaugstina  auklas nodilumiztur\u012bbu un lieto&scaron;anas  ilgumu. Augst\u0101 jut\u012bba <br \/>nodro&scaron;ina  tie&scaron;u kontaktu ar m\u0101nekli pat liel\u0101  dzi\u013cum\u0101. Dro&scaron;s piecirtiens pat p\u0113c  maz\u0101k\u0101 zivs piesk\u0101riena \u0113smai!  Piem\u0113rota \u0137er&scaron;anai jebkuros \u016bde\u0146os.  Savieno&scaron;anai ar m\u0101nekli iesak\u0101m  klin\u010da mezglu. ELITE BRAID &ndash;&nbsp; aukla,  kurai j\u0101b\u016bt j\u016bsu mak&scaron;\u0137ernieka  kast\u0113!<\/p>\n<p>&bull; Augsta line\u0101r\u0101 iztur\u012bba<br \/>&bull; Ide\u0101li gluda virsma<br \/>&bull; Maksim\u0101li t\u0101ls iemetiens<br \/>&bull; Augsta nodilumiztur\u012bba<\/p>\n<p><strong>Iztur\u012bbas tabula:<\/strong><\/p>\n<p><strong>0.13mm &#8211; 5.90kg<\/strong><\/p>\n<p><strong>0.15mm &#8211; 7.45kg<\/strong><\/p>\n<p><strong>0.17mm &#8211; 9.80kg<\/strong><\/p>\n<p><strong>0.20mm &#8211; 14.10kg<\/strong><\/p>\n<p><strong>0.24mm &#8211; 17.60kg<\/strong><\/p>\n<\/div>\n","protected":false},"excerpt":{"rendered":"<p>Augst\u0101k\u0101s kvalit\u0101tes p\u012bt\u0101 aukla, kas izgatavota no 100% dyneema SK65 &scaron;\u0137iedras. Lietojot \u012bpa&scaron;u &scaron;\u0137iedras apstr\u0101des tehnolo\u0123iju, pan\u0101kta maksim\u0101la iztur\u012bba un gluda virsma, kas \u013cauj izdar\u012bt maksim\u0101li t\u0101lus \u0113smas iemetienus. No cit\u0101m aukl\u0101m at&scaron;\u0137iras ar \u012bpa&scaron;i bl\u012bvu pinumu, kas l\u012bdz minimumam samazina izstiep&scaron;an\u0101s koeficientu, k\u0101 ar\u012b paaugstina auklas nodilumiztur\u012bbu un lieto&scaron;anas ilgumu. Augst\u0101 jut\u012bba nodro&scaron;ina tie&scaron;u [&hellip;]<\/p>\n","protected":false},"featured_media":63599,"template":"","meta":[],"product_brand":[894],"product_cat":[4538,4552,4554],"product_tag":[],"class_list":{"0":"post-76977","1":"product","2":"type-product","3":"status-publish","4":"has-post-thumbnail","6":"product_brand-salmo","7":"product_cat-fishing-equipment-recreation","8":"product_cat-cords-fishing-equipment-recreation","9":"product_cat-braided-fishing-lines-cords-fishing-equipment-recreation","11":"first","12":"instock","13":"sale","14":"shipping-taxable","15":"purchasable","16":"product-type-simple"},"_links":{"self":[{"href":"https:\/\/sezona.lv\/en\/wp-json\/wp\/v2\/product\/76977","targetHints":{"allow":["GET"]}}],"collection":[{"href":"https:\/\/sezona.lv\/en\/wp-json\/wp\/v2\/product"}],"about":[{"href":"https:\/\/sezona.lv\/en\/wp-json\/wp\/v2\/types\/product"}],"wp:featuredmedia":[{"embeddable":true,"href":"https:\/\/sezona.lv\/en\/wp-json\/wp\/v2\/media\/63599"}],"wp:attachment":[{"href":"https:\/\/sezona.lv\/en\/wp-json\/wp\/v2\/media?parent=76977"}],"wp:term":[{"taxonomy":"product_brand","embeddable":true,"href":"https:\/\/sezona.lv\/en\/wp-json\/wp\/v2\/product_brand?post=76977"},{"taxonomy":"product_cat","embeddable":true,"href":"https:\/\/sezona.lv\/en\/wp-json\/wp\/v2\/product_cat?post=76977"},{"taxonomy":"product_tag","embeddable":true,"href":"https:\/\/sezona.lv\/en\/wp-json\/wp\/v2\/product_tag?post=76977"}],"curies":[{"name":"wp","href":"https:\/\/api.w.org\/{rel}","templated":true}]}}