{"id":76978,"date":"2025-07-14T14:59:14","date_gmt":"2025-07-14T11:59:14","guid":{"rendered":"https:\/\/demo8.ecube.lv\/sezona.lv\/products\/stiprinajuma-protektors-petzl-string-l\/"},"modified":"2025-07-14T14:59:14","modified_gmt":"2025-07-14T11:59:14","slug":"stiprinajuma-protektors-petzl-string-l","status":"publish","type":"product","link":"https:\/\/sezona.lv\/en\/products\/stiprinajuma-protektors-petzl-string-l\/","title":{"rendered":"Stiprin\u0101juma protektors Petzl String L"},"content":{"rendered":"<p><span>Poz\u012bcijas karab\u012bne String, kura aizsarg\u0101 virvi no nodiluma. Paredz\u0113ta virv\u0113m diametr\u0101 no 15 l\u012bdz 30 mm.<\/span><\/p>\n","protected":false},"excerpt":{"rendered":"<p>Poz\u012bcijas karab\u012bne String, kura aizsarg\u0101 virvi no nodiluma. Paredz\u0113ta virv\u0113m diametr\u0101 no 15 l\u012bdz 30 mm.<\/p>\n","protected":false},"featured_media":0,"template":"","meta":[],"product_brand":[957],"product_cat":[4851,4875,4880],"product_tag":[],"class_list":{"0":"post-76978","1":"product","2":"type-product","3":"status-publish","5":"product_brand-petzl","6":"product_cat-mountaineering-equipment-recreation","7":"product_cat-for-work-at-height-mountaineering-equipment-recreation","8":"product_cat-carabiners-and-connectors-for-work-at-height-mountaineering-equipment-recreation","10":"first","11":"instock","12":"shipping-taxable","13":"purchasable","14":"product-type-simple"},"_links":{"self":[{"href":"https:\/\/sezona.lv\/en\/wp-json\/wp\/v2\/product\/76978","targetHints":{"allow":["GET"]}}],"collection":[{"href":"https:\/\/sezona.lv\/en\/wp-json\/wp\/v2\/product"}],"about":[{"href":"https:\/\/sezona.lv\/en\/wp-json\/wp\/v2\/types\/product"}],"wp:attachment":[{"href":"https:\/\/sezona.lv\/en\/wp-json\/wp\/v2\/media?parent=76978"}],"wp:term":[{"taxonomy":"product_brand","embeddable":true,"href":"https:\/\/sezona.lv\/en\/wp-json\/wp\/v2\/product_brand?post=76978"},{"taxonomy":"product_cat","embeddable":true,"href":"https:\/\/sezona.lv\/en\/wp-json\/wp\/v2\/product_cat?post=76978"},{"taxonomy":"product_tag","embeddable":true,"href":"https:\/\/sezona.lv\/en\/wp-json\/wp\/v2\/product_tag?post=76978"}],"curies":[{"name":"wp","href":"https:\/\/api.w.org\/{rel}","templated":true}]}}