{"id":76980,"date":"2025-07-14T14:59:15","date_gmt":"2025-07-14T11:59:15","guid":{"rendered":"https:\/\/demo8.ecube.lv\/sezona.lv\/products\/karabine-petzl-go-p15\/"},"modified":"2025-07-14T14:59:15","modified_gmt":"2025-07-14T11:59:15","slug":"karabine-petzl-go-p15","status":"publish","type":"product","link":"https:\/\/sezona.lv\/en\/products\/karabine-petzl-go-p15\/","title":{"rendered":"Karab\u012bne Petzl Go P15"},"content":{"rendered":"<p><span>Ov\u0101las formas karab\u012bne, kas izgatavota no iztur\u012bga dzelzs. Aizgrieztu ar atsl\u0113gu var izmantot k\u0101 enkura gredzenu. Sertific\u0113ta: CE EN 362 tips Q.<\/span><br \/><span>Karab\u012bne tiek izmantota k\u0101 savienojuma punkts.<\/span><\/p>\n<p>&nbsp;<\/p>\n<ul class=\"item_traits\">\n<li class=\"odd\"><label>Iztur\u012bba:<\/label><span>25\/10 kN<\/span><\/li>\n<li><label>Muftas atvere:<\/label><span>16 mm<\/span><\/li>\n<li class=\"odd\"><label>Tips:<\/label><span>Simetriska<\/span><\/li>\n<li><label>Svars:<\/label><span>60 g<\/span><\/li>\n<\/ul>\n","protected":false},"excerpt":{"rendered":"<p>Ov\u0101las formas karab\u012bne, kas izgatavota no iztur\u012bga dzelzs. Aizgrieztu ar atsl\u0113gu var izmantot k\u0101 enkura gredzenu. Sertific\u0113ta: CE EN 362 tips Q.Karab\u012bne tiek izmantota k\u0101 savienojuma punkts. &nbsp; Iztur\u012bba:25\/10 kN Muftas atvere:16 mm Tips:Simetriska Svars:60 g<\/p>\n","protected":false},"featured_media":0,"template":"","meta":[],"product_brand":[957],"product_cat":[4851,4875,4880],"product_tag":[],"class_list":{"0":"post-76980","1":"product","2":"type-product","3":"status-publish","5":"product_brand-petzl","6":"product_cat-mountaineering-equipment-recreation","7":"product_cat-for-work-at-height-mountaineering-equipment-recreation","8":"product_cat-carabiners-and-connectors-for-work-at-height-mountaineering-equipment-recreation","10":"first","11":"instock","12":"shipping-taxable","13":"purchasable","14":"product-type-simple"},"_links":{"self":[{"href":"https:\/\/sezona.lv\/en\/wp-json\/wp\/v2\/product\/76980","targetHints":{"allow":["GET"]}}],"collection":[{"href":"https:\/\/sezona.lv\/en\/wp-json\/wp\/v2\/product"}],"about":[{"href":"https:\/\/sezona.lv\/en\/wp-json\/wp\/v2\/types\/product"}],"wp:attachment":[{"href":"https:\/\/sezona.lv\/en\/wp-json\/wp\/v2\/media?parent=76980"}],"wp:term":[{"taxonomy":"product_brand","embeddable":true,"href":"https:\/\/sezona.lv\/en\/wp-json\/wp\/v2\/product_brand?post=76980"},{"taxonomy":"product_cat","embeddable":true,"href":"https:\/\/sezona.lv\/en\/wp-json\/wp\/v2\/product_cat?post=76980"},{"taxonomy":"product_tag","embeddable":true,"href":"https:\/\/sezona.lv\/en\/wp-json\/wp\/v2\/product_tag?post=76980"}],"curies":[{"name":"wp","href":"https:\/\/api.w.org\/{rel}","templated":true}]}}