{"id":76981,"date":"2025-07-14T14:59:16","date_gmt":"2025-07-14T11:59:16","guid":{"rendered":"https:\/\/demo8.ecube.lv\/sezona.lv\/products\/karabine-singing-rock-steel-oval-screw-gate\/"},"modified":"2025-07-14T14:59:16","modified_gmt":"2025-07-14T11:59:16","slug":"karabine-singing-rock-steel-oval-screw-gate","status":"publish","type":"product","link":"https:\/\/sezona.lv\/en\/products\/karabine-singing-rock-steel-oval-screw-gate\/","title":{"rendered":"Karab\u012bne Singing Rock Steel Oval Screw Gate"},"content":{"rendered":"<p><span>T\u0113rauda ov\u0101las formas karab\u012bne ar manu\u0101lo blo\u0137\u0113&scaron;anas meh\u0101nismu un Keylock sist\u0113mu.&nbsp;<\/span><br \/><span>Paredz\u0113ta lieto&scaron;anai industri\u0101laj\u0101 alp\u012bnism\u0101, gl\u0101b&scaron;anas darbos un \u012bpa&scaron;\u0101s oper\u0101cij\u0101s. Karab\u012bne atbilst EN 362 un CE 1015 standartu pras\u012bb\u0101m.<\/span><\/p>\n<p>&nbsp;<\/p>\n<ul class=\"item_traits\">\n<li class=\"odd\"><label>Aizdares meh\u0101nisms:<\/label><span>SCREW-LOCK<\/span><\/li>\n<li><label>Iztur\u012bba:<\/label><span>garum\u0101\/pret\/atv\u0113rts &ndash; 30\/9\/8 kN<\/span><\/li>\n<li class=\"odd\"><label>Muftas atvere:<\/label><span>17 mm<\/span><\/li>\n<li><label>Tips:<\/label><span>Simetriska<\/span><\/li>\n<li class=\"odd\"><label>Svars:<\/label><span>180 g<\/span><\/li>\n<\/ul>\n","protected":false},"excerpt":{"rendered":"<p>T\u0113rauda ov\u0101las formas karab\u012bne ar manu\u0101lo blo\u0137\u0113&scaron;anas meh\u0101nismu un Keylock sist\u0113mu.&nbsp;Paredz\u0113ta lieto&scaron;anai industri\u0101laj\u0101 alp\u012bnism\u0101, gl\u0101b&scaron;anas darbos un \u012bpa&scaron;\u0101s oper\u0101cij\u0101s. Karab\u012bne atbilst EN 362 un CE 1015 standartu pras\u012bb\u0101m. &nbsp; Aizdares meh\u0101nisms:SCREW-LOCK Iztur\u012bba:garum\u0101\/pret\/atv\u0113rts &ndash; 30\/9\/8 kN Muftas atvere:17 mm Tips:Simetriska Svars:180 g<\/p>\n","protected":false},"featured_media":0,"template":"","meta":[],"product_brand":[3350],"product_cat":[4851,4875,4880],"product_tag":[],"class_list":{"0":"post-76981","1":"product","2":"type-product","3":"status-publish","5":"product_brand-singing-rock","6":"product_cat-mountaineering-equipment-recreation","7":"product_cat-for-work-at-height-mountaineering-equipment-recreation","8":"product_cat-carabiners-and-connectors-for-work-at-height-mountaineering-equipment-recreation","10":"first","11":"instock","12":"shipping-taxable","13":"purchasable","14":"product-type-simple"},"_links":{"self":[{"href":"https:\/\/sezona.lv\/en\/wp-json\/wp\/v2\/product\/76981","targetHints":{"allow":["GET"]}}],"collection":[{"href":"https:\/\/sezona.lv\/en\/wp-json\/wp\/v2\/product"}],"about":[{"href":"https:\/\/sezona.lv\/en\/wp-json\/wp\/v2\/types\/product"}],"wp:attachment":[{"href":"https:\/\/sezona.lv\/en\/wp-json\/wp\/v2\/media?parent=76981"}],"wp:term":[{"taxonomy":"product_brand","embeddable":true,"href":"https:\/\/sezona.lv\/en\/wp-json\/wp\/v2\/product_brand?post=76981"},{"taxonomy":"product_cat","embeddable":true,"href":"https:\/\/sezona.lv\/en\/wp-json\/wp\/v2\/product_cat?post=76981"},{"taxonomy":"product_tag","embeddable":true,"href":"https:\/\/sezona.lv\/en\/wp-json\/wp\/v2\/product_tag?post=76981"}],"curies":[{"name":"wp","href":"https:\/\/api.w.org\/{rel}","templated":true}]}}