{"id":76982,"date":"2025-07-14T14:59:17","date_gmt":"2025-07-14T11:59:17","guid":{"rendered":"https:\/\/demo8.ecube.lv\/sezona.lv\/products\/karabine-edelrid-steel-oval-screw\/"},"modified":"2025-07-14T14:59:17","modified_gmt":"2025-07-14T11:59:17","slug":"karabine-edelrid-steel-oval-screw","status":"publish","type":"product","link":"https:\/\/sezona.lv\/en\/products\/karabine-edelrid-steel-oval-screw\/","title":{"rendered":"Karab\u012bne Edelrid Steel Oval Screw"},"content":{"rendered":"<p><span>Viegli kontrol\u0113jama ov\u0101las formas t\u0113rauda karab\u012bne ar skr\u016bv\u0113jamu aizdares meh\u0101nismu. T\u0101 piem\u0113rota da\u017e\u0101diem lieto&scaron;anas veidiem, piem\u0113ram, past\u0101v\u012bgu enkuru uzst\u0101d\u012b&scaron;anai. Izm\u0113rs: 108 x 60 mm.<\/span><\/p>\n<p>&nbsp;<\/p>\n<ul class=\"item_traits\">\n<li class=\"odd\"><label>Aizdares meh\u0101nisms:<\/label><span>SCREW-LOCK<\/span><\/li>\n<li><label>Iztur\u012bba:<\/label><span>30 kN<\/span><\/li>\n<li class=\"odd\"><label>Muftas atvere:<\/label><span>23 mm<\/span><\/li>\n<li><label>Svars:<\/label><span>180 g<\/span><\/li>\n<\/ul>\n","protected":false},"excerpt":{"rendered":"<p>Viegli kontrol\u0113jama ov\u0101las formas t\u0113rauda karab\u012bne ar skr\u016bv\u0113jamu aizdares meh\u0101nismu. T\u0101 piem\u0113rota da\u017e\u0101diem lieto&scaron;anas veidiem, piem\u0113ram, past\u0101v\u012bgu enkuru uzst\u0101d\u012b&scaron;anai. Izm\u0113rs: 108 x 60 mm. &nbsp; Aizdares meh\u0101nisms:SCREW-LOCK Iztur\u012bba:30 kN Muftas atvere:23 mm Svars:180 g<\/p>\n","protected":false},"featured_media":0,"template":"","meta":[],"product_brand":[3348],"product_cat":[4851,4875,4880],"product_tag":[],"class_list":{"0":"post-76982","1":"product","2":"type-product","3":"status-publish","5":"product_brand-edelrid","6":"product_cat-mountaineering-equipment-recreation","7":"product_cat-for-work-at-height-mountaineering-equipment-recreation","8":"product_cat-carabiners-and-connectors-for-work-at-height-mountaineering-equipment-recreation","10":"first","11":"instock","12":"shipping-taxable","13":"purchasable","14":"product-type-simple"},"_links":{"self":[{"href":"https:\/\/sezona.lv\/en\/wp-json\/wp\/v2\/product\/76982","targetHints":{"allow":["GET"]}}],"collection":[{"href":"https:\/\/sezona.lv\/en\/wp-json\/wp\/v2\/product"}],"about":[{"href":"https:\/\/sezona.lv\/en\/wp-json\/wp\/v2\/types\/product"}],"wp:attachment":[{"href":"https:\/\/sezona.lv\/en\/wp-json\/wp\/v2\/media?parent=76982"}],"wp:term":[{"taxonomy":"product_brand","embeddable":true,"href":"https:\/\/sezona.lv\/en\/wp-json\/wp\/v2\/product_brand?post=76982"},{"taxonomy":"product_cat","embeddable":true,"href":"https:\/\/sezona.lv\/en\/wp-json\/wp\/v2\/product_cat?post=76982"},{"taxonomy":"product_tag","embeddable":true,"href":"https:\/\/sezona.lv\/en\/wp-json\/wp\/v2\/product_tag?post=76982"}],"curies":[{"name":"wp","href":"https:\/\/api.w.org\/{rel}","templated":true}]}}