{"id":76983,"date":"2025-07-14T14:59:18","date_gmt":"2025-07-14T11:59:18","guid":{"rendered":"https:\/\/demo8.ecube.lv\/sezona.lv\/products\/karabine-petzl-oxan-screw-lock\/"},"modified":"2025-07-14T14:59:18","modified_gmt":"2025-07-14T11:59:18","slug":"karabine-petzl-oxan-screw-lock","status":"publish","type":"product","link":"https:\/\/sezona.lv\/en\/products\/karabine-petzl-oxan-screw-lock\/","title":{"rendered":"Karab\u012bne Petzl Oxan Screw Lock"},"content":{"rendered":"<p><span>Augstas kvalit\u0101tes t\u0113rauda skr\u016bv\u0113jam\u0101 karab\u012bne simetrisk\u0101 form\u0101. Piem\u0113rota lieto&scaron;anai smagos darba apst\u0101k\u013cos. Sarkanas kr\u0101sas indikators uz karab\u012bnes aizdares da\u013cas br\u012bdina par karab\u012bnes atv\u0113rtu st\u0101vokli. Sertific\u0113ta: CE EN 362, NFPA 1983.<\/span><\/p>\n<p>&nbsp;<\/p>\n<ul class=\"item_traits\">\n<li class=\"odd\"><label>Aizdares meh\u0101nisms:<\/label><span>SCREW-LOCK<\/span><\/li>\n<li><label>Iztur\u012bba:<\/label><span>27\/16\/7 kN<\/span><\/li>\n<li class=\"odd\"><label>Muftas atvere:<\/label><span>21 mm<\/span><\/li>\n<li><label>Tips:<\/label><span>Simetriska<\/span><\/li>\n<li class=\"odd\"><label>Svars:<\/label><span>200 g<\/span><\/li>\n<\/ul>\n","protected":false},"excerpt":{"rendered":"<p>Augstas kvalit\u0101tes t\u0113rauda skr\u016bv\u0113jam\u0101 karab\u012bne simetrisk\u0101 form\u0101. Piem\u0113rota lieto&scaron;anai smagos darba apst\u0101k\u013cos. Sarkanas kr\u0101sas indikators uz karab\u012bnes aizdares da\u013cas br\u012bdina par karab\u012bnes atv\u0113rtu st\u0101vokli. Sertific\u0113ta: CE EN 362, NFPA 1983. &nbsp; Aizdares meh\u0101nisms:SCREW-LOCK Iztur\u012bba:27\/16\/7 kN Muftas atvere:21 mm Tips:Simetriska Svars:200 g<\/p>\n","protected":false},"featured_media":0,"template":"","meta":[],"product_brand":[957],"product_cat":[4851,4875,4880],"product_tag":[],"class_list":{"0":"post-76983","1":"product","2":"type-product","3":"status-publish","5":"product_brand-petzl","6":"product_cat-mountaineering-equipment-recreation","7":"product_cat-for-work-at-height-mountaineering-equipment-recreation","8":"product_cat-carabiners-and-connectors-for-work-at-height-mountaineering-equipment-recreation","10":"first","11":"instock","12":"shipping-taxable","13":"purchasable","14":"product-type-simple"},"_links":{"self":[{"href":"https:\/\/sezona.lv\/en\/wp-json\/wp\/v2\/product\/76983","targetHints":{"allow":["GET"]}}],"collection":[{"href":"https:\/\/sezona.lv\/en\/wp-json\/wp\/v2\/product"}],"about":[{"href":"https:\/\/sezona.lv\/en\/wp-json\/wp\/v2\/types\/product"}],"wp:attachment":[{"href":"https:\/\/sezona.lv\/en\/wp-json\/wp\/v2\/media?parent=76983"}],"wp:term":[{"taxonomy":"product_brand","embeddable":true,"href":"https:\/\/sezona.lv\/en\/wp-json\/wp\/v2\/product_brand?post=76983"},{"taxonomy":"product_cat","embeddable":true,"href":"https:\/\/sezona.lv\/en\/wp-json\/wp\/v2\/product_cat?post=76983"},{"taxonomy":"product_tag","embeddable":true,"href":"https:\/\/sezona.lv\/en\/wp-json\/wp\/v2\/product_tag?post=76983"}],"curies":[{"name":"wp","href":"https:\/\/api.w.org\/{rel}","templated":true}]}}