{"id":76984,"date":"2025-07-14T14:59:19","date_gmt":"2025-07-14T11:59:19","guid":{"rendered":"https:\/\/demo8.ecube.lv\/sezona.lv\/products\/karabine-petzl-ok-screw-lock-sudraba\/"},"modified":"2025-07-14T14:59:19","modified_gmt":"2025-07-14T11:59:19","slug":"karabine-petzl-ok-screw-lock-sudraba","status":"publish","type":"product","link":"https:\/\/sezona.lv\/en\/products\/karabine-petzl-ok-screw-lock-sudraba\/","title":{"rendered":"Karab\u012bne Petzl OK Screw Lock sudraba"},"content":{"rendered":"<p><span>Simetriskas formas skr\u016bv\u0113jam\u0101 karab\u012bne. T\u0101 lieliski piem\u0113rota lieto&scaron;anai ar tr\u012b&scaron;iem, virves saspied\u0113jiem vai kritiena blo\u0137\u0113t\u0101jiem. Skr\u016bv\u0113jam\u0101 aizdare pasarg\u0101 no nejau&scaron;as karab\u012bnes atv\u0113r&scaron;an\u0101s da\u017e\u0101du manevru laik\u0101. Sarkans indikators uz karab\u012bnes aizdares br\u012bdina, kad karab\u012bne atrodas atv\u0113rt\u0101 st\u0101vokl\u012b. Sertific\u0113ta: CE EN 362, CE EN 12275 tips B<\/span><\/p>\n<p>&nbsp;<\/p>\n<ul class=\"item_traits\">\n<li class=\"odd\"><label>Aizdares meh\u0101nisms:<\/label><span>SCREW-LOCK<\/span><\/li>\n<li><label>Iztur\u012bba:<\/label><span>24\/7\/10 kN<\/span><\/li>\n<li class=\"odd\"><label>Muftas atvere:<\/label><span>19 mm<\/span><\/li>\n<li><label>Tips:<\/label><span>Simetriska<\/span><\/li>\n<li class=\"odd\"><label>Svars:<\/label><span>80 g<\/span><\/li>\n<\/ul>\n","protected":false},"excerpt":{"rendered":"<p>Simetriskas formas skr\u016bv\u0113jam\u0101 karab\u012bne. T\u0101 lieliski piem\u0113rota lieto&scaron;anai ar tr\u012b&scaron;iem, virves saspied\u0113jiem vai kritiena blo\u0137\u0113t\u0101jiem. Skr\u016bv\u0113jam\u0101 aizdare pasarg\u0101 no nejau&scaron;as karab\u012bnes atv\u0113r&scaron;an\u0101s da\u017e\u0101du manevru laik\u0101. Sarkans indikators uz karab\u012bnes aizdares br\u012bdina, kad karab\u012bne atrodas atv\u0113rt\u0101 st\u0101vokl\u012b. Sertific\u0113ta: CE EN 362, CE EN 12275 tips B &nbsp; Aizdares meh\u0101nisms:SCREW-LOCK Iztur\u012bba:24\/7\/10 kN Muftas atvere:19 mm Tips:Simetriska Svars:80 [&hellip;]<\/p>\n","protected":false},"featured_media":0,"template":"","meta":[],"product_brand":[957],"product_cat":[4851,4875,4880],"product_tag":[],"class_list":{"0":"post-76984","1":"product","2":"type-product","3":"status-publish","5":"product_brand-petzl","6":"product_cat-mountaineering-equipment-recreation","7":"product_cat-for-work-at-height-mountaineering-equipment-recreation","8":"product_cat-carabiners-and-connectors-for-work-at-height-mountaineering-equipment-recreation","10":"first","11":"instock","12":"shipping-taxable","13":"purchasable","14":"product-type-simple"},"_links":{"self":[{"href":"https:\/\/sezona.lv\/en\/wp-json\/wp\/v2\/product\/76984","targetHints":{"allow":["GET"]}}],"collection":[{"href":"https:\/\/sezona.lv\/en\/wp-json\/wp\/v2\/product"}],"about":[{"href":"https:\/\/sezona.lv\/en\/wp-json\/wp\/v2\/types\/product"}],"wp:attachment":[{"href":"https:\/\/sezona.lv\/en\/wp-json\/wp\/v2\/media?parent=76984"}],"wp:term":[{"taxonomy":"product_brand","embeddable":true,"href":"https:\/\/sezona.lv\/en\/wp-json\/wp\/v2\/product_brand?post=76984"},{"taxonomy":"product_cat","embeddable":true,"href":"https:\/\/sezona.lv\/en\/wp-json\/wp\/v2\/product_cat?post=76984"},{"taxonomy":"product_tag","embeddable":true,"href":"https:\/\/sezona.lv\/en\/wp-json\/wp\/v2\/product_tag?post=76984"}],"curies":[{"name":"wp","href":"https:\/\/api.w.org\/{rel}","templated":true}]}}