{"id":76986,"date":"2025-07-14T14:59:20","date_gmt":"2025-07-14T11:59:20","guid":{"rendered":"https:\/\/demo8.ecube.lv\/sezona.lv\/products\/karabine-petzl-attache-screw-lock\/"},"modified":"2025-07-14T14:59:20","modified_gmt":"2025-07-14T11:59:20","slug":"karabine-petzl-attache-screw-lock","status":"publish","type":"product","link":"https:\/\/sezona.lv\/en\/products\/karabine-petzl-attache-screw-lock\/","title":{"rendered":"Karab\u012bne Petzl Attache Screw Lock"},"content":{"rendered":"<p><span>Kompakta bumbiera formas karab\u012bne ar skr\u016bv\u0113jamu aizdares meh\u0101nismu. T\u0101 ir viegla un iztur\u012bga, lieliski noder ier\u012b\u010du pievieno&scaron;anai pie sist\u0113mas, bremzes mezgla vai dro&scaron;in\u0101&scaron;anas stacij\u0101m. Sertific\u0113ta: CE EN 362, CE EN 12275 tips H, UIAA 121<\/span><\/p>\n<p>&nbsp;<\/p>\n<ul class=\"item_traits\">\n<li class=\"odd\"><label>Aizdares meh\u0101nisms:<\/label><span>SCREW-LOCK<\/span><\/li>\n<li><label>Iztur\u012bba:<\/label><span>23\/6\/7 kN<\/span><\/li>\n<li class=\"odd\"><label>Muftas atvere:<\/label><span>20 mm<\/span><\/li>\n<li><label>Tips:<\/label><span>Bumbierveida<\/span><\/li>\n<li class=\"odd\"><label>Svars:<\/label><span>80 g<\/span><\/li>\n<\/ul>\n","protected":false},"excerpt":{"rendered":"<p>Kompakta bumbiera formas karab\u012bne ar skr\u016bv\u0113jamu aizdares meh\u0101nismu. T\u0101 ir viegla un iztur\u012bga, lieliski noder ier\u012b\u010du pievieno&scaron;anai pie sist\u0113mas, bremzes mezgla vai dro&scaron;in\u0101&scaron;anas stacij\u0101m. Sertific\u0113ta: CE EN 362, CE EN 12275 tips H, UIAA 121 &nbsp; Aizdares meh\u0101nisms:SCREW-LOCK Iztur\u012bba:23\/6\/7 kN Muftas atvere:20 mm Tips:Bumbierveida Svars:80 g<\/p>\n","protected":false},"featured_media":0,"template":"","meta":[],"product_brand":[957],"product_cat":[4851,4875,4880],"product_tag":[],"class_list":{"0":"post-76986","1":"product","2":"type-product","3":"status-publish","5":"product_brand-petzl","6":"product_cat-mountaineering-equipment-recreation","7":"product_cat-for-work-at-height-mountaineering-equipment-recreation","8":"product_cat-carabiners-and-connectors-for-work-at-height-mountaineering-equipment-recreation","10":"first","11":"instock","12":"shipping-taxable","13":"purchasable","14":"product-type-simple"},"_links":{"self":[{"href":"https:\/\/sezona.lv\/en\/wp-json\/wp\/v2\/product\/76986","targetHints":{"allow":["GET"]}}],"collection":[{"href":"https:\/\/sezona.lv\/en\/wp-json\/wp\/v2\/product"}],"about":[{"href":"https:\/\/sezona.lv\/en\/wp-json\/wp\/v2\/types\/product"}],"wp:attachment":[{"href":"https:\/\/sezona.lv\/en\/wp-json\/wp\/v2\/media?parent=76986"}],"wp:term":[{"taxonomy":"product_brand","embeddable":true,"href":"https:\/\/sezona.lv\/en\/wp-json\/wp\/v2\/product_brand?post=76986"},{"taxonomy":"product_cat","embeddable":true,"href":"https:\/\/sezona.lv\/en\/wp-json\/wp\/v2\/product_cat?post=76986"},{"taxonomy":"product_tag","embeddable":true,"href":"https:\/\/sezona.lv\/en\/wp-json\/wp\/v2\/product_tag?post=76986"}],"curies":[{"name":"wp","href":"https:\/\/api.w.org\/{rel}","templated":true}]}}