{"id":76987,"date":"2025-07-14T14:59:21","date_gmt":"2025-07-14T11:59:21","guid":{"rendered":"https:\/\/demo8.ecube.lv\/sezona.lv\/products\/karabine-petzl-demi-rond\/"},"modified":"2025-07-14T14:59:21","modified_gmt":"2025-07-14T11:59:21","slug":"karabine-petzl-demi-rond","status":"publish","type":"product","link":"https:\/\/sezona.lv\/en\/products\/karabine-petzl-demi-rond\/","title":{"rendered":"Karab\u012bne Petzl Demi Rond"},"content":{"rendered":"<p><span>Asimetriskas formas alum\u012bnija karab\u012bne 3 virzienu slodz\u0113m. Karab\u012bne piem\u0113rota sist\u0113mu stiprin\u0101jumu punktu savieno&scaron;anai.<\/span><\/p>\n<p>&nbsp;<\/p>\n<ul class=\"item_traits\">\n<li class=\"odd\"><label>Iztur\u012bba:<\/label><span>25\/10 kN<\/span><\/li>\n<li><label>Tips:<\/label><span>D-veida<\/span><\/li>\n<li class=\"odd\"><label>Svars:<\/label><span>60 g<\/span><\/li>\n<\/ul>\n","protected":false},"excerpt":{"rendered":"<p>Asimetriskas formas alum\u012bnija karab\u012bne 3 virzienu slodz\u0113m. Karab\u012bne piem\u0113rota sist\u0113mu stiprin\u0101jumu punktu savieno&scaron;anai. &nbsp; Iztur\u012bba:25\/10 kN Tips:D-veida Svars:60 g<\/p>\n","protected":false},"featured_media":0,"template":"","meta":[],"product_brand":[957],"product_cat":[4851,4875,4880],"product_tag":[],"class_list":{"0":"post-76987","1":"product","2":"type-product","3":"status-publish","5":"product_brand-petzl","6":"product_cat-mountaineering-equipment-recreation","7":"product_cat-for-work-at-height-mountaineering-equipment-recreation","8":"product_cat-carabiners-and-connectors-for-work-at-height-mountaineering-equipment-recreation","10":"first","11":"instock","12":"shipping-taxable","13":"purchasable","14":"product-type-simple"},"_links":{"self":[{"href":"https:\/\/sezona.lv\/en\/wp-json\/wp\/v2\/product\/76987","targetHints":{"allow":["GET"]}}],"collection":[{"href":"https:\/\/sezona.lv\/en\/wp-json\/wp\/v2\/product"}],"about":[{"href":"https:\/\/sezona.lv\/en\/wp-json\/wp\/v2\/types\/product"}],"wp:attachment":[{"href":"https:\/\/sezona.lv\/en\/wp-json\/wp\/v2\/media?parent=76987"}],"wp:term":[{"taxonomy":"product_brand","embeddable":true,"href":"https:\/\/sezona.lv\/en\/wp-json\/wp\/v2\/product_brand?post=76987"},{"taxonomy":"product_cat","embeddable":true,"href":"https:\/\/sezona.lv\/en\/wp-json\/wp\/v2\/product_cat?post=76987"},{"taxonomy":"product_tag","embeddable":true,"href":"https:\/\/sezona.lv\/en\/wp-json\/wp\/v2\/product_tag?post=76987"}],"curies":[{"name":"wp","href":"https:\/\/api.w.org\/{rel}","templated":true}]}}