{"id":76988,"date":"2025-07-14T14:59:22","date_gmt":"2025-07-14T11:59:22","guid":{"rendered":"https:\/\/demo8.ecube.lv\/sezona.lv\/products\/karabine-petzl-am-d-screw-lock\/"},"modified":"2025-07-14T14:59:22","modified_gmt":"2025-07-14T11:59:22","slug":"karabine-petzl-am-d-screw-lock","status":"publish","type":"product","link":"https:\/\/sezona.lv\/en\/products\/karabine-petzl-am-d-screw-lock\/","title":{"rendered":"Karab\u012bne Petzl Am`D Screw Lock"},"content":{"rendered":"<p><span>Asimetriskas formas karab\u012bne ar skr\u016bv\u0113jamu aizdari.<\/span><br \/><span>\u012apa&scaron;i piem\u0113rota ekip\u0113juma stiprin\u0101&scaron;anai (virv\u0113m, dro&scaron;in\u0101&scaron;anas ier\u012bc\u0113m). T\u0101 izgatavota \u012bpa&scaron;i iztur\u012bga un dro&scaron;a. \u012apa&scaron;a sarkana atz\u012bme uz karab\u012bnes skr\u016bv\u0113jam\u0101s da\u013cas kalpo k\u0101 br\u012bdin\u0101jums par to, ka karab\u012bne ir atv\u0113rt\u0101 st\u0101vokl\u012b.<\/span><\/p>\n<p>&nbsp;<\/p>\n<ul class=\"item_traits\">\n<li class=\"odd\"><label>Aizdares meh\u0101nisms:<\/label><span>SCREW-LOCK<\/span><\/li>\n<li><label>Iztur\u012bba:<\/label><span>28\/8\/7 kN<\/span><\/li>\n<li class=\"odd\"><label>Muftas atvere:<\/label><span>21 mm<\/span><\/li>\n<li><label>Tips:<\/label><span>D-veida<\/span><\/li>\n<li class=\"odd\"><label>Svars:<\/label><span>80 g<\/span><\/li>\n<\/ul>\n","protected":false},"excerpt":{"rendered":"<p>Asimetriskas formas karab\u012bne ar skr\u016bv\u0113jamu aizdari.\u012apa&scaron;i piem\u0113rota ekip\u0113juma stiprin\u0101&scaron;anai (virv\u0113m, dro&scaron;in\u0101&scaron;anas ier\u012bc\u0113m). T\u0101 izgatavota \u012bpa&scaron;i iztur\u012bga un dro&scaron;a. \u012apa&scaron;a sarkana atz\u012bme uz karab\u012bnes skr\u016bv\u0113jam\u0101s da\u013cas kalpo k\u0101 br\u012bdin\u0101jums par to, ka karab\u012bne ir atv\u0113rt\u0101 st\u0101vokl\u012b. &nbsp; Aizdares meh\u0101nisms:SCREW-LOCK Iztur\u012bba:28\/8\/7 kN Muftas atvere:21 mm Tips:D-veida Svars:80 g<\/p>\n","protected":false},"featured_media":0,"template":"","meta":[],"product_brand":[957],"product_cat":[4851,4875,4880],"product_tag":[],"class_list":{"0":"post-76988","1":"product","2":"type-product","3":"status-publish","5":"product_brand-petzl","6":"product_cat-mountaineering-equipment-recreation","7":"product_cat-for-work-at-height-mountaineering-equipment-recreation","8":"product_cat-carabiners-and-connectors-for-work-at-height-mountaineering-equipment-recreation","10":"first","11":"instock","12":"shipping-taxable","13":"purchasable","14":"product-type-simple"},"_links":{"self":[{"href":"https:\/\/sezona.lv\/en\/wp-json\/wp\/v2\/product\/76988","targetHints":{"allow":["GET"]}}],"collection":[{"href":"https:\/\/sezona.lv\/en\/wp-json\/wp\/v2\/product"}],"about":[{"href":"https:\/\/sezona.lv\/en\/wp-json\/wp\/v2\/types\/product"}],"wp:attachment":[{"href":"https:\/\/sezona.lv\/en\/wp-json\/wp\/v2\/media?parent=76988"}],"wp:term":[{"taxonomy":"product_brand","embeddable":true,"href":"https:\/\/sezona.lv\/en\/wp-json\/wp\/v2\/product_brand?post=76988"},{"taxonomy":"product_cat","embeddable":true,"href":"https:\/\/sezona.lv\/en\/wp-json\/wp\/v2\/product_cat?post=76988"},{"taxonomy":"product_tag","embeddable":true,"href":"https:\/\/sezona.lv\/en\/wp-json\/wp\/v2\/product_tag?post=76988"}],"curies":[{"name":"wp","href":"https:\/\/api.w.org\/{rel}","templated":true}]}}